{"id":1004,"date":"2020-08-29T08:58:06","date_gmt":"2020-08-29T08:58:06","guid":{"rendered":"http:\/\/kurse.praenatal-zuerich.ch\/?page_id=1004"},"modified":"2022-06-06T04:55:02","modified_gmt":"2022-06-06T03:55:02","slug":"hands-on-online-herbst-2020","status":"publish","type":"page","link":"https:\/\/kurse.praenatal-zuerich.ch\/?page_id=1004","title":{"rendered":"Skills, Herbst 2022"},"content":{"rendered":"<div id=\"metaslider-id-1167\" style=\"max-width: 800px;\" class=\"ml-slider-3-108-0 metaslider metaslider-flex metaslider-1167 ml-slider has-dots-nav ms-theme-disjoint\" role=\"region\" aria-label=\"Skills\" data-height=\"300\" data-width=\"800\">\n    <div id=\"metaslider_container_1167\">\n        <div id=\"metaslider_1167\">\n            <ul class='slides'>\n                <li style=\"display: block; width: 100%;\" class=\"slide-1352 ms-image \" aria-roledescription=\"slide\" data-date=\"2021-02-27 18:33:26\" data-filename=\"Skills-700x300-1-700x262.jpg\" data-slide-type=\"image\"><img loading=\"lazy\" decoding=\"async\" src=\"https:\/\/kurse.praenatal-zuerich.ch\/wp-content\/uploads\/2021\/02\/Skills-700x300-1-700x262.jpg\" height=\"300\" width=\"800\" alt=\"\" class=\"slider-1167 slide-1352 msDefaultImage\" title=\"Skills 700x300\" \/><\/li>\n                <li style=\"display: none; width: 100%;\" class=\"slide-1353 ms-image \" aria-roledescription=\"slide\" data-date=\"2021-02-27 18:33:26\" data-filename=\"Zuerisee-2000-wide-75dpi-e1516911054142-522x196.jpg\" data-slide-type=\"image\"><img loading=\"lazy\" decoding=\"async\" src=\"https:\/\/kurse.praenatal-zuerich.ch\/wp-content\/uploads\/2018\/01\/Zuerisee-2000-wide-75dpi-e1516911054142-522x196.jpg\" height=\"300\" width=\"800\" alt=\"\" class=\"slider-1167 slide-1353 msDefaultImage\" title=\"Zuerisee 2000 wide 75dpi\" \/><\/li>\n                <li style=\"display: none; width: 100%;\" class=\"slide-1354 ms-image \" aria-roledescription=\"slide\" data-date=\"2021-02-27 18:33:26\" data-filename=\"auditorium-700x300-1-700x262.jpg\" data-slide-type=\"image\"><img loading=\"lazy\" decoding=\"async\" src=\"https:\/\/kurse.praenatal-zuerich.ch\/wp-content\/uploads\/2021\/02\/auditorium-700x300-1-700x262.jpg\" height=\"300\" width=\"800\" alt=\"\" class=\"slider-1167 slide-1354 msDefaultImage\" title=\"auditorium 700x300\" \/><\/li>\n            <\/ul>\n        <\/div>\n        \n    <\/div>\n<\/div>\n\n\n\n<h3 class=\"wp-block-heading\" id=\"praktische-durchfuhrung-der-wichtigsten-pranatalen-ultraschall-techniken-sommer-2022\">Praktische Durchf\u00fchrung der wichtigsten pr\u00e4natalen Ultraschall-Techniken (Herbst 2022)<\/h3>\n\n\n\n<p>Anmeldung (\u00f6ffnet demn\u00e4chst) I Flyer I Programm I Kursmaterial I <a href=\"https:\/\/kurse.praenatal-zuerich.ch\/?page_id=3103\" data-type=\"page\" data-id=\"3103\">Wichtige technische Hinweise<\/a><\/p>\n\n\n\n<p>Hands-on online: Wie geht das denn?<\/p>\n\n\n\n<p>In diesem Webinar nehmen praktische Demonstrationen einen breiten Raum ein. Verfolgen Sie live und interaktiv, wie Experten Schwangere untersuchen und Basis- und erweiterte Techniken anwenden, die Sie jeden Tag bei Ihrer Arbeit nutzen k\u00f6nnen. Lernen Sie Tipps und Kniffe, und erweitern Sie Ihr pers\u00f6nlichen diagnostisches Spektrum.<\/p>\n\n\n\n<p>Dieser Kurs erfolgt in bekannter Art als Webinar, aber mit eine deutlich erweiterten hands-on-Teil. Nutzen Sie den M\u00f6glichkeit der Interaktion mit den Referenten und Diskussionsteilnehmern.<\/p>\n\n\n\n<p>Kursinhalte:<\/p>\n\n\n\n<ul class=\"wp-block-list\"><li>Das A bis Z der Routineuntersuchungen<\/li><li>Herz: Basisuntersuchung, erweiterte Untersuchung<\/li><li>Doppler: Techniken und Tricks<\/li><li>3D: Medizinischer Nutzen und Oberfl\u00e4chendarstellung<\/li><li>Gehirn: 2D, 3D, neue Screening-Aspekte<\/li><\/ul>\n\n\n\n<div class=\"wp-block-buttons is-layout-flex wp-block-buttons-is-layout-flex\">\n<div class=\"wp-block-button\"><a class=\"wp-block-button__link\">Registrierung (\u00f6ffnet demn\u00e4chst)<\/a><\/div>\n<\/div>\n","protected":false},"excerpt":{"rendered":"<p>Praktische Durchf\u00fchrung der wichtigsten pr\u00e4natalen Ultraschall-Techniken (Herbst 2022) Anmeldung (\u00f6ffnet demn\u00e4chst) I Flyer I Programm I Kursmaterial I Wichtige technische [&hellip;]<\/p>\n","protected":false},"author":1,"featured_media":0,"parent":103,"menu_order":-41,"comment_status":"closed","ping_status":"closed","template":"page-templates\/full-width.php","meta":{"site-sidebar-layout":"default","site-content-layout":"","ast-site-content-layout":"default","site-content-style":"default","site-sidebar-style":"default","ast-global-header-display":"","ast-banner-title-visibility":"","ast-main-header-display":"","ast-hfb-above-header-display":"","ast-hfb-below-header-display":"","ast-hfb-mobile-header-display":"","site-post-title":"","ast-breadcrumbs-content":"","ast-featured-img":"","footer-sml-layout":"","ast-disable-related-posts":"","theme-transparent-header-meta":"","adv-header-id-meta":"","stick-header-meta":"","header-above-stick-meta":"","header-main-stick-meta":"","header-below-stick-meta":"","astra-migrate-meta-layouts":"default","ast-page-background-enabled":"default","ast-page-background-meta":{"desktop":{"background-color":"var(--ast-global-color-5)","background-image":"","background-repeat":"repeat","background-position":"center center","background-size":"auto","background-attachment":"scroll","background-type":"","background-media":"","overlay-type":"","overlay-color":"","overlay-opacity":"","overlay-gradient":""},"tablet":{"background-color":"","background-image":"","background-repeat":"repeat","background-position":"center center","background-size":"auto","background-attachment":"scroll","background-type":"","background-media":"","overlay-type":"","overlay-color":"","overlay-opacity":"","overlay-gradient":""},"mobile":{"background-color":"","background-image":"","background-repeat":"repeat","background-position":"center center","background-size":"auto","background-attachment":"scroll","background-type":"","background-media":"","overlay-type":"","overlay-color":"","overlay-opacity":"","overlay-gradient":""}},"ast-content-background-meta":{"desktop":{"background-color":"var(--ast-global-color-4)","background-image":"","background-repeat":"repeat","background-position":"center center","background-size":"auto","background-attachment":"scroll","background-type":"","background-media":"","overlay-type":"","overlay-color":"","overlay-opacity":"","overlay-gradient":""},"tablet":{"background-color":"var(--ast-global-color-4)","background-image":"","background-repeat":"repeat","background-position":"center center","background-size":"auto","background-attachment":"scroll","background-type":"","background-media":"","overlay-type":"","overlay-color":"","overlay-opacity":"","overlay-gradient":""},"mobile":{"background-color":"var(--ast-global-color-4)","background-image":"","background-repeat":"repeat","background-position":"center center","background-size":"auto","background-attachment":"scroll","background-type":"","background-media":"","overlay-type":"","overlay-color":"","overlay-opacity":"","overlay-gradient":""}},"footnotes":""},"class_list":["post-1004","page","type-page","status-publish","hentry"],"_links":{"self":[{"href":"https:\/\/kurse.praenatal-zuerich.ch\/index.php?rest_route=\/wp\/v2\/pages\/1004","targetHints":{"allow":["GET"]}}],"collection":[{"href":"https:\/\/kurse.praenatal-zuerich.ch\/index.php?rest_route=\/wp\/v2\/pages"}],"about":[{"href":"https:\/\/kurse.praenatal-zuerich.ch\/index.php?rest_route=\/wp\/v2\/types\/page"}],"author":[{"embeddable":true,"href":"https:\/\/kurse.praenatal-zuerich.ch\/index.php?rest_route=\/wp\/v2\/users\/1"}],"replies":[{"embeddable":true,"href":"https:\/\/kurse.praenatal-zuerich.ch\/index.php?rest_route=%2Fwp%2Fv2%2Fcomments&post=1004"}],"version-history":[{"count":25,"href":"https:\/\/kurse.praenatal-zuerich.ch\/index.php?rest_route=\/wp\/v2\/pages\/1004\/revisions"}],"predecessor-version":[{"id":5227,"href":"https:\/\/kurse.praenatal-zuerich.ch\/index.php?rest_route=\/wp\/v2\/pages\/1004\/revisions\/5227"}],"up":[{"embeddable":true,"href":"https:\/\/kurse.praenatal-zuerich.ch\/index.php?rest_route=\/wp\/v2\/pages\/103"}],"wp:attachment":[{"href":"https:\/\/kurse.praenatal-zuerich.ch\/index.php?rest_route=%2Fwp%2Fv2%2Fmedia&parent=1004"}],"curies":[{"name":"wp","href":"https:\/\/api.w.org\/{rel}","templated":true}]}}