{"id":103,"date":"2018-03-03T16:57:19","date_gmt":"2018-03-03T16:57:19","guid":{"rendered":"http:\/\/kurse.praenatal-zuerich.ch\/?page_id=103"},"modified":"2026-04-09T04:49:12","modified_gmt":"2026-04-09T03:49:12","slug":"tmp_start","status":"publish","type":"page","link":"https:\/\/kurse.praenatal-zuerich.ch\/?page_id=103","title":{"rendered":"Home"},"content":{"rendered":"\n<p>\u00dcber diese Webseite finden Sie die Fortbildungsangebote von kurse.fetal.ch sowie <a href=\"https:\/\/kurse.praenatal-zuerich.ch\/?page_id=10395\" data-type=\"page\" data-id=\"10395\"><strong>Beispiele aus aktuellen Vortr\u00e4gen<\/strong><\/a>. Das Fortbildungsangebot umfasst die digitale Lernplatform (einzelne Vorlesungen und komplette, teils mehrt\u00e4gige Kurse &#8222;on demand&#8220;), Pr\u00e4senzkurse und reine online-Veranstaltungen.<\/p>\n\n\n\n<hr class=\"wp-block-separator has-alpha-channel-opacity\"\/>\n\n\n\n<figure class=\"wp-block-image size-large\"><a href=\"https:\/\/on-demand.courses\"><img loading=\"lazy\" decoding=\"async\" width=\"1024\" height=\"207\" src=\"https:\/\/kurse.praenatal-zuerich.ch\/wp-content\/uploads\/2024\/09\/Header-Webseite-03-on-demand-1024x207.jpg\" alt=\"\" class=\"wp-image-11821\" srcset=\"https:\/\/kurse.praenatal-zuerich.ch\/wp-content\/uploads\/2024\/09\/Header-Webseite-03-on-demand-1024x207.jpg 1024w, https:\/\/kurse.praenatal-zuerich.ch\/wp-content\/uploads\/2024\/09\/Header-Webseite-03-on-demand-300x61.jpg 300w, https:\/\/kurse.praenatal-zuerich.ch\/wp-content\/uploads\/2024\/09\/Header-Webseite-03-on-demand-768x155.jpg 768w, https:\/\/kurse.praenatal-zuerich.ch\/wp-content\/uploads\/2024\/09\/Header-Webseite-03-on-demand-624x126.jpg 624w, https:\/\/kurse.praenatal-zuerich.ch\/wp-content\/uploads\/2024\/09\/Header-Webseite-03-on-demand.jpg 1185w\" sizes=\"auto, (max-width: 1024px) 100vw, 1024px\" \/><\/a><\/figure>\n\n\n\n<p><strong>Fortbildung, wenn SIE Zeit habe! Besuchen Sie unser <a href=\"http:\/\/on-demand.courses\">neues FB-Portal<\/a> u.a. mit Herz-Ultraschall, Pr\u00e4natale Genetik, Praxis-Organisation, Peripartaler Blutung, Gyn\u00e4kologischer Ultraschall, Geburtsmedizinischer Intensivkurs GIB (2024 und 2025) u.a.<\/strong><\/p>\n\n\n\n<p class=\"has-dark-gray-color has-text-color has-link-color wp-elements-150997b6b57560dafcc14340645bb8d6\">Enthalten sind u.a. die SGGG-<strong><a href=\"https:\/\/kurse.praenatal-zuerich.ch\/?page_id=13167\" data-type=\"page\" data-id=\"13167\">TARDOC-Kurse<\/a><\/strong> auf deutsch und auf franz\u00f6sisch, der gesamte Geburtsmedizinische Intensivkurs der Charit\u00e9 Geburtsmedizin und diverse Pr\u00e4natal-und geburtsmedizinische Fortbildungen (ehemalige online-Kurse) sowie ein Ganztageskurs Gyn\u00e4kologischer Ultraschall zum DEGUM-Curriculum.<\/p>\n\n\n\n<hr class=\"wp-block-separator has-alpha-channel-opacity\"\/>\n\n\n\n<figure class=\"wp-block-image size-large\"><a href=\"https:\/\/kurse.praenatal-zuerich.ch\/?page_id=11426\"><img loading=\"lazy\" decoding=\"async\" width=\"1024\" height=\"209\" src=\"https:\/\/kurse.praenatal-zuerich.ch\/wp-content\/uploads\/2024\/09\/Header-Webseite-01-Praesenz-1024x209.jpg\" alt=\"\" class=\"wp-image-11817\" srcset=\"https:\/\/kurse.praenatal-zuerich.ch\/wp-content\/uploads\/2024\/09\/Header-Webseite-01-Praesenz-1024x209.jpg 1024w, https:\/\/kurse.praenatal-zuerich.ch\/wp-content\/uploads\/2024\/09\/Header-Webseite-01-Praesenz-300x61.jpg 300w, https:\/\/kurse.praenatal-zuerich.ch\/wp-content\/uploads\/2024\/09\/Header-Webseite-01-Praesenz-768x156.jpg 768w, https:\/\/kurse.praenatal-zuerich.ch\/wp-content\/uploads\/2024\/09\/Header-Webseite-01-Praesenz-624x127.jpg 624w, https:\/\/kurse.praenatal-zuerich.ch\/wp-content\/uploads\/2024\/09\/Header-Webseite-01-Praesenz.jpg 1183w\" sizes=\"auto, (max-width: 1024px) 100vw, 1024px\" \/><\/a><\/figure>\n\n\n\n<ul class=\"wp-block-list\">\n<li class=\"has-medium-font-size\"><strong>Fr.\/Sa. 08.\/09.05.26<\/strong> Pr\u00e4senz und online (<strong>hybrid<\/strong>-) Fortbildung in <strong>D-Berlin<\/strong> I <strong><em>ISLAND 2026: Intrapartum ultrasound<\/em><\/strong> (Course and congress in English) I 14 SGUM-Fortbildungspunkte (erteilt) I SGGG-Credits (beantragt)  <a href=\"https:\/\/kurse.praenatal-zuerich.ch\/?page_id=13132\" data-type=\"page\" data-id=\"13132\">Details I Anmeldung<\/a> <\/li>\n\n\n\n<li class=\"has-medium-font-size\"><strong>Do. 21.05.26 <\/strong>Pr\u00e4senz und online (<strong>hybrid<\/strong>-) Fortbildung in <strong>Z\u00fcrich<\/strong> I <strong>DER ultimative Kurs zur Biometrie 1 \/ Erstes Screening \/ NT-Screening \/ NIPT \/ Pr\u00e4eklampsie-Screening<\/strong> I SGGG-Credits beantragt &#8211; 4 SGUM-Fortbildungspunkte (erteilt) I Klinik Bethanien I <a href=\"https:\/\/kurse.praenatal-zuerich.ch\/?page_id=14539\">Details I Anmeldung<\/a><\/li>\n<\/ul>\n\n\n\n<hr class=\"wp-block-separator has-alpha-channel-opacity is-style-default\"\/>\n\n\n\n<figure class=\"wp-block-image size-large\"><img loading=\"lazy\" decoding=\"async\" width=\"1024\" height=\"208\" src=\"https:\/\/kurse.praenatal-zuerich.ch\/wp-content\/uploads\/2024\/09\/Header-Webseite-02-online-1024x208.jpg\" alt=\"\" class=\"wp-image-11822\" srcset=\"https:\/\/kurse.praenatal-zuerich.ch\/wp-content\/uploads\/2024\/09\/Header-Webseite-02-online-1024x208.jpg 1024w, https:\/\/kurse.praenatal-zuerich.ch\/wp-content\/uploads\/2024\/09\/Header-Webseite-02-online-300x61.jpg 300w, https:\/\/kurse.praenatal-zuerich.ch\/wp-content\/uploads\/2024\/09\/Header-Webseite-02-online-768x156.jpg 768w, https:\/\/kurse.praenatal-zuerich.ch\/wp-content\/uploads\/2024\/09\/Header-Webseite-02-online-624x127.jpg 624w, https:\/\/kurse.praenatal-zuerich.ch\/wp-content\/uploads\/2024\/09\/Header-Webseite-02-online.jpg 1185w\" sizes=\"auto, (max-width: 1024px) 100vw, 1024px\" \/><\/figure>\n\n\n\n<p>Die wachsende liste an on-demand-Veranstaltungen f\u00fcllen sich aus den Kurse, die mittlerweile mehrheitlich hybrid (Anwesenheit vor Ort uns <strong>online<\/strong>) veranstaltet werden, und aus reinen online-Forbildungsangeboten.<\/p>\n\n\n\n<hr class=\"wp-block-separator has-alpha-channel-opacity is-style-default\"\/>\n\n\n\n<h2 class=\"wp-block-heading\">Stimme von Kursteilnehmern<\/h2>\n\n\n\n<p><em>Bin noch immer beschwingt von dem Zoom-Meeting am Donnerstag.&nbsp;Das ist eine wirklich tolle Art der Vermittlung von Wissen und Fertigkeiten, ungleich besser als alles, was man in stickigen Kongre\u00dfhauss\u00e4len zwischen den Vorhangs-Aufh\u00e4ngungsseilen&nbsp; und Beleuchungskabeln auf einer backstage aufgebauten Schall-Liege je pr\u00e4sentieren kann! Das bist Du ein echter Pionier! &#8211; Teilnehmer 05.09.24<\/em><\/p>\n\n\n\n<p><em>Es gibt Weiterbildungen, die das Gef\u00fchl hinterlassen, die Referenten h\u00e4tten ex cathedr\u0101 herab dem zwar gesch\u00e4tzten, aber etwas einfachen Publikum einen huldvollen Dienst erwiesen&#8230; Dann gibt es die Weiterbildungen, bei denen die Freude an der Wissensvermittlung buchst\u00e4blich greifbar wird und man ebenso Freude empfindet, ein Teil der Zuh\u00f6rerschaft zu sein \u2013 dazu z\u00e4hle ich die eben erlebte Veranstaltung. Mehr braucht dazu nicht gesagt zu werden. Ihnen und den Referenten meinen herzlichen Dank-Teilnehmer GIB 2024<\/em><\/p>\n\n\n\n<p><em>J&#8217;adore vos cours! Only good videos et contenu de haute qualit\u00e9. Merci-Teilnehmerin 06.04.24<\/em><\/p>\n\n\n\n<p><em>Vielen Dank noch einem f\u00fcr die Weiterbildung am Samstag. Hatte viele Highlights und war aus meiner Sicht eine der besten Weiterbildungen in letzter Zeit.-Teilnehmerin 06.04.24<\/em><\/p>\n\n\n\n<hr class=\"wp-block-separator has-alpha-channel-opacity\"\/>\n\n\n\n<p>Partner<\/p>\n\n\n\n<p>Seit dem Fr\u00fchjahr 2024 kooperieren wir mit <a href=\"https:\/\/www.keck-media.com\/veranstaltungen\/\">Keck-Media<\/a>, die online-Seminare mit dem Schwerpunkt Gyn\u00e4kologischen Endokrinologie anbieten (<a href=\"https:\/\/www.keck-media.com\/veranstaltungen\/\">Veranstaltungen hier<\/a>).<\/p>\n\n\n\n<p class=\"has-white-color has-white-background-color has-text-color has-background has-link-color has-medium-font-size wp-elements-e69d130552dcd89ee54f5558b1560107\"><\/p>\n","protected":false},"excerpt":{"rendered":"<p>\u00dcber diese Webseite finden Sie die Fortbildungsangebote von kurse.fetal.ch sowie Beispiele aus aktuellen Vortr\u00e4gen. Das Fortbildungsangebot umfasst die digitale Lernplatform [&hellip;]<\/p>\n","protected":false},"author":1,"featured_media":0,"parent":0,"menu_order":0,"comment_status":"closed","ping_status":"closed","template":"page-templates\/full-width.php","meta":{"site-sidebar-layout":"default","site-content-layout":"","ast-site-content-layout":"default","site-content-style":"default","site-sidebar-style":"default","ast-global-header-display":"","ast-banner-title-visibility":"","ast-main-header-display":"","ast-hfb-above-header-display":"","ast-hfb-below-header-display":"","ast-hfb-mobile-header-display":"","site-post-title":"","ast-breadcrumbs-content":"","ast-featured-img":"","footer-sml-layout":"","ast-disable-related-posts":"","theme-transparent-header-meta":"","adv-header-id-meta":"","stick-header-meta":"","header-above-stick-meta":"","header-main-stick-meta":"","header-below-stick-meta":"","astra-migrate-meta-layouts":"default","ast-page-background-enabled":"default","ast-page-background-meta":{"desktop":{"background-color":"var(--ast-global-color-5)","background-image":"","background-repeat":"repeat","background-position":"center center","background-size":"auto","background-attachment":"scroll","background-type":"","background-media":"","overlay-type":"","overlay-color":"","overlay-opacity":"","overlay-gradient":""},"tablet":{"background-color":"","background-image":"","background-repeat":"repeat","background-position":"center center","background-size":"auto","background-attachment":"scroll","background-type":"","background-media":"","overlay-type":"","overlay-color":"","overlay-opacity":"","overlay-gradient":""},"mobile":{"background-color":"","background-image":"","background-repeat":"repeat","background-position":"center center","background-size":"auto","background-attachment":"scroll","background-type":"","background-media":"","overlay-type":"","overlay-color":"","overlay-opacity":"","overlay-gradient":""}},"ast-content-background-meta":{"desktop":{"background-color":"var(--ast-global-color-4)","background-image":"","background-repeat":"repeat","background-position":"center center","background-size":"auto","background-attachment":"scroll","background-type":"","background-media":"","overlay-type":"","overlay-color":"","overlay-opacity":"","overlay-gradient":""},"tablet":{"background-color":"var(--ast-global-color-4)","background-image":"","background-repeat":"repeat","background-position":"center center","background-size":"auto","background-attachment":"scroll","background-type":"","background-media":"","overlay-type":"","overlay-color":"","overlay-opacity":"","overlay-gradient":""},"mobile":{"background-color":"var(--ast-global-color-4)","background-image":"","background-repeat":"repeat","background-position":"center center","background-size":"auto","background-attachment":"scroll","background-type":"","background-media":"","overlay-type":"","overlay-color":"","overlay-opacity":"","overlay-gradient":""}},"footnotes":""},"class_list":["post-103","page","type-page","status-publish","hentry"],"_links":{"self":[{"href":"https:\/\/kurse.praenatal-zuerich.ch\/index.php?rest_route=\/wp\/v2\/pages\/103","targetHints":{"allow":["GET"]}}],"collection":[{"href":"https:\/\/kurse.praenatal-zuerich.ch\/index.php?rest_route=\/wp\/v2\/pages"}],"about":[{"href":"https:\/\/kurse.praenatal-zuerich.ch\/index.php?rest_route=\/wp\/v2\/types\/page"}],"author":[{"embeddable":true,"href":"https:\/\/kurse.praenatal-zuerich.ch\/index.php?rest_route=\/wp\/v2\/users\/1"}],"replies":[{"embeddable":true,"href":"https:\/\/kurse.praenatal-zuerich.ch\/index.php?rest_route=%2Fwp%2Fv2%2Fcomments&post=103"}],"version-history":[{"count":432,"href":"https:\/\/kurse.praenatal-zuerich.ch\/index.php?rest_route=\/wp\/v2\/pages\/103\/revisions"}],"predecessor-version":[{"id":15130,"href":"https:\/\/kurse.praenatal-zuerich.ch\/index.php?rest_route=\/wp\/v2\/pages\/103\/revisions\/15130"}],"wp:attachment":[{"href":"https:\/\/kurse.praenatal-zuerich.ch\/index.php?rest_route=%2Fwp%2Fv2%2Fmedia&parent=103"}],"curies":[{"name":"wp","href":"https:\/\/api.w.org\/{rel}","templated":true}]}}