{"id":10344,"date":"2024-04-13T10:09:22","date_gmt":"2024-04-13T09:09:22","guid":{"rendered":"https:\/\/kurse.praenatal-zuerich.ch\/?page_id=10344"},"modified":"2025-03-09T18:52:17","modified_gmt":"2025-03-09T17:52:17","slug":"einleitung-bel-wendung-sectio-pph","status":"publish","type":"page","link":"https:\/\/kurse.praenatal-zuerich.ch\/?page_id=10344","title":{"rendered":"Aktuelle Kurse"},"content":{"rendered":"\n<figure class=\"wp-block-image size-large\"><img loading=\"lazy\" decoding=\"async\" width=\"1024\" height=\"208\" src=\"https:\/\/kurse.praenatal-zuerich.ch\/wp-content\/uploads\/2024\/09\/Header-Webseite-02-online-1024x208.jpg\" alt=\"\" class=\"wp-image-11822\" srcset=\"https:\/\/kurse.praenatal-zuerich.ch\/wp-content\/uploads\/2024\/09\/Header-Webseite-02-online-1024x208.jpg 1024w, https:\/\/kurse.praenatal-zuerich.ch\/wp-content\/uploads\/2024\/09\/Header-Webseite-02-online-300x61.jpg 300w, https:\/\/kurse.praenatal-zuerich.ch\/wp-content\/uploads\/2024\/09\/Header-Webseite-02-online-768x156.jpg 768w, https:\/\/kurse.praenatal-zuerich.ch\/wp-content\/uploads\/2024\/09\/Header-Webseite-02-online-624x127.jpg 624w, https:\/\/kurse.praenatal-zuerich.ch\/wp-content\/uploads\/2024\/09\/Header-Webseite-02-online.jpg 1185w\" sizes=\"auto, (max-width: 1024px) 100vw, 1024px\" \/><\/figure>\n\n\n\n<p>Die Kursreihen &#8222;Geburtsmedizin&#8220; und &#8222;Pr\u00e4natal praktisch&#8220; behandeln wichtige, aktuelle Themen in k\u00fcrzeren Kursen (ein bis zweieinhalb Stunden). In den &#8222;Pr\u00e4natal praktisch&#8220;-Kursen werden einzelne Themen (Herz, Erstes Trimester, Organ-Ultraschall) in einer Vorlesung kurz eingef\u00fchrt und dann live und an Schwangeren vorgef\u00fchrt. Seit Oktober 2025 wird auch die anstehende Abrechnungssystematik TARDOC behandelt. <\/p>\n\n\n\n<p>Sie k\u00f6nnen <strong><a href=\"https:\/\/kurse.praenatal-zuerich.ch\/?page_id=10395\" data-type=\"page\" data-id=\"10395\">hier Beispiele aus aktuellen Vortr\u00e4gen<\/a> <\/strong>ansehen und <a href=\"https:\/\/kurse.praenatal-zuerich.ch\/?page_id=10703\" data-type=\"page\" data-id=\"10703\"><strong>lesen, was Teilnehmer unserer Kurse schrieben<\/strong><\/a>.<\/p>\n\n\n\n<hr class=\"wp-block-separator has-alpha-channel-opacity\"\/>\n\n\n\n<h1 class=\"wp-block-heading\"><a href=\"https:\/\/kurse.praenatal-zuerich.ch\/?page_id=12490\" data-type=\"page\" data-id=\"12490\">Zur\u00fcckliegende Kurse<\/a><\/h1>\n\n\n\n<h2 class=\"wp-block-heading\">jetzt <a href=\"http:\/\/on-demand.courses\">teils on demand verf\u00fcgbar<\/a><\/h2>\n","protected":false},"excerpt":{"rendered":"<p>Die Kursreihen &#8222;Geburtsmedizin&#8220; und &#8222;Pr\u00e4natal praktisch&#8220; behandeln wichtige, aktuelle Themen in k\u00fcrzeren Kursen (ein bis zweieinhalb Stunden). In den &#8222;Pr\u00e4natal [&hellip;]<\/p>\n","protected":false},"author":1,"featured_media":0,"parent":0,"menu_order":0,"comment_status":"closed","ping_status":"closed","template":"page-templates\/full-width.php","meta":{"site-sidebar-layout":"default","site-content-layout":"","ast-site-content-layout":"default","site-content-style":"default","site-sidebar-style":"default","ast-global-header-display":"","ast-banner-title-visibility":"","ast-main-header-display":"","ast-hfb-above-header-display":"","ast-hfb-below-header-display":"","ast-hfb-mobile-header-display":"","site-post-title":"","ast-breadcrumbs-content":"","ast-featured-img":"","footer-sml-layout":"","ast-disable-related-posts":"","theme-transparent-header-meta":"","adv-header-id-meta":"","stick-header-meta":"","header-above-stick-meta":"","header-main-stick-meta":"","header-below-stick-meta":"","astra-migrate-meta-layouts":"default","ast-page-background-enabled":"default","ast-page-background-meta":{"desktop":{"background-color":"var(--ast-global-color-5)","background-image":"","background-repeat":"repeat","background-position":"center center","background-size":"auto","background-attachment":"scroll","background-type":"","background-media":"","overlay-type":"","overlay-color":"","overlay-opacity":"","overlay-gradient":""},"tablet":{"background-color":"","background-image":"","background-repeat":"repeat","background-position":"center center","background-size":"auto","background-attachment":"scroll","background-type":"","background-media":"","overlay-type":"","overlay-color":"","overlay-opacity":"","overlay-gradient":""},"mobile":{"background-color":"","background-image":"","background-repeat":"repeat","background-position":"center center","background-size":"auto","background-attachment":"scroll","background-type":"","background-media":"","overlay-type":"","overlay-color":"","overlay-opacity":"","overlay-gradient":""}},"ast-content-background-meta":{"desktop":{"background-color":"var(--ast-global-color-4)","background-image":"","background-repeat":"repeat","background-position":"center center","background-size":"auto","background-attachment":"scroll","background-type":"","background-media":"","overlay-type":"","overlay-color":"","overlay-opacity":"","overlay-gradient":""},"tablet":{"background-color":"var(--ast-global-color-4)","background-image":"","background-repeat":"repeat","background-position":"center center","background-size":"auto","background-attachment":"scroll","background-type":"","background-media":"","overlay-type":"","overlay-color":"","overlay-opacity":"","overlay-gradient":""},"mobile":{"background-color":"var(--ast-global-color-4)","background-image":"","background-repeat":"repeat","background-position":"center center","background-size":"auto","background-attachment":"scroll","background-type":"","background-media":"","overlay-type":"","overlay-color":"","overlay-opacity":"","overlay-gradient":""}},"footnotes":""},"class_list":["post-10344","page","type-page","status-publish","hentry"],"_links":{"self":[{"href":"https:\/\/kurse.praenatal-zuerich.ch\/index.php?rest_route=\/wp\/v2\/pages\/10344","targetHints":{"allow":["GET"]}}],"collection":[{"href":"https:\/\/kurse.praenatal-zuerich.ch\/index.php?rest_route=\/wp\/v2\/pages"}],"about":[{"href":"https:\/\/kurse.praenatal-zuerich.ch\/index.php?rest_route=\/wp\/v2\/types\/page"}],"author":[{"embeddable":true,"href":"https:\/\/kurse.praenatal-zuerich.ch\/index.php?rest_route=\/wp\/v2\/users\/1"}],"replies":[{"embeddable":true,"href":"https:\/\/kurse.praenatal-zuerich.ch\/index.php?rest_route=%2Fwp%2Fv2%2Fcomments&post=10344"}],"version-history":[{"count":159,"href":"https:\/\/kurse.praenatal-zuerich.ch\/index.php?rest_route=\/wp\/v2\/pages\/10344\/revisions"}],"predecessor-version":[{"id":13090,"href":"https:\/\/kurse.praenatal-zuerich.ch\/index.php?rest_route=\/wp\/v2\/pages\/10344\/revisions\/13090"}],"wp:attachment":[{"href":"https:\/\/kurse.praenatal-zuerich.ch\/index.php?rest_route=%2Fwp%2Fv2%2Fmedia&parent=10344"}],"curies":[{"name":"wp","href":"https:\/\/api.w.org\/{rel}","templated":true}]}}