{"id":10703,"date":"2024-05-26T15:55:20","date_gmt":"2024-05-26T14:55:20","guid":{"rendered":"https:\/\/kurse.praenatal-zuerich.ch\/?page_id=10703"},"modified":"2024-07-06T14:36:12","modified_gmt":"2024-07-06T13:36:12","slug":"teilnehmerstimmen-kurse-fetal-ch","status":"publish","type":"page","link":"https:\/\/kurse.praenatal-zuerich.ch\/?page_id=10703","title":{"rendered":"Teilnehmerstimmen"},"content":{"rendered":"\n<h3 class=\"wp-block-heading\">US-Kurse<\/h3>\n\n\n\n<blockquote class=\"wp-block-quote is-layout-flow wp-block-quote-is-layout-flow\">\n<p>Das gestrige Webinar war mal wieder phantastisch! Sie und auch Ihre Kollegin haben eine hervorragende Didaktik. Es wurden Dinge erkl\u00e4rt, die man sich gar nicht mehr traut zu fragen, wenn man vor vielen Jahren studiert hat und diese Themen damals noch nicht von Grund auf gelehrt worden sind, weil es sie noch nicht im Lehrplan gab. Zudem ist Ihr Auftreten sehr bescheiden und unaufgeregt jedoch keineswegs langweilig. Ich danke Ihnen sehr f\u00fcr Ihre exzellente Arbeit und freue mich schon auf das n\u00e4chste Webinar. (Leider musste ich mit meinem Natel teilnehmen und bin aufgrund eines Telefonats wegen Pikettdienst aus dem Zoom geworfen worden und musste mich m\u00fchsam wieder einw\u00e4hlen\/ nur als technischer Hinweis)<\/p>\n<cite>Teilnehmerin US-Kurs 04.07.24<\/cite><\/blockquote>\n\n\n\n<blockquote class=\"wp-block-quote is-layout-flow wp-block-quote-is-layout-flow\">\n<p>Vielen Dank noch einem f\u00fcr die Weiterbildung am Samstag. Hatte viele Highlights und war aus meiner Sicht eine der besten Weiterbildungen in letzter Zeit.<\/p>\n<cite>Teilnehmerin US-Kurs 06.04.24<\/cite><\/blockquote>\n\n\n\n<p><a href=\"https:\/\/kurse.praenatal-zuerich.ch\/wp-content\/uploads\/2023\/04\/Auszeichnung-Our-little-secrets.pdf\">Auszeichung f\u00fcr die Referenten vom 23.03.23, verliehen von der teilnehmenden Kinderkardiologin<\/a><\/p>\n\n\n\n<p>Abschlussumfrage Kurs 23.03.23: &#8222;Ich w\u00fcrde einen Kurs von kurse.fetal.ch wie den heutigen meinen Kolleginnen und Kollegen weiterempfehlen&#8220;: <strong>Ja = 99,5%<\/strong><\/p>\n\n\n\n<h3 class=\"wp-block-heading\">Geburtsmedizinischer Intensivkurs GIB<\/h3>\n\n\n\n<p>98,9% der Teilnehmenden des GIB&nbsp;w\u00fcrden Kurs Kolleginnen und Kollegen weiterempfehlen.<\/p>\n\n\n\n<blockquote class=\"wp-block-quote is-layout-flow wp-block-quote-is-layout-flow\">\n<p><em>Es gibt Weiterbildungen, die das Gef\u00fchl hinterlassen, die Referenten h\u00e4tten ex cathedr\u0101 herab dem zwar gesch\u00e4tzten, aber etwas einfachen Publikum einen huldvollen Dienst erwiesen.<\/em> <em>Dann gibt es die Weiterbildungen, bei denen die Freude an der Wissensvermittlung buchst\u00e4blich greifbar wird und man ebenso Freude empfindet, ein Teil der Zuh\u00f6rerschaft zu sein \u2013 dazu z\u00e4hle ich die eben erlebte Veranstaltung.<\/em> Mehr braucht dazu nicht gesagt werden. Ihnen und den Referenten meinen herzlichen Dank.<\/p>\n<cite>Teilnehmer GIB 2024<\/cite><\/blockquote>\n\n\n\n<blockquote class=\"wp-block-quote is-layout-flow wp-block-quote-is-layout-flow\">\n<p>J&#8217;adore vos cours! Only good videos et contenu de haute qualit\u00e9. Merci<\/p>\n<cite>Teilnehmerin GIB 2024<\/cite><\/blockquote>\n\n\n\n<blockquote class=\"wp-block-quote is-layout-flow wp-block-quote-is-layout-flow\">\n<p>F\u00fcr Ihre tollen Kurse in enstpannter Atmosph\u00e4re und Freundlichkeit und h\u00f6chster Fachkompetenz mit den Geschichten aus dem wahren Leben und den Niederungen des Alltags m\u00f6chte ich Ihnen sehr sehr herzlich danken! Die Veranstaltungen sind unglaublich gelungen! Typische Alltagsprobleme werden offen angesprochen, die auch in den grossen Vorzeigekliniken auftreten und nach praktikablen L\u00f6sungen suchen!<\/p>\n\n\n\n<p>Herzlichen Dank f\u00fcr Ihre Einladung zu diesem wie immer perfekt organisierten und hervorragenden Kurs! Inhaltlich sind Ihre Veranstaltungen richtungsweisend und eine Grundlage von unsch\u00e4tzbarem Wert f\u00fcr den klinischen Alltag. Ihre Didaktik offenbart Ihre profunde Wahrnehmung &#8211; san mots- ! Ihrem langj\u00e4hrigen Freund und Kollegen Prof. Henrich bin ich jedesmal dankbar f\u00fcr seine alles umfassende Blick und Handlungsweise- als Chefarzt sicher ein Pionier nicht nur in Deutschland! Insgesamt ein tolles Geschenk -vielen Dank- !!<\/p>\n\n\n\n<p>Vielen herzlichen Dank f\u00fcr die tolle Organisation und den ausgezeichneten und so hilfreichen Vortrag. Hab ihn am Flughafen geh\u00f6rt und war ganz gebannt. Werde mir den Rest im Januar anschauen. Bin gerne auch beim n\u00e4chsten Termin dabei.<\/p>\n\n\n\n<p>Ihnen und allen anderen Referenten ganz herzlichen Dank f\u00fcr die exzellente Weiterbildung. Besser geht es nicht!<\/p>\n<cite>Verschiedene Kommentare von Teilnehmern GIB 2022<\/cite><\/blockquote>\n\n\n\n<p>Abschlussumfrage GIB 2021: &#8222;Was h\u00e4tte besser funktionieren k\u00f6nnen?&#8220; <a href=\"https:\/\/kurse.praenatal-zuerich.ch\/wp-content\/uploads\/2022\/12\/Antworten-der-Teilnehmerinnen-und-Teilnehmer-auf-die-Frage-22-Was-haette-beim-GIB-2022-besser-funktionieren-koennen22.pdf\">Inhaltlich nicht editierte Antworten der Teilnehmer<\/a><\/p>\n\n\n\n<p>Abschlussumfrage GIB 2022: &#8222;Was h\u00e4tte besser funktionieren k\u00f6nnen?&#8220; <a href=\"https:\/\/kurse.praenatal-zuerich.ch\/wp-content\/uploads\/2024\/07\/Abschlussumfrage-GIB-2022.pdf\">Inhaltlich nicht editierte Antworten der Teilnehmer<\/a><\/p>\n","protected":false},"excerpt":{"rendered":"<p>US-Kurse Das gestrige Webinar war mal wieder phantastisch! Sie und auch Ihre Kollegin haben eine hervorragende Didaktik. Es wurden Dinge [&hellip;]<\/p>\n","protected":false},"author":1,"featured_media":0,"parent":0,"menu_order":0,"comment_status":"closed","ping_status":"closed","template":"page-templates\/full-width.php","meta":{"site-sidebar-layout":"default","site-content-layout":"","ast-site-content-layout":"default","site-content-style":"default","site-sidebar-style":"default","ast-global-header-display":"","ast-banner-title-visibility":"","ast-main-header-display":"","ast-hfb-above-header-display":"","ast-hfb-below-header-display":"","ast-hfb-mobile-header-display":"","site-post-title":"","ast-breadcrumbs-content":"","ast-featured-img":"","footer-sml-layout":"","ast-disable-related-posts":"","theme-transparent-header-meta":"","adv-header-id-meta":"","stick-header-meta":"","header-above-stick-meta":"","header-main-stick-meta":"","header-below-stick-meta":"","astra-migrate-meta-layouts":"default","ast-page-background-enabled":"default","ast-page-background-meta":{"desktop":{"background-color":"var(--ast-global-color-5)","background-image":"","background-repeat":"repeat","background-position":"center center","background-size":"auto","background-attachment":"scroll","background-type":"","background-media":"","overlay-type":"","overlay-color":"","overlay-opacity":"","overlay-gradient":""},"tablet":{"background-color":"","background-image":"","background-repeat":"repeat","background-position":"center center","background-size":"auto","background-attachment":"scroll","background-type":"","background-media":"","overlay-type":"","overlay-color":"","overlay-opacity":"","overlay-gradient":""},"mobile":{"background-color":"","background-image":"","background-repeat":"repeat","background-position":"center center","background-size":"auto","background-attachment":"scroll","background-type":"","background-media":"","overlay-type":"","overlay-color":"","overlay-opacity":"","overlay-gradient":""}},"ast-content-background-meta":{"desktop":{"background-color":"var(--ast-global-color-4)","background-image":"","background-repeat":"repeat","background-position":"center center","background-size":"auto","background-attachment":"scroll","background-type":"","background-media":"","overlay-type":"","overlay-color":"","overlay-opacity":"","overlay-gradient":""},"tablet":{"background-color":"var(--ast-global-color-4)","background-image":"","background-repeat":"repeat","background-position":"center center","background-size":"auto","background-attachment":"scroll","background-type":"","background-media":"","overlay-type":"","overlay-color":"","overlay-opacity":"","overlay-gradient":""},"mobile":{"background-color":"var(--ast-global-color-4)","background-image":"","background-repeat":"repeat","background-position":"center center","background-size":"auto","background-attachment":"scroll","background-type":"","background-media":"","overlay-type":"","overlay-color":"","overlay-opacity":"","overlay-gradient":""}},"footnotes":""},"class_list":["post-10703","page","type-page","status-publish","hentry"],"_links":{"self":[{"href":"https:\/\/kurse.praenatal-zuerich.ch\/index.php?rest_route=\/wp\/v2\/pages\/10703","targetHints":{"allow":["GET"]}}],"collection":[{"href":"https:\/\/kurse.praenatal-zuerich.ch\/index.php?rest_route=\/wp\/v2\/pages"}],"about":[{"href":"https:\/\/kurse.praenatal-zuerich.ch\/index.php?rest_route=\/wp\/v2\/types\/page"}],"author":[{"embeddable":true,"href":"https:\/\/kurse.praenatal-zuerich.ch\/index.php?rest_route=\/wp\/v2\/users\/1"}],"replies":[{"embeddable":true,"href":"https:\/\/kurse.praenatal-zuerich.ch\/index.php?rest_route=%2Fwp%2Fv2%2Fcomments&post=10703"}],"version-history":[{"count":11,"href":"https:\/\/kurse.praenatal-zuerich.ch\/index.php?rest_route=\/wp\/v2\/pages\/10703\/revisions"}],"predecessor-version":[{"id":11313,"href":"https:\/\/kurse.praenatal-zuerich.ch\/index.php?rest_route=\/wp\/v2\/pages\/10703\/revisions\/11313"}],"wp:attachment":[{"href":"https:\/\/kurse.praenatal-zuerich.ch\/index.php?rest_route=%2Fwp%2Fv2%2Fmedia&parent=10703"}],"curies":[{"name":"wp","href":"https:\/\/api.w.org\/{rel}","templated":true}]}}