{"id":10867,"date":"2024-06-10T21:28:30","date_gmt":"2024-06-10T20:28:30","guid":{"rendered":"https:\/\/kurse.praenatal-zuerich.ch\/?page_id=10867"},"modified":"2024-11-13T06:55:15","modified_gmt":"2024-11-13T05:55:15","slug":"teilnahmeregeln-kurse-sommer-2024","status":"publish","type":"page","link":"https:\/\/kurse.praenatal-zuerich.ch\/?page_id=10867","title":{"rendered":"Teilnahmeregeln"},"content":{"rendered":"\n<h2 class=\"wp-block-heading\">online-Kurse<\/h2>\n\n\n\n<p>Sie m\u00fcssen sich zuerst zum Kurs ANMELDEN und in einem zweiten Schritt mit einen per email zugesendeten Link REGISTRIEREN. Nur nach\/mit Registrierung ist die online-Teilnahme m\u00f6glich. Verwenden Sie bei der Registrierung bitte unbedingt die email-Adresse, die Sie bei der Anmeldung auf der Kurswebseite angegeben haben. Nach erfolgreicher Registrierung erhalten Sie (von Zoom) per email den TEILNAHME-Link. Nur der Teilnahmelink erm\u00f6glicht den Zugang zur live-Veranstaltung.<\/p>\n\n\n\n<p>Ihre online-Teilnahme <strong>muss von Ihnen am Kurs&nbsp;zweimal<\/strong>&nbsp;online nachgewiesen werden, damit Sie die drei Credits \/ FB-Punke f\u00fcr den Kurs erhalte<\/p>\n\n\n\n<ol class=\"wp-block-list\">\n<li>Bitte treten Sie dem Kurs rechtzeitig bei. Das Beitrittszeit wird als <em>e<strong>rster Anwesenheitsnachweis<\/strong><\/em> ausgewertet.<\/li>\n\n\n\n<li>Bitte bleiben den Kurs \u00fcber mit einem Ger\u00e4t eingeloggt.<\/li>\n\n\n\n<li>Der <em><strong>zweite Anwesenheitsnachweis<\/strong><\/em> ist Ihre Teilnahme an der Abschlusspr\u00fcfung, die in manchen Kurse mit 10 multiple-choice-Fragen (MCQ) am Ende des Kurses erfolgt. Die Referenten werden w\u00e4hrend ihrer Vortr\u00e4ge gezielt auf diese Fragen eingehen.\u00a0<\/li>\n<\/ol>\n","protected":false},"excerpt":{"rendered":"<p>online-Kurse Sie m\u00fcssen sich zuerst zum Kurs ANMELDEN und in einem zweiten Schritt mit einen per email zugesendeten Link REGISTRIEREN. [&hellip;]<\/p>\n","protected":false},"author":1,"featured_media":0,"parent":0,"menu_order":0,"comment_status":"closed","ping_status":"closed","template":"page-templates\/full-width.php","meta":{"site-sidebar-layout":"default","site-content-layout":"","ast-site-content-layout":"default","site-content-style":"default","site-sidebar-style":"default","ast-global-header-display":"","ast-banner-title-visibility":"","ast-main-header-display":"","ast-hfb-above-header-display":"","ast-hfb-below-header-display":"","ast-hfb-mobile-header-display":"","site-post-title":"","ast-breadcrumbs-content":"","ast-featured-img":"","footer-sml-layout":"","ast-disable-related-posts":"","theme-transparent-header-meta":"","adv-header-id-meta":"","stick-header-meta":"","header-above-stick-meta":"","header-main-stick-meta":"","header-below-stick-meta":"","astra-migrate-meta-layouts":"default","ast-page-background-enabled":"default","ast-page-background-meta":{"desktop":{"background-color":"var(--ast-global-color-5)","background-image":"","background-repeat":"repeat","background-position":"center center","background-size":"auto","background-attachment":"scroll","background-type":"","background-media":"","overlay-type":"","overlay-color":"","overlay-opacity":"","overlay-gradient":""},"tablet":{"background-color":"","background-image":"","background-repeat":"repeat","background-position":"center center","background-size":"auto","background-attachment":"scroll","background-type":"","background-media":"","overlay-type":"","overlay-color":"","overlay-opacity":"","overlay-gradient":""},"mobile":{"background-color":"","background-image":"","background-repeat":"repeat","background-position":"center center","background-size":"auto","background-attachment":"scroll","background-type":"","background-media":"","overlay-type":"","overlay-color":"","overlay-opacity":"","overlay-gradient":""}},"ast-content-background-meta":{"desktop":{"background-color":"var(--ast-global-color-4)","background-image":"","background-repeat":"repeat","background-position":"center center","background-size":"auto","background-attachment":"scroll","background-type":"","background-media":"","overlay-type":"","overlay-color":"","overlay-opacity":"","overlay-gradient":""},"tablet":{"background-color":"var(--ast-global-color-4)","background-image":"","background-repeat":"repeat","background-position":"center center","background-size":"auto","background-attachment":"scroll","background-type":"","background-media":"","overlay-type":"","overlay-color":"","overlay-opacity":"","overlay-gradient":""},"mobile":{"background-color":"var(--ast-global-color-4)","background-image":"","background-repeat":"repeat","background-position":"center center","background-size":"auto","background-attachment":"scroll","background-type":"","background-media":"","overlay-type":"","overlay-color":"","overlay-opacity":"","overlay-gradient":""}},"footnotes":""},"class_list":["post-10867","page","type-page","status-publish","hentry"],"_links":{"self":[{"href":"https:\/\/kurse.praenatal-zuerich.ch\/index.php?rest_route=\/wp\/v2\/pages\/10867","targetHints":{"allow":["GET"]}}],"collection":[{"href":"https:\/\/kurse.praenatal-zuerich.ch\/index.php?rest_route=\/wp\/v2\/pages"}],"about":[{"href":"https:\/\/kurse.praenatal-zuerich.ch\/index.php?rest_route=\/wp\/v2\/types\/page"}],"author":[{"embeddable":true,"href":"https:\/\/kurse.praenatal-zuerich.ch\/index.php?rest_route=\/wp\/v2\/users\/1"}],"replies":[{"embeddable":true,"href":"https:\/\/kurse.praenatal-zuerich.ch\/index.php?rest_route=%2Fwp%2Fv2%2Fcomments&post=10867"}],"version-history":[{"count":4,"href":"https:\/\/kurse.praenatal-zuerich.ch\/index.php?rest_route=\/wp\/v2\/pages\/10867\/revisions"}],"predecessor-version":[{"id":12500,"href":"https:\/\/kurse.praenatal-zuerich.ch\/index.php?rest_route=\/wp\/v2\/pages\/10867\/revisions\/12500"}],"wp:attachment":[{"href":"https:\/\/kurse.praenatal-zuerich.ch\/index.php?rest_route=%2Fwp%2Fv2%2Fmedia&parent=10867"}],"curies":[{"name":"wp","href":"https:\/\/api.w.org\/{rel}","templated":true}]}}