{"id":11426,"date":"2024-08-06T16:29:08","date_gmt":"2024-08-06T15:29:08","guid":{"rendered":"https:\/\/kurse.praenatal-zuerich.ch\/?page_id=11426"},"modified":"2026-04-06T13:43:12","modified_gmt":"2026-04-06T12:43:12","slug":"kurse-fetal-ch-goes-lech","status":"publish","type":"page","link":"https:\/\/kurse.praenatal-zuerich.ch\/?page_id=11426","title":{"rendered":"Lech 2026: Kurs abgeschlossen"},"content":{"rendered":"\n<h2 class=\"wp-block-heading has-dark-gray-color has-text-color has-link-color wp-elements-cd037816ebfdc403a374aae20f8a2f4b\">M\u00f6chten Sie mehr? <a href=\"https:\/\/kurse.praenatal-zuerich.ch\/?page_id=14818\">Lernen Sie mit uns 2027!<\/a><\/h2>\n\n\n\n<p class=\"has-dark-gray-color has-text-color has-link-color wp-elements-ad0c8c17b0e82985515225edc95db3ce\"><strong><a href=\"https:\/\/kurse.praenatal-zuerich.ch\/wp-content\/uploads\/2026\/01\/Last-minute-fuer-kurse.fetal_.ch-goes-Lech-2026.pdf\">Last-minute-Infos f\u00fcr Kurs-Teilnehmer<\/a><\/strong> I <strong><a href=\"#Anmeldung-Lech-2026\">direkt zur Anmeldung<\/a>&nbsp;<\/strong>I <a href=\"https:\/\/kurse.praenatal-zuerich.ch\/wp-content\/uploads\/2025\/07\/Lech-2026.pdf\">Flyer<\/a> I <strong><a href=\"https:\/\/kurse.praenatal-zuerich.ch\/wp-content\/uploads\/2026\/02\/Detailprogramm-kurse.fetal_.ch-goes-Lech-2026-10.02.26.pdf\">Programm (Stand 10.02.26)<\/a><\/strong> I 36 Fortbildungspunkte SGUM (DEGUM analog) I 30 SGGG-Credits (Kernfortbildung) I 42 DFP-FB-Punkte der Akademie der \u00c4rzte, \u00d6sterreich<\/p>\n\n\n\n<p class=\"has-dark-gray-color has-text-color has-link-color wp-elements-c7ada82390b60dcc79bed5f2053d49c1\"><strong>Die Kursanmeldung enth\u00e4lt auch den Zugang (<strong>f\u00fcr acht Wochen<\/strong>) zu allen Vortr\u00e4gen und zum Kursmaterial des Geburtsmedizinischen Intensivkurs Berlin GIB 2025 <em>on demand <\/em>(incl. 15 gyn. FB-Punkte und 5 DGUM\/DEGUM\/\u00d6GUM-Punkte beim vollst\u00e4ndigen Absolvieren).<\/strong> Die haben am Kurs teilgenommen und m\u00f6chsten Ihren Zugang zum GIB aktivieren? Bitte emailen Sie uns! <\/p>\n\n\n\n<figure class=\"wp-block-embed is-type-video is-provider-vimeo wp-block-embed-vimeo wp-embed-aspect-16-9 wp-has-aspect-ratio\"><div class=\"wp-block-embed__wrapper\">\n<iframe loading=\"lazy\" title=\"kurse.fetal.ch goes Lech 2026\" src=\"https:\/\/player.vimeo.com\/video\/1109108947?h=b6c64348be&amp;dnt=1&amp;app_id=122963\" width=\"500\" height=\"281\" frameborder=\"0\" allow=\"autoplay; fullscreen; picture-in-picture; clipboard-write; encrypted-media; web-share\" referrerpolicy=\"strict-origin-when-cross-origin\"><\/iframe>\n<\/div><\/figure>\n\n\n\n<p><strong>Kursinhalte<\/strong>: Pr\u00e4nataldiagnostik, Ultraschall, pr\u00e4natale Genetik und Geburtsmedizin<\/p>\n\n\n\n<p>Referenten: Prof. K. Bilardo, Past-President, ISUOG I Prof. Brezinka, Innsbruck I Prof. Chaoui, Berlin I Prof. Henrich, Berlin I Dr. Hinkson, Berlin I Prof. Krampl, Wien I Prof. Meyer-Wittkopf, Rheine I Prof. Martin M\u00fcller, Bern I PD Dr. Tavares, Hamburg I Prof. Tutschek, Z\u00fcrich I Dr. Villars, Z\u00fcrich I PD Dr. Wertaschnigg, Feldkirch I u.a.<\/p>\n\n\n\n<p><a href=\"https:\/\/kurse.praenatal-zuerich.ch\/wp-content\/uploads\/2024\/11\/Sonnenburg-480-hb.mp4\" target=\"_blank\" rel=\"noreferrer noopener\">Kongresshotel (Film)<\/a> I <a href=\"https:\/\/kurse.praenatal-zuerich.ch\/wp-content\/uploads\/2025\/07\/Lech-2026.pdf\">Flyer<\/a> I <a href=\"https:\/\/kurse.praenatal-zuerich.ch\/?page_id=14205\">Unterst\u00fctzer\/Ausstellungspartner<\/a><\/p>\n\n\n\n<p><strong>Kursdauer<\/strong> Mo. &#8211; Fr. 9.-13.02.26, Vorlesung jeweils 8.30 &#8211; 11.00 Uhr und 16.00 bis 18.00 Uhr plus Spezialseminare in Kleingruppen.<\/p>\n\n\n\n<h2 class=\"wp-block-heading\">Wichtige Termine<\/h2>\n\n\n\n<p>Demn\u00e4chst \u00f6ffnet die <strong>Kursanmeldung<\/strong>. Bitte nutzen Sie dann das <a href=\"#Anmeldung-Lech-2026\">Formular<\/a> weiter unten auf dieser Seite.<\/p>\n\n\n\n<p>Der Kurs findet im Hotel Sonnenburg statt. Eine Hotelbuchung in der Sonnenburg ist f\u00fcr die Kursteilnahme NICHT erforderlich.<\/p>\n\n\n\n<p>Die <strong>Anmeldung zur Kursteilnahme <\/strong>erfolgt&nbsp;<strong>ausschliesslich<\/strong>&nbsp;\u00fcber das elektronische Formular weiter unten auf dieser Kurs-Webseite und <strong>kostet Fr. 750,- <\/strong>(Anspruch auf volle Kursteilnahme=5 Tage). <strong>Die Unterkunft muss von Ihnen selbst separat gebucht werden (siehe unten &#8222;Hotelkontingent&#8220; oder <a href=\"https:\/\/www.lechzuers.com\/de\/buchen\/unterkuenfte\">Lech-Z\u00fcrs-Tourismus<\/a>). <\/strong>Lech bietet f\u00fcr jeden Geschmack und Geldbeutel passende Unterk\u00fcnfte. Die Preise f\u00fcr ein Doppelzimmer beginnen bei ca. Euro 1700\/Woche\/zwei Personen.<\/p>\n\n\n\n<p>Angemeldete erhalten automatisch eine Zahlungsaufforderung (incl. QR-Code). Erst nach Eingang der Zahlung gilt die Anmeldung als best\u00e4tigt, und erst dann besteht Anspruch auf ein Zimmer aus dem Kurskontingent, bis dieses ausgesch\u00f6pft ist (s.u.). Anmeldungsbest\u00e4tigungen werden in der Reihenfolge der Kursanmeldung ausgestellt. Die Anzahl der m\u00f6glichen Kursteilnehmer ist durch die Raumkapazit\u00e4t begrenzt.&nbsp;<\/p>\n\n\n\n<p>Kurs-Tagesg\u00e4ste, die z.B. nicht in Lech \u00fcbernachten wollen, k\u00f6nnen maximal zwei&nbsp;<strong>ein-Tages-Karten<\/strong>&nbsp;f\u00fcr die Kursteilnahme f\u00fcr jeweils CHF 175 pro Tag buchen. Tagesg\u00e4ste haben keinen Anspruch auf das Hotelkontingent.<\/p>\n\n\n\n<p>Die <strong>Kursgeb\u00fchr<\/strong> (volle Teilnahme) ist bei Stornierung vor 31.01.26 <strong>voll<\/strong> <strong>r\u00fcckerstattbar<\/strong>, falls kein Zimmer aus dem Kurs-Zimmer-Kontingent gebucht wurde.&nbsp;<\/p>\n\n\n\n<h2 class=\"wp-block-heading\" id=\"Hotel\">Hotelkontingent<\/h2>\n\n\n\n<p><strong>Bitte buchen Sie die Unterkunft zum Kurs ab sofort entweder im Kongresshotel oder unabh\u00e4ngig. Die Zimmerbuchung erfolgt ausschliesslich \u00fcber die Hotels und nicht \u00fcber uns. <\/strong>Bitte melden Sie sich unter dem Stichwort &#8222;<em>kurse.fetal.ch goes Lech<\/em>&#8220; z.B. beim Kurshotel <a href=\"https:\/\/www.sonnenburg.at\">Hotel Sonnenburg<\/a> (<a href=\"mailto:welcome@sonnenburg.at\">email<\/a> I +43 5583 2147). Ich empfehle allen Interessierten auch eine Anfrage bei <a href=\"https:\/\/www.lechzuers.com\/de\/buchen\/unterkuenfte?mtm_campaign=2024-04-15-perfmax-urlaubsarten&amp;mtm_kwd=unterkuenfte&amp;mtm_source=google&amp;mtm_medium=perfmax&amp;gad_source=1&amp;gbraid=0AAAAADSSTyZkryAWdDA8AeV4jG1FiHwrg&amp;gclid=Cj0KCQjw8--2BhCHARIsAF_w1gwS8q53npSSLYIzjrmNmZLlpOO05OoE0__aOV1hZPT8eB2DNM-HSzEaArfMEALw_wcB\">Lech-Z\u00fcrs-<\/a><a href=\"https:\/\/www.lechzuers.com\/de\/buchen\/unterkuenfte\">Tourismus<\/a>.<\/p>\n\n\n\n<h2 class=\"wp-block-heading\" id=\"Kursbuchung\">Anmeldung Kursteilnahme<\/h2>\n\n\n\n<p>Die Kursanmeldung ist m\u00f6glich bis zum 08.02.26, ich empfehle aber eine fr\u00fchzeitige Buchung; die Teilnehmerzahl ist begrenzt . Bitte beachten: Nach Abschicken des Formulars erhalten Sie binnen maximal zwei Minuten eine Best\u00e4tigungs-email mit einem Einzahlungsschein f\u00fcr die Kursgeb\u00fchr. Bitte pr\u00fcfen Sie ggf. Ihren Spam-\/Junk-Ordner. Falls Sie keine email erhalten haben, haben Sie wahrscheinlich Ihre email-Adresse falsch angegeben. Dann f\u00fcllen Sie das Formular bitte erneut aus.<\/p>\n\n\n\n<p>F\u00fcr jeden Kurs-Teilnehmer muss ein Formular ausgef\u00fcllt werden.<\/p>\n\n\n\n<p><strong>Eine Zimmerbuchung erfolgt ausschliesslich direkt beim Kongress-Hotel oder auf Ihre Anfrage bei anderen Anbietern.<\/strong> Die Zimmerbuchung ist von der Kursteilnahme unabh\u00e4ngig und muss von Ihnen selbst vorgenommen werden.<\/p>\n\n\n\n<h2 class=\"wp-block-heading\" id=\"Anmeldung-Lech-2026\">Anmeldung Lech 2026 (CHF 750,00)<\/h2>\n\n\n\n<p>Bitte f\u00fcllen Sie ALLE Felder sorgf\u00e4ltig aus und klicken dann auf &#8222;Senden&#8220;. Sie erhalten dann automatisch eine email mit der Zahlungsaufforderung (QR-Einzahlungsschein, enth\u00e4lt auch IBAN). Bitte \u00fcberweisen Sie den angegebenen Betrag mittels QR-Rechnung (aus der Schweiz) oder mittels SEPA unter Nutzung der auf der QR-Rechnung angegebenen IBAN, danke.<\/p>\n\n\n\n<div class=\"wpcf7 no-js\" id=\"wpcf7-f13250-o1\" lang=\"de-DE\" dir=\"ltr\" data-wpcf7-id=\"13250\">\n<div class=\"screen-reader-response\"><p role=\"status\" aria-live=\"polite\" aria-atomic=\"true\"><\/p> <ul><\/ul><\/div>\n<form action=\"\/index.php?rest_route=%2Fwp%2Fv2%2Fpages%2F11426#wpcf7-f13250-o1\" method=\"post\" class=\"wpcf7-form init\" aria-label=\"Kontaktformular\" novalidate=\"novalidate\" data-status=\"init\">\n<fieldset class=\"hidden-fields-container\"><input type=\"hidden\" name=\"_wpcf7\" value=\"13250\" \/><input type=\"hidden\" name=\"_wpcf7_version\" value=\"6.1.5\" \/><input type=\"hidden\" name=\"_wpcf7_locale\" value=\"de_DE\" \/><input type=\"hidden\" name=\"_wpcf7_unit_tag\" value=\"wpcf7-f13250-o1\" \/><input type=\"hidden\" name=\"_wpcf7_container_post\" value=\"0\" \/><input type=\"hidden\" name=\"_wpcf7_posted_data_hash\" value=\"\" \/><input type=\"hidden\" name=\"_wpcf7_recaptcha_response\" value=\"\" \/>\n<\/fieldset>\n<p><label> Ihr VORname<br \/>\n<span class=\"wpcf7-form-control-wrap\" data-name=\"your-first-name\"><input size=\"40\" maxlength=\"400\" class=\"wpcf7-form-control wpcf7-text wpcf7-validates-as-required\" aria-required=\"true\" aria-invalid=\"false\" value=\"\" type=\"text\" name=\"your-first-name\" \/><\/span> <\/label>\n<\/p>\n<p><label> Ihr NACHname<br \/>\n<span class=\"wpcf7-form-control-wrap\" data-name=\"your-last-name\"><input size=\"40\" maxlength=\"400\" class=\"wpcf7-form-control wpcf7-text wpcf7-validates-as-required\" aria-required=\"true\" aria-invalid=\"false\" value=\"\" type=\"text\" name=\"your-last-name\" \/><\/span> <\/label>\n<\/p>\n<p><label> Ihr Wohnort<br \/>\n<span class=\"wpcf7-form-control-wrap\" data-name=\"your-city\"><input size=\"40\" maxlength=\"400\" class=\"wpcf7-form-control wpcf7-text wpcf7-validates-as-required\" aria-required=\"true\" aria-invalid=\"false\" value=\"\" type=\"text\" name=\"your-city\" \/><\/span> <\/label>\n<\/p>\n<p><label> Ihre E-Mail-Adresse<br \/>\n<span class=\"wpcf7-form-control-wrap\" data-name=\"your-email\"><input size=\"40\" maxlength=\"400\" class=\"wpcf7-form-control wpcf7-email wpcf7-validates-as-required wpcf7-text wpcf7-validates-as-email\" aria-required=\"true\" aria-invalid=\"false\" value=\"\" type=\"email\" name=\"your-email\" \/><\/span> <\/label>\n<\/p>\n<p><label> Ihre Mobilnummer<br \/>\n<span class=\"wpcf7-form-control-wrap\" data-name=\"your-mobile\"><input size=\"40\" maxlength=\"400\" class=\"wpcf7-form-control wpcf7-tel wpcf7-validates-as-required wpcf7-text wpcf7-validates-as-tel\" aria-required=\"true\" aria-invalid=\"false\" placeholder=\"+41-79 123 45 67\" value=\"\" type=\"tel\" name=\"your-mobile\" \/><\/span><\/label>\n<\/p>\n<p><input class=\"wpcf7-form-control wpcf7-submit has-spinner\" type=\"submit\" value=\"Senden\" \/>\n<\/p><div class=\"wpcf7-response-output\" aria-hidden=\"true\"><\/div>\n<\/form>\n<\/div>\n\n\n\n\n<p><\/p>\n","protected":false},"excerpt":{"rendered":"<p>M\u00f6chten Sie mehr? Lernen Sie mit uns 2027! Last-minute-Infos f\u00fcr Kurs-Teilnehmer I direkt zur Anmeldung&nbsp;I Flyer I Programm (Stand 10.02.26) [&hellip;]<\/p>\n","protected":false},"author":1,"featured_media":0,"parent":0,"menu_order":0,"comment_status":"closed","ping_status":"closed","template":"page-templates\/full-width.php","meta":{"site-sidebar-layout":"default","site-content-layout":"","ast-site-content-layout":"default","site-content-style":"default","site-sidebar-style":"default","ast-global-header-display":"","ast-banner-title-visibility":"","ast-main-header-display":"","ast-hfb-above-header-display":"","ast-hfb-below-header-display":"","ast-hfb-mobile-header-display":"","site-post-title":"","ast-breadcrumbs-content":"","ast-featured-img":"","footer-sml-layout":"","ast-disable-related-posts":"","theme-transparent-header-meta":"","adv-header-id-meta":"","stick-header-meta":"","header-above-stick-meta":"","header-main-stick-meta":"","header-below-stick-meta":"","astra-migrate-meta-layouts":"default","ast-page-background-enabled":"default","ast-page-background-meta":{"desktop":{"background-color":"var(--ast-global-color-5)","background-image":"","background-repeat":"repeat","background-position":"center center","background-size":"auto","background-attachment":"scroll","background-type":"","background-media":"","overlay-type":"","overlay-color":"","overlay-opacity":"","overlay-gradient":""},"tablet":{"background-color":"","background-image":"","background-repeat":"repeat","background-position":"center center","background-size":"auto","background-attachment":"scroll","background-type":"","background-media":"","overlay-type":"","overlay-color":"","overlay-opacity":"","overlay-gradient":""},"mobile":{"background-color":"","background-image":"","background-repeat":"repeat","background-position":"center center","background-size":"auto","background-attachment":"scroll","background-type":"","background-media":"","overlay-type":"","overlay-color":"","overlay-opacity":"","overlay-gradient":""}},"ast-content-background-meta":{"desktop":{"background-color":"var(--ast-global-color-4)","background-image":"","background-repeat":"repeat","background-position":"center center","background-size":"auto","background-attachment":"scroll","background-type":"","background-media":"","overlay-type":"","overlay-color":"","overlay-opacity":"","overlay-gradient":""},"tablet":{"background-color":"var(--ast-global-color-4)","background-image":"","background-repeat":"repeat","background-position":"center center","background-size":"auto","background-attachment":"scroll","background-type":"","background-media":"","overlay-type":"","overlay-color":"","overlay-opacity":"","overlay-gradient":""},"mobile":{"background-color":"var(--ast-global-color-4)","background-image":"","background-repeat":"repeat","background-position":"center center","background-size":"auto","background-attachment":"scroll","background-type":"","background-media":"","overlay-type":"","overlay-color":"","overlay-opacity":"","overlay-gradient":""}},"footnotes":""},"class_list":["post-11426","page","type-page","status-publish","hentry"],"_links":{"self":[{"href":"https:\/\/kurse.praenatal-zuerich.ch\/index.php?rest_route=\/wp\/v2\/pages\/11426","targetHints":{"allow":["GET"]}}],"collection":[{"href":"https:\/\/kurse.praenatal-zuerich.ch\/index.php?rest_route=\/wp\/v2\/pages"}],"about":[{"href":"https:\/\/kurse.praenatal-zuerich.ch\/index.php?rest_route=\/wp\/v2\/types\/page"}],"author":[{"embeddable":true,"href":"https:\/\/kurse.praenatal-zuerich.ch\/index.php?rest_route=\/wp\/v2\/users\/1"}],"replies":[{"embeddable":true,"href":"https:\/\/kurse.praenatal-zuerich.ch\/index.php?rest_route=%2Fwp%2Fv2%2Fcomments&post=11426"}],"version-history":[{"count":93,"href":"https:\/\/kurse.praenatal-zuerich.ch\/index.php?rest_route=\/wp\/v2\/pages\/11426\/revisions"}],"predecessor-version":[{"id":15109,"href":"https:\/\/kurse.praenatal-zuerich.ch\/index.php?rest_route=\/wp\/v2\/pages\/11426\/revisions\/15109"}],"wp:attachment":[{"href":"https:\/\/kurse.praenatal-zuerich.ch\/index.php?rest_route=%2Fwp%2Fv2%2Fmedia&parent=11426"}],"curies":[{"name":"wp","href":"https:\/\/api.w.org\/{rel}","templated":true}]}}