{"id":12490,"date":"2024-11-13T06:43:02","date_gmt":"2024-11-13T05:43:02","guid":{"rendered":"https:\/\/kurse.praenatal-zuerich.ch\/?page_id=12490"},"modified":"2025-03-09T18:53:20","modified_gmt":"2025-03-09T17:53:20","slug":"zurueckliegende-kurse","status":"publish","type":"page","link":"https:\/\/kurse.praenatal-zuerich.ch\/?page_id=12490","title":{"rendered":"Zur\u00fcckliegende Kurse"},"content":{"rendered":"\n<h3 class=\"wp-block-heading has-text-color has-link-color wp-elements-2caa4d2c1b349b964349006fc06ecd48\" style=\"color:#006966\">Bye-bye TARMED, hello TARDOC: facturation ambulatoire en Suisse &#8211; tout change le 01.01.26 !<\/h3>\n\n\n\n<p class=\"has-text-color has-link-color wp-elements-dc95325cb517fdf78dd9e948a3f7e474\" style=\"color:#ff0000\">Ce cours en ligne est sp\u00e9cifique \u00e0 la facturation des prestations ambulatoires en Suisse.<\/p>\n\n\n\n<p class=\"has-text-color has-link-color wp-elements-a49a30a7671cca8556f97a5898177143\" style=\"color:#ff0000\"><strong>Jeudi 09.01.25, 16-17.30 I webinaire en direct I<\/strong> <a href=\"https:\/\/kurse.praenatal-zuerich.ch\/wp-content\/uploads\/2025\/01\/TARDOC-Workshop-French-handout.pdf\"><strong>DOWNLOAD HANDOUT<\/strong><\/a><\/p>\n\n\n\n<p><strong>Th\u00e8mes<\/strong><\/p>\n\n\n\n<ul class=\"wp-block-list\">\n<li>Evolution de Tarmed vers TARDOC<\/li>\n\n\n\n<li>Comp\u00e9tence pour la gestion des tarifs et possibilit\u00e9s d&#8217;influence<\/li>\n\n\n\n<li>Forfait ambulatoire (c.-\u00e0-d. chirurgie ambulatoire) versus tarif \u00e0 la prestation (TARMED, TARDOC)<\/li>\n\n\n\n<li>Comparaison TARMED\/TARDOC : consultation de base, prestations gyn\u00e9cologiques, obst\u00e9triques et d&#8217;imagerie.<\/li>\n\n\n\n<li>Blocs standard gyn\u00e9cologie et obst\u00e9trique<\/li>\n\n\n\n<li>Probl\u00e9matique : trop de prestations de consultation, la journ\u00e9e compte 48 heures de travail ?<\/li>\n<\/ul>\n\n\n\n<h4 class=\"wp-block-heading\">Conf\u00e9rencier, mod\u00e9rateur<\/h4>\n\n\n\n<ul class=\"wp-block-list\">\n<li>Dr. Pierre Villars, Z\u00fcrich, Membre du comit\u00e9 de la SSGO, responsable des tarifs<strong> (en fran\u00e7ais)<\/strong><\/li>\n\n\n\n<li>Prof. Boris Tutschek, Z\u00fcrich (mod\u00e9rateur, en allemand et en anglais)<\/li>\n<\/ul>\n\n\n\n<hr class=\"wp-block-separator has-alpha-channel-opacity\"\/>\n\n\n\n<p class=\"has-text-color has-link-color wp-elements-7d74419c92304a4ee25adff708037783\" style=\"color:#006966\"><strong>Bye-bye TARMED, hello TARDOC: Ambulante Abrechnung&nbsp;in der Schweiz &#8211; am 01.01.26 \u00e4ndert sich alles!<\/strong><\/p>\n\n\n\n<p>Do. 24.10.24, 16-17.30 Uhr I live-Webinar<\/p>\n\n\n\n<p>Themen<\/p>\n\n\n\n<ul class=\"wp-block-list\">\n<li>Entwicklung Tarmed zu TARDOC 2026<\/li>\n\n\n\n<li>Zust\u00e4ndigkeit f\u00fcr Tarifpflege und Einflussm\u00f6glichkeiten<\/li>\n\n\n\n<li>Ambulante Pauschale (d.h. ambulante OP) versus Einzelleistungstarif (TARMED, TARDOC)<\/li>\n\n\n\n<li>Vergleich TARMED\/TARDOC: Grundkonsultation, gyn\u00e4kologische, geburtshilfliche und bildgebende Leistungen<\/li>\n\n\n\n<li>Standard-Bl\u00f6cke Gyn und Geburthilfe<\/li>\n\n\n\n<li>Problematik: zu viele Beratungsleistungen, der Tag hat 48 Arbeitsstunden?<\/li>\n<\/ul>\n\n\n\n<p>Referent, Moderation<\/p>\n\n\n\n<ul class=\"wp-block-list\">\n<li>Dr. Pierre Villars, Mitglied des SGGG-Vorstands, verantwortlich f\u00fcr Tarife<\/li>\n\n\n\n<li>Prof. Boris Tutschek, Z\u00fcrich (Moderation)<\/li>\n<\/ul>\n\n\n\n<hr class=\"wp-block-separator has-alpha-channel-opacity\"\/>\n\n\n\n<p class=\"has-text-color has-link-color wp-elements-9db2702b46cac9d66994f88946e54f66\" style=\"color:#180090\"><strong>PR\u00c4NATAL PRAKTISCH Webinar: Ultraschall mit 12-13, 20 und 21 Wochen <em>mit live-Demo<\/em> Do. 05.09.24 16-18 Uhr<\/strong><\/p>\n\n\n\n<p>live-Webinar mit live-Demo I SGUM 2 Credits (DEGUM und \u00d6GUM analog) I 3 FB-Punkte \u00c4rztekammer Berlin (SGGG-Credits analog)<\/p>\n\n\n\n<p>Themen<\/p>\n\n\n\n<ul class=\"wp-block-list\">\n<li>Konzept und Inhalte des Screening in der normalen Schwangerschaft<\/li>\n\n\n\n<li>live-Demo Ultraschall mit 12, 21 und 30 Wochen<\/li>\n\n\n\n<li>Wissenspr\u00fcfung (essentiell f\u00fcr volle FB-Punktzahl)<\/li>\n<\/ul>\n\n\n\n<p>Referent<\/p>\n\n\n\n<ul class=\"wp-block-list\">\n<li>Prof. Dr. Boris Tutschek, Z\u00fcrich (Referent)<\/li>\n\n\n\n<li>Prof. Christoph Brezinka, Innsbruck (Moderation), Dr. L. Hinkson, Berlin (Moderation)<\/li>\n<\/ul>\n\n\n\n<hr class=\"wp-block-separator has-alpha-channel-opacity\"\/>\n\n\n\n<p class=\"has-text-color has-link-color wp-elements-ec9a013a6f0ecb9ccf0eda3756c156c3\" style=\"color:#007a39\"><strong>PR\u00c4NATAL PRAKTISCH: Ultraschall, PGT-A, Screening mit NT, NIPT, genetische Risiken, genetische Diagnostik<\/strong><\/p>\n\n\n\n<p>Do. 4. Juli 2024, 16-18 Uhr I live-Webinar I SGUM 2 Credits (DEGUM und \u00d6GUM analog) I 3 FB-Punkte \u00c4rztekammer Berlin (SGGG-Credits analog)<\/p>\n\n\n\n<p>Themen<\/p>\n\n\n\n<ul class=\"wp-block-list\">\n<li>Grundlagen der pr\u00e4natale und genetischen Beratung<\/li>\n\n\n\n<li>Diese genetischen Techniken m\u00fcssen Sie 2024 kennen<\/li>\n\n\n\n<li>NT-Ultraschall, NIPT, invasive Diagnostik<\/li>\n\n\n\n<li>Strukturelle Fehlbildung: und jetzt?<\/li>\n<\/ul>\n\n\n\n<p>Referent, Vorsitzender<\/p>\n\n\n\n<ul class=\"wp-block-list\">\n<li>Dr. Olga B\u00fcrger, Institut f\u00fcr Medizinische Genetik, Universit\u00e4t Z\u00fcrich<\/li>\n\n\n\n<li>Prof. Dr. Boris Tutschek, Z\u00fcrich (Referent)<\/li>\n\n\n\n<li>Prof. Dr. Wolfgang Henrich, Berlin (Vorsitzender)<\/li>\n<\/ul>\n\n\n\n<hr class=\"wp-block-separator has-alpha-channel-opacity\"\/>\n\n\n\n<p class=\"has-text-color has-link-color wp-elements-da796b66d675babdf486668c7a277e1f\" style=\"color:#ff0101\"><strong>GEBURTSMEDIZIN: Diagnostik und Behandlung der peripartalen Blutung, BEL-Geburt und \u00e4ussere Wendung<\/strong><\/p>\n\n\n\n<p>Do. 13. Juni 2024, 16-18 Uhr I online-Kurs<\/p>\n\n\n\n<p class=\"has-dark-gray-color has-text-color has-link-color wp-elements-6856283d6ac1b02924e540b92e069100\">Themen<\/p>\n\n\n\n<ul class=\"wp-block-list\">\n<li>Diagnostik und Behandlung der peripartalen Blutung<\/li>\n\n\n\n<li>BEL-Geburt, \u00e4ussere Wendung<\/li>\n<\/ul>\n\n\n\n<p>Referenten, Vorsitzende<\/p>\n\n\n\n<ul class=\"wp-block-list\">\n<li>Prof. Dr. Wolfgang Henrich, Berlin (Referent, Veranstalter)<\/li>\n\n\n\n<li>Dr. Larry Hinkson, Berlin (Referent)<\/li>\n\n\n\n<li>Prof. Dr. Boris Tutschek, Z\u00fcrich (Vorsitzender, Organisator)<\/li>\n<\/ul>\n\n\n\n<hr class=\"wp-block-separator has-alpha-channel-opacity\"\/>\n\n\n\n<div class=\"wp-block-buttons is-horizontal is-layout-flex wp-block-buttons-is-layout-flex\">\n<div class=\"wp-block-button has-custom-width wp-block-button__width-100 has-custom-font-size has-small-font-size\"><a class=\"wp-block-button__link wp-element-button\" href=\"https:\/\/kurse.praenatal-zuerich.ch\/?page_id=10457\">Bitte informieren Sie mich \u00fcber weitere anstehende Kurse<\/a><\/div>\n<\/div>\n","protected":false},"excerpt":{"rendered":"<p>Bye-bye TARMED, hello TARDOC: facturation ambulatoire en Suisse &#8211; tout change le 01.01.26 ! Ce cours en ligne est sp\u00e9cifique [&hellip;]<\/p>\n","protected":false},"author":1,"featured_media":0,"parent":10344,"menu_order":0,"comment_status":"closed","ping_status":"closed","template":"page-templates\/full-width.php","meta":{"site-sidebar-layout":"default","site-content-layout":"","ast-site-content-layout":"default","site-content-style":"default","site-sidebar-style":"default","ast-global-header-display":"","ast-banner-title-visibility":"","ast-main-header-display":"","ast-hfb-above-header-display":"","ast-hfb-below-header-display":"","ast-hfb-mobile-header-display":"","site-post-title":"","ast-breadcrumbs-content":"","ast-featured-img":"","footer-sml-layout":"","ast-disable-related-posts":"","theme-transparent-header-meta":"","adv-header-id-meta":"","stick-header-meta":"","header-above-stick-meta":"","header-main-stick-meta":"","header-below-stick-meta":"","astra-migrate-meta-layouts":"default","ast-page-background-enabled":"default","ast-page-background-meta":{"desktop":{"background-color":"var(--ast-global-color-5)","background-image":"","background-repeat":"repeat","background-position":"center center","background-size":"auto","background-attachment":"scroll","background-type":"","background-media":"","overlay-type":"","overlay-color":"","overlay-opacity":"","overlay-gradient":""},"tablet":{"background-color":"","background-image":"","background-repeat":"repeat","background-position":"center center","background-size":"auto","background-attachment":"scroll","background-type":"","background-media":"","overlay-type":"","overlay-color":"","overlay-opacity":"","overlay-gradient":""},"mobile":{"background-color":"","background-image":"","background-repeat":"repeat","background-position":"center center","background-size":"auto","background-attachment":"scroll","background-type":"","background-media":"","overlay-type":"","overlay-color":"","overlay-opacity":"","overlay-gradient":""}},"ast-content-background-meta":{"desktop":{"background-color":"var(--ast-global-color-4)","background-image":"","background-repeat":"repeat","background-position":"center center","background-size":"auto","background-attachment":"scroll","background-type":"","background-media":"","overlay-type":"","overlay-color":"","overlay-opacity":"","overlay-gradient":""},"tablet":{"background-color":"var(--ast-global-color-4)","background-image":"","background-repeat":"repeat","background-position":"center center","background-size":"auto","background-attachment":"scroll","background-type":"","background-media":"","overlay-type":"","overlay-color":"","overlay-opacity":"","overlay-gradient":""},"mobile":{"background-color":"var(--ast-global-color-4)","background-image":"","background-repeat":"repeat","background-position":"center center","background-size":"auto","background-attachment":"scroll","background-type":"","background-media":"","overlay-type":"","overlay-color":"","overlay-opacity":"","overlay-gradient":""}},"footnotes":""},"class_list":["post-12490","page","type-page","status-publish","hentry"],"_links":{"self":[{"href":"https:\/\/kurse.praenatal-zuerich.ch\/index.php?rest_route=\/wp\/v2\/pages\/12490","targetHints":{"allow":["GET"]}}],"collection":[{"href":"https:\/\/kurse.praenatal-zuerich.ch\/index.php?rest_route=\/wp\/v2\/pages"}],"about":[{"href":"https:\/\/kurse.praenatal-zuerich.ch\/index.php?rest_route=\/wp\/v2\/types\/page"}],"author":[{"embeddable":true,"href":"https:\/\/kurse.praenatal-zuerich.ch\/index.php?rest_route=\/wp\/v2\/users\/1"}],"replies":[{"embeddable":true,"href":"https:\/\/kurse.praenatal-zuerich.ch\/index.php?rest_route=%2Fwp%2Fv2%2Fcomments&post=12490"}],"version-history":[{"count":4,"href":"https:\/\/kurse.praenatal-zuerich.ch\/index.php?rest_route=\/wp\/v2\/pages\/12490\/revisions"}],"predecessor-version":[{"id":13091,"href":"https:\/\/kurse.praenatal-zuerich.ch\/index.php?rest_route=\/wp\/v2\/pages\/12490\/revisions\/13091"}],"up":[{"embeddable":true,"href":"https:\/\/kurse.praenatal-zuerich.ch\/index.php?rest_route=\/wp\/v2\/pages\/10344"}],"wp:attachment":[{"href":"https:\/\/kurse.praenatal-zuerich.ch\/index.php?rest_route=%2Fwp%2Fv2%2Fmedia&parent=12490"}],"curies":[{"name":"wp","href":"https:\/\/api.w.org\/{rel}","templated":true}]}}