{"id":13338,"date":"2025-07-06T17:16:39","date_gmt":"2025-07-06T16:16:39","guid":{"rendered":"https:\/\/kurse.praenatal-zuerich.ch\/?page_id=13338"},"modified":"2025-07-31T11:11:22","modified_gmt":"2025-07-31T10:11:22","slug":"aussteller","status":"publish","type":"page","link":"https:\/\/kurse.praenatal-zuerich.ch\/?page_id=13338","title":{"rendered":"Veranstaltungspartner GIB 2025"},"content":{"rendered":"\n<p>M\u00f6chten Sie Aussteller oder Unterst\u00fctzer des GIB 2025 werden? Dann schreiben Sie uns bitte <a href=\"https:\/\/kurse.praenatal-zuerich.ch\/?page_id=1456\" data-type=\"page\" data-id=\"1456\">hier<\/a>.<\/p>\n\n\n\n<hr class=\"wp-block-separator has-alpha-channel-opacity\"\/>\n\n\n\n<figure class=\"wp-block-image size-large is-resized\"><img loading=\"lazy\" decoding=\"async\" width=\"1024\" height=\"170\" src=\"https:\/\/kurse.praenatal-zuerich.ch\/wp-content\/uploads\/2024\/02\/hipp_dasbeste_4c1-1024x170.jpg\" alt=\"\" class=\"wp-image-9517\" style=\"width:528px;height:auto\" srcset=\"https:\/\/kurse.praenatal-zuerich.ch\/wp-content\/uploads\/2024\/02\/hipp_dasbeste_4c1-1024x170.jpg 1024w, https:\/\/kurse.praenatal-zuerich.ch\/wp-content\/uploads\/2024\/02\/hipp_dasbeste_4c1-300x50.jpg 300w, https:\/\/kurse.praenatal-zuerich.ch\/wp-content\/uploads\/2024\/02\/hipp_dasbeste_4c1-768x127.jpg 768w, https:\/\/kurse.praenatal-zuerich.ch\/wp-content\/uploads\/2024\/02\/hipp_dasbeste_4c1-624x103.jpg 624w, https:\/\/kurse.praenatal-zuerich.ch\/wp-content\/uploads\/2024\/02\/hipp_dasbeste_4c1.jpg 1116w\" sizes=\"auto, (max-width: 1024px) 100vw, 1024px\" \/><\/figure>\n\n\n\n<p>Eine ausgewogene, den individuellen Bed\u00fcrfnissen angepasste Ern\u00e4hrung ist in jeder Lebensphase von grundlegender Bedeutung. Besonders bei Babys und Kleinkindern ist die richtige Nahrung wichtig f\u00fcr eine gesunde Entwicklung. Gerade neugebackene Eltern sind sehr darum besorgt, wie sie ihren Kleinsten die bestm\u00f6gliche Ern\u00e4hrungsweise garantieren k\u00f6nnen. In dieser aufregenden Zeit nehmen wir Ihnen die anstrengende Suche nach der perfekten Babynahrung ab. Somit k\u00f6nnen Sie sich voll und ganz der Zeit mit Ihrem Schatz widmen.<\/p>\n\n\n\n<p><a href=\"http:\/\/www.hipp-fachkreise.de\" target=\"_blank\" rel=\"noreferrer noopener nofollow\">Link<\/a> (extern) zur Seite des Aussteller<\/p>\n\n\n\n<hr class=\"wp-block-separator has-alpha-channel-opacity\"\/>\n\n\n\n<figure class=\"wp-block-image size-full is-resized\"><img loading=\"lazy\" decoding=\"async\" width=\"678\" height=\"254\" src=\"https:\/\/kurse.praenatal-zuerich.ch\/wp-content\/uploads\/2025\/07\/Logo-Vita-34.jpg\" alt=\"\" class=\"wp-image-13351\" style=\"width:401px;height:auto\" srcset=\"https:\/\/kurse.praenatal-zuerich.ch\/wp-content\/uploads\/2025\/07\/Logo-Vita-34.jpg 678w, https:\/\/kurse.praenatal-zuerich.ch\/wp-content\/uploads\/2025\/07\/Logo-Vita-34-300x112.jpg 300w, https:\/\/kurse.praenatal-zuerich.ch\/wp-content\/uploads\/2025\/07\/Logo-Vita-34-624x234.jpg 624w\" sizes=\"auto, (max-width: 678px) 100vw, 678px\" \/><\/figure>\n\n\n\n<p><a href=\"http:\/\/www.vita34.de\" target=\"_blank\" rel=\"noreferrer noopener nofollow\">Link<\/a> (extern) zur Seite des Aussteller<\/p>\n\n\n\n<hr class=\"wp-block-separator has-alpha-channel-opacity\"\/>\n\n\n\n<h2 class=\"wp-block-heading\">Nestl\u00e9<\/h2>\n\n\n\n<figure class=\"wp-block-image size-full is-resized\"><img loading=\"lazy\" decoding=\"async\" width=\"254\" height=\"66\" src=\"https:\/\/kurse.praenatal-zuerich.ch\/wp-content\/uploads\/2024\/02\/Nestle-finales-Logo-image002.png\" alt=\"\" class=\"wp-image-9540\" style=\"width:443px;height:auto\"\/><\/figure>\n\n\n\n<p>Wir geben t\u00e4glich unser Bestes, um Babys, die nicht gestillt werden k\u00f6nnen, die beste Ern\u00e4hrung f\u00fcr einen gesunden und gl\u00fccklichen Start ins Leben zu schenken. Sie sind der Grund, warum wir seit \u00fcber 155 Jahren unnachgiebig daran forschen, das Wunder Muttermilch immer besser zu entschl\u00fcsseln, um unsere Nahrungen bestm\u00f6glich an dieses Wunder anzupassen. BEBA. Das Beste f\u00fcr Euch.<\/p>\n\n\n\n<p>Weitere wissenschaftliche Informationen finden Sie unter:<br><a href=\"http:\/\/nestlenutrition-institute.org\">Nestl\u00e9 Nutrition Institute<\/a> (nestlenutrition-institute.org, externer Link)<\/p>\n\n\n\n<hr class=\"wp-block-separator has-alpha-channel-opacity\"\/>\n\n\n\n<figure class=\"wp-block-image size-full\"><img loading=\"lazy\" decoding=\"async\" width=\"414\" height=\"144\" src=\"https:\/\/kurse.praenatal-zuerich.ch\/wp-content\/uploads\/2025\/07\/Logo-CSL-Behring-von-Webseite.jpg\" alt=\"\" class=\"wp-image-13372\" srcset=\"https:\/\/kurse.praenatal-zuerich.ch\/wp-content\/uploads\/2025\/07\/Logo-CSL-Behring-von-Webseite.jpg 414w, https:\/\/kurse.praenatal-zuerich.ch\/wp-content\/uploads\/2025\/07\/Logo-CSL-Behring-von-Webseite-300x104.jpg 300w\" sizes=\"auto, (max-width: 414px) 100vw, 414px\" \/><\/figure>\n\n\n\n<p>Dank unserer Innovationsf\u00e4higkeit bei der Entwicklung lebensrettender Medikamente, sind wir daf\u00fcr bekannt, dass bei uns der Patient immer an erster Stelle steht. Diesem Versprechen sind wir verpflichtet.<\/p>\n\n\n\n<p><a href=\"https:\/\/www.cslbehring.de\">Link<\/a> (extern) zur Seit des Ausstellers<\/p>\n\n\n\n<hr class=\"wp-block-separator has-alpha-channel-opacity\"\/>\n\n\n\n<figure class=\"wp-block-image size-full\"><img loading=\"lazy\" decoding=\"async\" width=\"810\" height=\"132\" src=\"https:\/\/kurse.praenatal-zuerich.ch\/wp-content\/uploads\/2025\/07\/Logo-Dahlhausen-von-Webseite.jpg\" alt=\"\" class=\"wp-image-13377\" srcset=\"https:\/\/kurse.praenatal-zuerich.ch\/wp-content\/uploads\/2025\/07\/Logo-Dahlhausen-von-Webseite.jpg 810w, https:\/\/kurse.praenatal-zuerich.ch\/wp-content\/uploads\/2025\/07\/Logo-Dahlhausen-von-Webseite-300x49.jpg 300w, https:\/\/kurse.praenatal-zuerich.ch\/wp-content\/uploads\/2025\/07\/Logo-Dahlhausen-von-Webseite-768x125.jpg 768w, https:\/\/kurse.praenatal-zuerich.ch\/wp-content\/uploads\/2025\/07\/Logo-Dahlhausen-von-Webseite-624x102.jpg 624w\" sizes=\"auto, (max-width: 810px) 100vw, 810px\" \/><\/figure>\n\n\n\n<p>CELOX\u2122 PPH &#8211; Geb\u00e4rmuttertamponade zur Blutstillung bietet eine einzigartige, CE-zertifizierte L\u00f6sung, f\u00fcr postpartale Uterusblutungen (PPH). PPH ist eine schwere und weit verbreitete Komplikation bei der Geburt und weltweit die Hauptursache f\u00fcr M\u00fcttersterblichkeit, von der j\u00e4hrlich etwa 14 Millionen Frauen betroffen sind und die 80.000 Todesf\u00e4lle verursacht. Da bestehende Behandlungsoptionen begrenzt sind, wurde CELOX PPH so konzipiert, dass es in jeder Umgebung einfach und schnell eingesetzt werden kann, ohne dass Strom, Absaugung, Kochsalzl\u00f6sung oder spezielle Lagerbedingungen erforderlich sind.<\/p>\n\n\n\n<p><a href=\"https:\/\/www.dahlhausen.de\/de_DE\/p\/unternehmen\/news\/celoxtm-pph\">Link<\/a> (extern) zur Seit des Ausstellers<\/p>\n\n\n\n<hr class=\"wp-block-separator has-alpha-channel-opacity\"\/>\n\n\n\n<h2 class=\"wp-block-heading\">Pr\u00e4natal Z\u00fcrich Prof. Tutschek<\/h2>\n\n\n<p><iframe loading=\"lazy\" src=\"https:\/\/player.vimeo.com\/video\/895548396?dnt=1&amp;app_id=122963\" width=\"500\" height=\"281\" frameborder=\"0\" allow=\"autoplay; fullscreen; picture-in-picture; clipboard-write; encrypted-media; web-share\" referrerpolicy=\"strict-origin-when-cross-origin\"><\/iframe><\/p>\n\n\n\n<p>Pr\u00e4natal Z\u00fcrich ist stolzer Veranstaltungspartner des GIB online seit seiner ersten Durchf\u00fchrung. Pr\u00e4natal Z\u00fcrich ist eine geburtshilfliche und gyn\u00e4kologische Praxis unter der Leitung von Herrn Prof.&nbsp;Dr. Boris Tutschek, Facharzt f\u00fcr Gyn\u00e4kologie und Geburtshilfe FMH, Schwerpunkt spezielle Geburtshilfe und fetomaternale Medizin, SGUM-Kursleiter, DEGUM III qualifiziert und ISUOG Fellow. Herr Prof. Dr. Tutschek ist Mitglied der medizinischen Fakult\u00e4t der Heinrich-Heine-Universit\u00e4t D\u00fcsseldorf und akkreditiert in verschiedenen Spit\u00e4lern in Z\u00fcrich sowie und Konsiliararzt f\u00fcr Kolleginnen und Spit\u00e4ler der Region.&nbsp;<\/p>\n","protected":false},"excerpt":{"rendered":"<p>M\u00f6chten Sie Aussteller oder Unterst\u00fctzer des GIB 2025 werden? Dann schreiben Sie uns bitte hier. Eine ausgewogene, den individuellen Bed\u00fcrfnissen [&hellip;]<\/p>\n","protected":false},"author":1,"featured_media":0,"parent":13117,"menu_order":0,"comment_status":"closed","ping_status":"closed","template":"page-templates\/full-width.php","meta":{"site-sidebar-layout":"default","site-content-layout":"","ast-site-content-layout":"default","site-content-style":"default","site-sidebar-style":"default","ast-global-header-display":"","ast-banner-title-visibility":"","ast-main-header-display":"","ast-hfb-above-header-display":"","ast-hfb-below-header-display":"","ast-hfb-mobile-header-display":"","site-post-title":"","ast-breadcrumbs-content":"","ast-featured-img":"","footer-sml-layout":"","ast-disable-related-posts":"","theme-transparent-header-meta":"","adv-header-id-meta":"","stick-header-meta":"","header-above-stick-meta":"","header-main-stick-meta":"","header-below-stick-meta":"","astra-migrate-meta-layouts":"default","ast-page-background-enabled":"default","ast-page-background-meta":{"desktop":{"background-color":"var(--ast-global-color-5)","background-image":"","background-repeat":"repeat","background-position":"center center","background-size":"auto","background-attachment":"scroll","background-type":"","background-media":"","overlay-type":"","overlay-color":"","overlay-opacity":"","overlay-gradient":""},"tablet":{"background-color":"","background-image":"","background-repeat":"repeat","background-position":"center center","background-size":"auto","background-attachment":"scroll","background-type":"","background-media":"","overlay-type":"","overlay-color":"","overlay-opacity":"","overlay-gradient":""},"mobile":{"background-color":"","background-image":"","background-repeat":"repeat","background-position":"center center","background-size":"auto","background-attachment":"scroll","background-type":"","background-media":"","overlay-type":"","overlay-color":"","overlay-opacity":"","overlay-gradient":""}},"ast-content-background-meta":{"desktop":{"background-color":"var(--ast-global-color-4)","background-image":"","background-repeat":"repeat","background-position":"center center","background-size":"auto","background-attachment":"scroll","background-type":"","background-media":"","overlay-type":"","overlay-color":"","overlay-opacity":"","overlay-gradient":""},"tablet":{"background-color":"var(--ast-global-color-4)","background-image":"","background-repeat":"repeat","background-position":"center center","background-size":"auto","background-attachment":"scroll","background-type":"","background-media":"","overlay-type":"","overlay-color":"","overlay-opacity":"","overlay-gradient":""},"mobile":{"background-color":"var(--ast-global-color-4)","background-image":"","background-repeat":"repeat","background-position":"center center","background-size":"auto","background-attachment":"scroll","background-type":"","background-media":"","overlay-type":"","overlay-color":"","overlay-opacity":"","overlay-gradient":""}},"footnotes":""},"class_list":["post-13338","page","type-page","status-publish","hentry"],"_links":{"self":[{"href":"https:\/\/kurse.praenatal-zuerich.ch\/index.php?rest_route=\/wp\/v2\/pages\/13338","targetHints":{"allow":["GET"]}}],"collection":[{"href":"https:\/\/kurse.praenatal-zuerich.ch\/index.php?rest_route=\/wp\/v2\/pages"}],"about":[{"href":"https:\/\/kurse.praenatal-zuerich.ch\/index.php?rest_route=\/wp\/v2\/types\/page"}],"author":[{"embeddable":true,"href":"https:\/\/kurse.praenatal-zuerich.ch\/index.php?rest_route=\/wp\/v2\/users\/1"}],"replies":[{"embeddable":true,"href":"https:\/\/kurse.praenatal-zuerich.ch\/index.php?rest_route=%2Fwp%2Fv2%2Fcomments&post=13338"}],"version-history":[{"count":19,"href":"https:\/\/kurse.praenatal-zuerich.ch\/index.php?rest_route=\/wp\/v2\/pages\/13338\/revisions"}],"predecessor-version":[{"id":13389,"href":"https:\/\/kurse.praenatal-zuerich.ch\/index.php?rest_route=\/wp\/v2\/pages\/13338\/revisions\/13389"}],"up":[{"embeddable":true,"href":"https:\/\/kurse.praenatal-zuerich.ch\/index.php?rest_route=\/wp\/v2\/pages\/13117"}],"wp:attachment":[{"href":"https:\/\/kurse.praenatal-zuerich.ch\/index.php?rest_route=%2Fwp%2Fv2%2Fmedia&parent=13338"}],"curies":[{"name":"wp","href":"https:\/\/api.w.org\/{rel}","templated":true}]}}