{"id":14118,"date":"2025-11-29T17:35:25","date_gmt":"2025-11-29T16:35:25","guid":{"rendered":"https:\/\/kurse.praenatal-zuerich.ch\/?page_id=14118"},"modified":"2025-11-29T18:37:38","modified_gmt":"2025-11-29T17:37:38","slug":"gib-online-org","status":"publish","type":"page","link":"https:\/\/kurse.praenatal-zuerich.ch\/?page_id=14118","title":{"rendered":"GIB"},"content":{"rendered":"\n<p><strong>Hier finden Sie alle Informationen und Zug\u00e4nge zum Geburtsmedizinischen Intensivkurs &#8222;Berlin&#8220;. <\/strong><\/p>\n\n\n\n<p>Die dauerhafte Internetadresse des GIB ist <strong>GIB-online.org<\/strong><\/p>\n\n\n\n<p>Zwei volle Tage mit Vortr\u00e4gen zu allen Themen, die Sie zur Betreuung Schwangerer, Geb\u00e4render oder W\u00f6chnerinnen brauchen. Aktuellster Stand, nur erfahrenste Referenten. I <a href=\"https:\/\/kurse.praenatal-zuerich.ch\/wp-content\/uploads\/2025\/08\/GIB-2025-Detailprogramm-2025-07-31.pdf\">Themen und Referenten 2025<\/a> I <a href=\"https:\/\/kurse.praenatal-zuerich.ch\/?page_id=10395\">Beispielvortr\u00e4ge<\/a><\/p>\n\n\n\n<p>Sie haben unterschiedliche Anspr\u00fcche an die Verf\u00fcgbarkeit der Fortbildungen? Dann w\u00e4hlen Sie einfach aus den verschiedenen Forbildungsangeboten w\u00e4hlen. So k\u00f6nnen Sie auf verschiedene Weisen vom GIB profitieren. Die Teilnahme an der live-Veranstaltung erfolgt \u00fcber Zoom mit dem M\u00f6glichkeit, im Chat Fragen zu stellen. Der GIB wird auch on-demand=Fortbildung, wann <strong>Sie<\/strong> Zeit haben, angeboten. Und zwar entweder zur einmaligen Schulung (Zugangsberechtigung 14 Tage) oder als dauerhaftes Lehrmaterial (Zugang zeitlich unbegrenzt*). <\/p>\n\n\n\n<ol class=\"wp-block-list\">\n<li>GIB online <strong>live<\/strong>, in der Regel <strong>jedes Jahr einmal die neuesten Vortr\u00e4ge<\/strong>, zuletzt 14.\/15.11.20. Die Buchung enth\u00e4lt die Teilnahme am live-Event online und das Nachschauen aller Vortr\u00e4ge als Videostream f\u00fcr 8 Wochen nach dem live-Event,<\/li>\n\n\n\n<li>GIB <strong>on-demand<\/strong> (derzeit Vortr\u00e4ge 2025), <em><strong>Zugang f\u00fcr 14 Tage<\/strong> <strong>ab Buchung<\/strong><\/em>, Ihre Fortbildung zum Updaten auf den aktuellsten Stand der Geburtsmedizin (jeweils aktuellster GIB online), <strong>GIB 2024 CHF 195,00<\/strong>, zur Buchung <a href=\"https:\/\/on-demand.courses\/enrol\/index.php?id=3\"><strong>hier<\/strong><\/a> I <strong>GIB 2025 CHF 215,-<\/strong> (folgt demn\u00e4chst)<\/li>\n\n\n\n<li>GIB online on-demand (derzeit Vortr\u00e4ge 2025), <strong><em>Zugang zeitlich unbegrenzt*<\/em><\/strong>, Vortr\u00e4ge werden bei jedem GIB erneuert, Ihr dauerhafte online-Lernplatform, <strong>CHF 495,00<\/strong>, zur Buchung <strong><strong><em>hier<\/em><\/strong><\/strong> (folgt)<\/li>\n<\/ol>\n\n\n\n<p>F\u00fcr alle Formen der Teilnahme erhalten Sie Fortbildungspunkte, wenn Sie alle Vortr\u00e4ge vollst\u00e4ndig besuchen. <\/p>\n\n\n\n<p>Sie erhalten dann allgemeine gyn\u00e4kologische FB-Punkte (vergeben durch die SGGG, anerkannt in (D) und (A)) sowie Ultraschall-FB-Punkte (vergeben durch die SGUM, anerkannt von DEGUM und \u00d6GUM). <\/p>\n\n\n\n<p>Bitte beachten Sie: F\u00fcr die on-demand-Version Sie m\u00fcssen die Teilnahembest\u00e4tigung  w\u00e4hrend der Zeit der Zugangsberechtigung selbst laden!<\/p>\n\n\n\n<p><em>* unbegrenzt bedeutet zeitlich unlimitierter Zugang, solange die Webseiten on-demand.courses und kurse.fetal.ch existieren.<\/em><\/p>\n","protected":false},"excerpt":{"rendered":"<p>Hier finden Sie alle Informationen und Zug\u00e4nge zum Geburtsmedizinischen Intensivkurs &#8222;Berlin&#8220;. Die dauerhafte Internetadresse des GIB ist GIB-online.org Zwei volle [&hellip;]<\/p>\n","protected":false},"author":1,"featured_media":0,"parent":0,"menu_order":0,"comment_status":"closed","ping_status":"closed","template":"page-templates\/full-width.php","meta":{"site-sidebar-layout":"default","site-content-layout":"","ast-site-content-layout":"default","site-content-style":"default","site-sidebar-style":"default","ast-global-header-display":"","ast-banner-title-visibility":"","ast-main-header-display":"","ast-hfb-above-header-display":"","ast-hfb-below-header-display":"","ast-hfb-mobile-header-display":"","site-post-title":"","ast-breadcrumbs-content":"","ast-featured-img":"","footer-sml-layout":"","ast-disable-related-posts":"","theme-transparent-header-meta":"","adv-header-id-meta":"","stick-header-meta":"","header-above-stick-meta":"","header-main-stick-meta":"","header-below-stick-meta":"","astra-migrate-meta-layouts":"default","ast-page-background-enabled":"default","ast-page-background-meta":{"desktop":{"background-color":"var(--ast-global-color-5)","background-image":"","background-repeat":"repeat","background-position":"center center","background-size":"auto","background-attachment":"scroll","background-type":"","background-media":"","overlay-type":"","overlay-color":"","overlay-opacity":"","overlay-gradient":""},"tablet":{"background-color":"","background-image":"","background-repeat":"repeat","background-position":"center center","background-size":"auto","background-attachment":"scroll","background-type":"","background-media":"","overlay-type":"","overlay-color":"","overlay-opacity":"","overlay-gradient":""},"mobile":{"background-color":"","background-image":"","background-repeat":"repeat","background-position":"center center","background-size":"auto","background-attachment":"scroll","background-type":"","background-media":"","overlay-type":"","overlay-color":"","overlay-opacity":"","overlay-gradient":""}},"ast-content-background-meta":{"desktop":{"background-color":"var(--ast-global-color-4)","background-image":"","background-repeat":"repeat","background-position":"center center","background-size":"auto","background-attachment":"scroll","background-type":"","background-media":"","overlay-type":"","overlay-color":"","overlay-opacity":"","overlay-gradient":""},"tablet":{"background-color":"var(--ast-global-color-4)","background-image":"","background-repeat":"repeat","background-position":"center center","background-size":"auto","background-attachment":"scroll","background-type":"","background-media":"","overlay-type":"","overlay-color":"","overlay-opacity":"","overlay-gradient":""},"mobile":{"background-color":"var(--ast-global-color-4)","background-image":"","background-repeat":"repeat","background-position":"center center","background-size":"auto","background-attachment":"scroll","background-type":"","background-media":"","overlay-type":"","overlay-color":"","overlay-opacity":"","overlay-gradient":""}},"footnotes":""},"class_list":["post-14118","page","type-page","status-publish","hentry"],"_links":{"self":[{"href":"https:\/\/kurse.praenatal-zuerich.ch\/index.php?rest_route=\/wp\/v2\/pages\/14118","targetHints":{"allow":["GET"]}}],"collection":[{"href":"https:\/\/kurse.praenatal-zuerich.ch\/index.php?rest_route=\/wp\/v2\/pages"}],"about":[{"href":"https:\/\/kurse.praenatal-zuerich.ch\/index.php?rest_route=\/wp\/v2\/types\/page"}],"author":[{"embeddable":true,"href":"https:\/\/kurse.praenatal-zuerich.ch\/index.php?rest_route=\/wp\/v2\/users\/1"}],"replies":[{"embeddable":true,"href":"https:\/\/kurse.praenatal-zuerich.ch\/index.php?rest_route=%2Fwp%2Fv2%2Fcomments&post=14118"}],"version-history":[{"count":8,"href":"https:\/\/kurse.praenatal-zuerich.ch\/index.php?rest_route=\/wp\/v2\/pages\/14118\/revisions"}],"predecessor-version":[{"id":14137,"href":"https:\/\/kurse.praenatal-zuerich.ch\/index.php?rest_route=\/wp\/v2\/pages\/14118\/revisions\/14137"}],"wp:attachment":[{"href":"https:\/\/kurse.praenatal-zuerich.ch\/index.php?rest_route=%2Fwp%2Fv2%2Fmedia&parent=14118"}],"curies":[{"name":"wp","href":"https:\/\/api.w.org\/{rel}","templated":true}]}}