{"id":14247,"date":"2025-12-29T19:17:27","date_gmt":"2025-12-29T18:17:27","guid":{"rendered":"https:\/\/kurse.praenatal-zuerich.ch\/?page_id=14247"},"modified":"2026-01-25T15:50:18","modified_gmt":"2026-01-25T14:50:18","slug":"tardoc-webinar-12-01-26","status":"publish","type":"page","link":"https:\/\/kurse.praenatal-zuerich.ch\/?page_id=14247","title":{"rendered":"1. TARDOC-Q&amp;A-Webinar"},"content":{"rendered":"\n<h2 class=\"wp-block-heading\">Webinar (auf deutsch) Mo<strong>. 12.01.26, 18.00-19.30 Uhr<\/strong>, Redner: Dr. Pierre Villars, Vorstand SGGG, Department Tarife<\/h2>\n\n\n\n<figure class=\"wp-block-image size-full\"><img loading=\"lazy\" decoding=\"async\" width=\"1024\" height=\"1024\" src=\"https:\/\/kurse.praenatal-zuerich.ch\/wp-content\/uploads\/2025\/05\/TARDOC-TARIFKURSE-SGGG-Logo.png\" alt=\"\" class=\"wp-image-13215\" srcset=\"https:\/\/kurse.praenatal-zuerich.ch\/wp-content\/uploads\/2025\/05\/TARDOC-TARIFKURSE-SGGG-Logo.png 1024w, https:\/\/kurse.praenatal-zuerich.ch\/wp-content\/uploads\/2025\/05\/TARDOC-TARIFKURSE-SGGG-Logo-300x300.png 300w, https:\/\/kurse.praenatal-zuerich.ch\/wp-content\/uploads\/2025\/05\/TARDOC-TARIFKURSE-SGGG-Logo-150x150.png 150w\" sizes=\"auto, (max-width: 1024px) 100vw, 1024px\" \/><\/figure>\n\n\n\n<p><strong>Sie haben schon unsere <a href=\"http:\/\/tardoc.courses\">TARDOC-Kursreihe online<\/a> besucht? Und das Q&amp;A-Webinar im Dezember 2025? Sie sind mit der Umsetzung von TARDOC besch\u00e4ftigt? Sie haben immer noch unbeantwortete Fragen, jetzt mit den ersten Erfahungen mit dem TARDOC?<\/strong><\/p>\n\n\n\n<p><strong>Dann sollten Sie dieses gratis-Webinar (das zweite TADOC-Q&amp;A-Webinar) besuchen! Sie k\u00f6nnen sich mit dem nachfolgenden Formular anmelden und gleichzeitig Ihre dr\u00e4ngendsten Fragen einreichen. Ihre Fragen, die bis zum 09.01.26 24.00 eingereicht werden, werden mehrheitlich oder zusammengefasst am 12.01.26 beantwortet. Bei Fragen, die schon in der <a href=\"http:\/\/tardoc.courses\">TARDOC-Kursreihe online<\/a> beantwortet wurden, werden wir auf die <a href=\"http:\/\/tardoc.courses\">TARDOC-Kursreihe online<\/a> verweisen.<\/strong> <strong>Bitte haben Sie Verst\u00e4ndnis, dass wir Fragen zur Beantwortung ausw\u00e4hlen. Wir k\u00f6nnen nicht garantieren, dass wir alle Fragen einzeln beantworten. <\/strong><\/p>\n\n\n\n<p>Sie kennen Die <a href=\"http:\/\/tardoc.courses\">TARDOC-Kursreihe online<\/a> noch nicht? Bitte lesen Sie als erstes: <a href=\"https:\/\/kurse.praenatal-zuerich.ch\/wp-content\/uploads\/2025\/11\/TARDOC-Welche-Kursteile-gibt-es-und-was-sind-ihre-Inhalte.pdf\">Welche Kursteile gibt es und was sind ihre Inhalte?<\/a> Das erste Webinar TARDOC Q &amp; A vom 01.12.25 von 17.30 bis 18.30&nbsp;finden Sie auf <a href=\"https:\/\/TARDOC.courses\">https:\/\/TARDOC.courses<\/a>.<\/p>\n\n\n\n<h2 class=\"wp-block-heading\">Das Webinar vom  <strong>Mo. 12.01.26 17.30 bis 18.30 Uhr<\/strong> beendet. In K\u00fcrze steh es im LMS&nbsp;(hier) zu Verf\u00fcgung<\/h2>\n","protected":false},"excerpt":{"rendered":"<p>Webinar (auf deutsch) Mo. 12.01.26, 18.00-19.30 Uhr, Redner: Dr. Pierre Villars, Vorstand SGGG, Department Tarife Sie haben schon unsere TARDOC-Kursreihe [&hellip;]<\/p>\n","protected":false},"author":1,"featured_media":0,"parent":13167,"menu_order":0,"comment_status":"closed","ping_status":"closed","template":"page-templates\/full-width.php","meta":{"site-sidebar-layout":"default","site-content-layout":"","ast-site-content-layout":"default","site-content-style":"default","site-sidebar-style":"default","ast-global-header-display":"","ast-banner-title-visibility":"","ast-main-header-display":"","ast-hfb-above-header-display":"","ast-hfb-below-header-display":"","ast-hfb-mobile-header-display":"","site-post-title":"","ast-breadcrumbs-content":"","ast-featured-img":"","footer-sml-layout":"","ast-disable-related-posts":"","theme-transparent-header-meta":"","adv-header-id-meta":"","stick-header-meta":"","header-above-stick-meta":"","header-main-stick-meta":"","header-below-stick-meta":"","astra-migrate-meta-layouts":"default","ast-page-background-enabled":"default","ast-page-background-meta":{"desktop":{"background-color":"var(--ast-global-color-5)","background-image":"","background-repeat":"repeat","background-position":"center center","background-size":"auto","background-attachment":"scroll","background-type":"","background-media":"","overlay-type":"","overlay-color":"","overlay-opacity":"","overlay-gradient":""},"tablet":{"background-color":"","background-image":"","background-repeat":"repeat","background-position":"center center","background-size":"auto","background-attachment":"scroll","background-type":"","background-media":"","overlay-type":"","overlay-color":"","overlay-opacity":"","overlay-gradient":""},"mobile":{"background-color":"","background-image":"","background-repeat":"repeat","background-position":"center center","background-size":"auto","background-attachment":"scroll","background-type":"","background-media":"","overlay-type":"","overlay-color":"","overlay-opacity":"","overlay-gradient":""}},"ast-content-background-meta":{"desktop":{"background-color":"var(--ast-global-color-4)","background-image":"","background-repeat":"repeat","background-position":"center center","background-size":"auto","background-attachment":"scroll","background-type":"","background-media":"","overlay-type":"","overlay-color":"","overlay-opacity":"","overlay-gradient":""},"tablet":{"background-color":"var(--ast-global-color-4)","background-image":"","background-repeat":"repeat","background-position":"center center","background-size":"auto","background-attachment":"scroll","background-type":"","background-media":"","overlay-type":"","overlay-color":"","overlay-opacity":"","overlay-gradient":""},"mobile":{"background-color":"var(--ast-global-color-4)","background-image":"","background-repeat":"repeat","background-position":"center center","background-size":"auto","background-attachment":"scroll","background-type":"","background-media":"","overlay-type":"","overlay-color":"","overlay-opacity":"","overlay-gradient":""}},"footnotes":""},"class_list":["post-14247","page","type-page","status-publish","hentry"],"_links":{"self":[{"href":"https:\/\/kurse.praenatal-zuerich.ch\/index.php?rest_route=\/wp\/v2\/pages\/14247","targetHints":{"allow":["GET"]}}],"collection":[{"href":"https:\/\/kurse.praenatal-zuerich.ch\/index.php?rest_route=\/wp\/v2\/pages"}],"about":[{"href":"https:\/\/kurse.praenatal-zuerich.ch\/index.php?rest_route=\/wp\/v2\/types\/page"}],"author":[{"embeddable":true,"href":"https:\/\/kurse.praenatal-zuerich.ch\/index.php?rest_route=\/wp\/v2\/users\/1"}],"replies":[{"embeddable":true,"href":"https:\/\/kurse.praenatal-zuerich.ch\/index.php?rest_route=%2Fwp%2Fv2%2Fcomments&post=14247"}],"version-history":[{"count":11,"href":"https:\/\/kurse.praenatal-zuerich.ch\/index.php?rest_route=\/wp\/v2\/pages\/14247\/revisions"}],"predecessor-version":[{"id":14552,"href":"https:\/\/kurse.praenatal-zuerich.ch\/index.php?rest_route=\/wp\/v2\/pages\/14247\/revisions\/14552"}],"up":[{"embeddable":true,"href":"https:\/\/kurse.praenatal-zuerich.ch\/index.php?rest_route=\/wp\/v2\/pages\/13167"}],"wp:attachment":[{"href":"https:\/\/kurse.praenatal-zuerich.ch\/index.php?rest_route=%2Fwp%2Fv2%2Fmedia&parent=14247"}],"curies":[{"name":"wp","href":"https:\/\/api.w.org\/{rel}","templated":true}]}}