{"id":14545,"date":"2026-01-25T15:47:05","date_gmt":"2026-01-25T14:47:05","guid":{"rendered":"https:\/\/kurse.praenatal-zuerich.ch\/?page_id=14545"},"modified":"2026-01-25T16:34:01","modified_gmt":"2026-01-25T15:34:01","slug":"3-tardoc-qa-webinar-gratis","status":"publish","type":"page","link":"https:\/\/kurse.praenatal-zuerich.ch\/?page_id=14545","title":{"rendered":"3. TARDOC-Q&amp;A-Webinar"},"content":{"rendered":"\n<h2 class=\"wp-block-heading\">Webinar (auf deutsch) Mo<strong>. 02.02.26 17.30-18.00<\/strong>, Redner: Dr. Pierre Villars, Vorstand SGGG, Department Tarife<\/h2>\n\n\n\n<p>[wpcdt-countdown id=&#8220;14143&#8243;] <\/p>\n\n\n\n<figure class=\"wp-block-image size-full is-resized\"><img loading=\"lazy\" decoding=\"async\" width=\"1024\" height=\"1024\" src=\"https:\/\/kurse.praenatal-zuerich.ch\/wp-content\/uploads\/2025\/05\/TARDOC-TARIFKURSE-SGGG-Logo.png\" alt=\"\" class=\"wp-image-13215\" style=\"width:208px;height:auto\" srcset=\"https:\/\/kurse.praenatal-zuerich.ch\/wp-content\/uploads\/2025\/05\/TARDOC-TARIFKURSE-SGGG-Logo.png 1024w, https:\/\/kurse.praenatal-zuerich.ch\/wp-content\/uploads\/2025\/05\/TARDOC-TARIFKURSE-SGGG-Logo-300x300.png 300w, https:\/\/kurse.praenatal-zuerich.ch\/wp-content\/uploads\/2025\/05\/TARDOC-TARIFKURSE-SGGG-Logo-150x150.png 150w\" sizes=\"auto, (max-width: 1024px) 100vw, 1024px\" \/><\/figure>\n\n\n\n<p>Wir haben die Registrierung vereinfacht und die Kapazit\u00e4t erh\u00f6ht (sorry f\u00fcr die zu sp\u00e4t Gekommenen bei 2. Webinar, die nicht mehr teilnehmen konnten!). Es gen\u00fcgt nun <a href=\"https:\/\/us02web.zoom.us\/webinar\/register\/WN_U5GqHPs1QIu3wEQ9k1L3hA\"><strong>eine einzige ANMELDUNG mit diesem Link<\/strong><\/a>. Nach dem Kurs wird das Q&amp;A-Webinar (wie die bisherigen TARDOC-Q&amp;A-Webinare) auf <a href=\"https:\/\/TARDOC.courses\">https:\/\/TARDOC.courses<\/a> und im Mitgliederbereich der SGGG verf\u00fcgbar sein.<\/p>\n\n\n\n<p>Mit der Registrierung k\u00f6nnen Sie bis zu drei Fragen einreichen. Fragen, die bis zum 30.01.26, 24 Uhr eingehen, k\u00f6nnen ber\u00fccksichtigt werden.<\/p>\n\n\n\n<p>Das Webinar richtet sich an alle Absolventen der SGGG-TARDOC-Kursreihe. Haben Sie noch nicht alle Kurstele absolviert? SIe k\u00f6nnen <a href=\"http:\/\/https\/TARDOC:courses\">hier<\/a> alle Kursteile <em>on demand<\/em> (wann Sie Zeit haben) besuchen. <\/p>\n\n\n\n<h2 class=\"wp-block-heading\">M\u00f6chten Sie zertifizierte Pr\u00e4senz-Fortbildungen?<\/h2>\n\n\n\n<ul class=\"wp-block-list\">\n<li><a href=\"https:\/\/kurse.praenatal-zuerich.ch\/\" data-type=\"page\" data-id=\"11426\">Mo.-Fr. 09.-13.02.26 kurse.fetal.ch goes Lech 2026<\/a><\/li>\n\n\n\n<li><a href=\"https:\/\/kurse.praenatal-zuerich.ch\/?page_id=13132\" data-type=\"page\" data-id=\"13132\">Do. &amp; Fr. 08. &amp; 09.05.26 ISLANDS in Berlin<\/a><\/li>\n\n\n\n<li><a href=\"https:\/\/kurse.praenatal-zuerich.ch\/?page_id=14539\" data-type=\"page\" data-id=\"14539\">Do. 21.05.26 Bio 1 \/ ETT \/ PE-Screening \/NIPT in Z\u00fcrich<\/a><\/li>\n<\/ul>\n","protected":false},"excerpt":{"rendered":"<p>Webinar (auf deutsch) Mo. 02.02.26 17.30-18.00, Redner: Dr. Pierre Villars, Vorstand SGGG, Department Tarife [wpcdt-countdown id=&#8220;14143&#8243;] Wir haben die Registrierung [&hellip;]<\/p>\n","protected":false},"author":1,"featured_media":0,"parent":0,"menu_order":0,"comment_status":"closed","ping_status":"closed","template":"page-templates\/full-width.php","meta":{"site-sidebar-layout":"default","site-content-layout":"","ast-site-content-layout":"default","site-content-style":"default","site-sidebar-style":"default","ast-global-header-display":"","ast-banner-title-visibility":"","ast-main-header-display":"","ast-hfb-above-header-display":"","ast-hfb-below-header-display":"","ast-hfb-mobile-header-display":"","site-post-title":"","ast-breadcrumbs-content":"","ast-featured-img":"","footer-sml-layout":"","ast-disable-related-posts":"","theme-transparent-header-meta":"","adv-header-id-meta":"","stick-header-meta":"","header-above-stick-meta":"","header-main-stick-meta":"","header-below-stick-meta":"","astra-migrate-meta-layouts":"default","ast-page-background-enabled":"default","ast-page-background-meta":{"desktop":{"background-color":"var(--ast-global-color-5)","background-image":"","background-repeat":"repeat","background-position":"center center","background-size":"auto","background-attachment":"scroll","background-type":"","background-media":"","overlay-type":"","overlay-color":"","overlay-opacity":"","overlay-gradient":""},"tablet":{"background-color":"","background-image":"","background-repeat":"repeat","background-position":"center center","background-size":"auto","background-attachment":"scroll","background-type":"","background-media":"","overlay-type":"","overlay-color":"","overlay-opacity":"","overlay-gradient":""},"mobile":{"background-color":"","background-image":"","background-repeat":"repeat","background-position":"center center","background-size":"auto","background-attachment":"scroll","background-type":"","background-media":"","overlay-type":"","overlay-color":"","overlay-opacity":"","overlay-gradient":""}},"ast-content-background-meta":{"desktop":{"background-color":"var(--ast-global-color-4)","background-image":"","background-repeat":"repeat","background-position":"center center","background-size":"auto","background-attachment":"scroll","background-type":"","background-media":"","overlay-type":"","overlay-color":"","overlay-opacity":"","overlay-gradient":""},"tablet":{"background-color":"var(--ast-global-color-4)","background-image":"","background-repeat":"repeat","background-position":"center center","background-size":"auto","background-attachment":"scroll","background-type":"","background-media":"","overlay-type":"","overlay-color":"","overlay-opacity":"","overlay-gradient":""},"mobile":{"background-color":"var(--ast-global-color-4)","background-image":"","background-repeat":"repeat","background-position":"center center","background-size":"auto","background-attachment":"scroll","background-type":"","background-media":"","overlay-type":"","overlay-color":"","overlay-opacity":"","overlay-gradient":""}},"footnotes":""},"class_list":["post-14545","page","type-page","status-publish","hentry"],"_links":{"self":[{"href":"https:\/\/kurse.praenatal-zuerich.ch\/index.php?rest_route=\/wp\/v2\/pages\/14545","targetHints":{"allow":["GET"]}}],"collection":[{"href":"https:\/\/kurse.praenatal-zuerich.ch\/index.php?rest_route=\/wp\/v2\/pages"}],"about":[{"href":"https:\/\/kurse.praenatal-zuerich.ch\/index.php?rest_route=\/wp\/v2\/types\/page"}],"author":[{"embeddable":true,"href":"https:\/\/kurse.praenatal-zuerich.ch\/index.php?rest_route=\/wp\/v2\/users\/1"}],"replies":[{"embeddable":true,"href":"https:\/\/kurse.praenatal-zuerich.ch\/index.php?rest_route=%2Fwp%2Fv2%2Fcomments&post=14545"}],"version-history":[{"count":15,"href":"https:\/\/kurse.praenatal-zuerich.ch\/index.php?rest_route=\/wp\/v2\/pages\/14545\/revisions"}],"predecessor-version":[{"id":14577,"href":"https:\/\/kurse.praenatal-zuerich.ch\/index.php?rest_route=\/wp\/v2\/pages\/14545\/revisions\/14577"}],"wp:attachment":[{"href":"https:\/\/kurse.praenatal-zuerich.ch\/index.php?rest_route=%2Fwp%2Fv2%2Fmedia&parent=14545"}],"curies":[{"name":"wp","href":"https:\/\/api.w.org\/{rel}","templated":true}]}}