{"id":14818,"date":"2026-03-01T10:11:49","date_gmt":"2026-03-01T09:11:49","guid":{"rendered":"https:\/\/kurse.praenatal-zuerich.ch\/?page_id=14818"},"modified":"2026-04-19T06:06:12","modified_gmt":"2026-04-19T05:06:12","slug":"ticino-2027","status":"publish","type":"page","link":"https:\/\/kurse.praenatal-zuerich.ch\/?page_id=14818","title":{"rendered":"Ticino 2027"},"content":{"rendered":"\n<p><strong>Save the date: vier Tage in den Z\u00fcrcher Fr\u00fchlingsferien (Mo. 26.04.27-Fr. 07.05.27)<\/strong><\/p>\n\n\n\n<figure class=\"wp-block-image size-large\"><img loading=\"lazy\" decoding=\"async\" width=\"1024\" height=\"576\" src=\"https:\/\/kurse.praenatal-zuerich.ch\/wp-content\/uploads\/2026\/03\/locarno-acqua-lungolago-1024x576.jpg\" alt=\"\" class=\"wp-image-14884\" srcset=\"https:\/\/kurse.praenatal-zuerich.ch\/wp-content\/uploads\/2026\/03\/locarno-acqua-lungolago-1024x576.jpg 1024w, https:\/\/kurse.praenatal-zuerich.ch\/wp-content\/uploads\/2026\/03\/locarno-acqua-lungolago-300x169.jpg 300w, https:\/\/kurse.praenatal-zuerich.ch\/wp-content\/uploads\/2026\/03\/locarno-acqua-lungolago-768x432.jpg 768w, https:\/\/kurse.praenatal-zuerich.ch\/wp-content\/uploads\/2026\/03\/locarno-acqua-lungolago-1536x864.jpg 1536w, https:\/\/kurse.praenatal-zuerich.ch\/wp-content\/uploads\/2026\/03\/locarno-acqua-lungolago-624x351.jpg 624w, https:\/\/kurse.praenatal-zuerich.ch\/wp-content\/uploads\/2026\/03\/locarno-acqua-lungolago.jpg 1920w\" sizes=\"auto, (max-width: 1024px) 100vw, 1024px\" \/><\/figure>\n\n\n\n<p><strong>Venue<\/strong>: Locarno (Details folgen)<\/p>\n\n\n\n<p><strong>Format<\/strong>: Pr\u00e4senz und online (hybrid)<\/p>\n\n\n\n<p><strong>Kurssprache<\/strong>: deutsch, daneben online mit AI-Echtzeit-Untertitel in franz\u00f6sisch und italienisch<\/p>\n\n\n\n<p><strong>Kursprogramm<\/strong>: <a href=\"https:\/\/kurse.praenatal-zuerich.ch\/wp-content\/uploads\/2026\/03\/Detailprogramm-kurse.fetal_.ch-goes-Ticino-2027-01.03.26.pdf\">Entwurf<\/a><\/p>\n\n\n\n<p><strong>Rahmenprogramm<\/strong>: u.a. Lesung in einer Villa am Lago Maggiore, Bergwanderung in Locarno, Kongress-Abend in einer Tessiner Grotto<\/p>\n\n\n\n<figure class=\"wp-block-image size-large\"><img loading=\"lazy\" decoding=\"async\" width=\"1024\" height=\"683\" src=\"https:\/\/kurse.praenatal-zuerich.ch\/wp-content\/uploads\/2026\/03\/Grotti-36247-full-HD-1024x683.jpg\" alt=\"\" class=\"wp-image-14888\" srcset=\"https:\/\/kurse.praenatal-zuerich.ch\/wp-content\/uploads\/2026\/03\/Grotti-36247-full-HD-1024x683.jpg 1024w, https:\/\/kurse.praenatal-zuerich.ch\/wp-content\/uploads\/2026\/03\/Grotti-36247-full-HD-300x200.jpg 300w, https:\/\/kurse.praenatal-zuerich.ch\/wp-content\/uploads\/2026\/03\/Grotti-36247-full-HD-768x512.jpg 768w, https:\/\/kurse.praenatal-zuerich.ch\/wp-content\/uploads\/2026\/03\/Grotti-36247-full-HD-624x416.jpg 624w, https:\/\/kurse.praenatal-zuerich.ch\/wp-content\/uploads\/2026\/03\/Grotti-36247-full-HD.jpg 1050w\" sizes=\"auto, (max-width: 1024px) 100vw, 1024px\" \/><figcaption class=\"wp-element-caption\">Tremona: Ticino, grotti tipici ticinesi, Grotto Grassi. Nella foto Il Grotto Grassi aperto verso la fine del 1800 con vista sul golfo di Riva San Vitale e il suo lago Ceresio.<br>Situato in mezzo ad una fitta boscaglia di tigli e castagni, fuori dal nucleo del tipico paese di Tremona.<br>\u00a9 Keystone \/ Ti-Press \/ Carlo Reguzzi<\/figcaption><\/figure>\n\n\n\n<h2 class=\"wp-block-heading\">Anmeldung<\/h2>\n\n\n\n<p>nur online, \u00f6ffnet demn\u00e4chst<\/p>\n\n\n\n<figure class=\"wp-block-image size-large\"><img loading=\"lazy\" decoding=\"async\" width=\"1024\" height=\"683\" src=\"https:\/\/kurse.praenatal-zuerich.ch\/wp-content\/uploads\/2026\/03\/Web-Version-Funivia-Monte-Lema-Ticino-Turismo-Milo-Zanecchia-1024x683.jpg\" alt=\"\" class=\"wp-image-14885\" srcset=\"https:\/\/kurse.praenatal-zuerich.ch\/wp-content\/uploads\/2026\/03\/Web-Version-Funivia-Monte-Lema-Ticino-Turismo-Milo-Zanecchia-1024x683.jpg 1024w, https:\/\/kurse.praenatal-zuerich.ch\/wp-content\/uploads\/2026\/03\/Web-Version-Funivia-Monte-Lema-Ticino-Turismo-Milo-Zanecchia-300x200.jpg 300w, https:\/\/kurse.praenatal-zuerich.ch\/wp-content\/uploads\/2026\/03\/Web-Version-Funivia-Monte-Lema-Ticino-Turismo-Milo-Zanecchia-768x512.jpg 768w, https:\/\/kurse.praenatal-zuerich.ch\/wp-content\/uploads\/2026\/03\/Web-Version-Funivia-Monte-Lema-Ticino-Turismo-Milo-Zanecchia-1536x1024.jpg 1536w, https:\/\/kurse.praenatal-zuerich.ch\/wp-content\/uploads\/2026\/03\/Web-Version-Funivia-Monte-Lema-Ticino-Turismo-Milo-Zanecchia-2048x1366.jpg 2048w, https:\/\/kurse.praenatal-zuerich.ch\/wp-content\/uploads\/2026\/03\/Web-Version-Funivia-Monte-Lema-Ticino-Turismo-Milo-Zanecchia-624x416.jpg 624w\" sizes=\"auto, (max-width: 1024px) 100vw, 1024px\" \/><\/figure>\n\n\n\n<p>Bildnachweis: Ticino Turismo, Grotti Ticinesi<\/p>\n\n\n\n<p><\/p>\n","protected":false},"excerpt":{"rendered":"<p>Save the date: vier Tage in den Z\u00fcrcher Fr\u00fchlingsferien (Mo. 26.04.27-Fr. 07.05.27) Venue: Locarno (Details folgen) Format: Pr\u00e4senz und online [&hellip;]<\/p>\n","protected":false},"author":1,"featured_media":0,"parent":0,"menu_order":0,"comment_status":"closed","ping_status":"closed","template":"page-templates\/full-width.php","meta":{"site-sidebar-layout":"default","site-content-layout":"","ast-site-content-layout":"default","site-content-style":"default","site-sidebar-style":"default","ast-global-header-display":"","ast-banner-title-visibility":"","ast-main-header-display":"","ast-hfb-above-header-display":"","ast-hfb-below-header-display":"","ast-hfb-mobile-header-display":"","site-post-title":"","ast-breadcrumbs-content":"","ast-featured-img":"","footer-sml-layout":"","ast-disable-related-posts":"","theme-transparent-header-meta":"","adv-header-id-meta":"","stick-header-meta":"","header-above-stick-meta":"","header-main-stick-meta":"","header-below-stick-meta":"","astra-migrate-meta-layouts":"default","ast-page-background-enabled":"default","ast-page-background-meta":{"desktop":{"background-color":"var(--ast-global-color-5)","background-image":"","background-repeat":"repeat","background-position":"center center","background-size":"auto","background-attachment":"scroll","background-type":"","background-media":"","overlay-type":"","overlay-color":"","overlay-opacity":"","overlay-gradient":""},"tablet":{"background-color":"","background-image":"","background-repeat":"repeat","background-position":"center center","background-size":"auto","background-attachment":"scroll","background-type":"","background-media":"","overlay-type":"","overlay-color":"","overlay-opacity":"","overlay-gradient":""},"mobile":{"background-color":"","background-image":"","background-repeat":"repeat","background-position":"center center","background-size":"auto","background-attachment":"scroll","background-type":"","background-media":"","overlay-type":"","overlay-color":"","overlay-opacity":"","overlay-gradient":""}},"ast-content-background-meta":{"desktop":{"background-color":"var(--ast-global-color-4)","background-image":"","background-repeat":"repeat","background-position":"center center","background-size":"auto","background-attachment":"scroll","background-type":"","background-media":"","overlay-type":"","overlay-color":"","overlay-opacity":"","overlay-gradient":""},"tablet":{"background-color":"var(--ast-global-color-4)","background-image":"","background-repeat":"repeat","background-position":"center center","background-size":"auto","background-attachment":"scroll","background-type":"","background-media":"","overlay-type":"","overlay-color":"","overlay-opacity":"","overlay-gradient":""},"mobile":{"background-color":"var(--ast-global-color-4)","background-image":"","background-repeat":"repeat","background-position":"center center","background-size":"auto","background-attachment":"scroll","background-type":"","background-media":"","overlay-type":"","overlay-color":"","overlay-opacity":"","overlay-gradient":""}},"footnotes":""},"class_list":["post-14818","page","type-page","status-publish","hentry"],"_links":{"self":[{"href":"https:\/\/kurse.praenatal-zuerich.ch\/index.php?rest_route=\/wp\/v2\/pages\/14818","targetHints":{"allow":["GET"]}}],"collection":[{"href":"https:\/\/kurse.praenatal-zuerich.ch\/index.php?rest_route=\/wp\/v2\/pages"}],"about":[{"href":"https:\/\/kurse.praenatal-zuerich.ch\/index.php?rest_route=\/wp\/v2\/types\/page"}],"author":[{"embeddable":true,"href":"https:\/\/kurse.praenatal-zuerich.ch\/index.php?rest_route=\/wp\/v2\/users\/1"}],"replies":[{"embeddable":true,"href":"https:\/\/kurse.praenatal-zuerich.ch\/index.php?rest_route=%2Fwp%2Fv2%2Fcomments&post=14818"}],"version-history":[{"count":7,"href":"https:\/\/kurse.praenatal-zuerich.ch\/index.php?rest_route=\/wp\/v2\/pages\/14818\/revisions"}],"predecessor-version":[{"id":15256,"href":"https:\/\/kurse.praenatal-zuerich.ch\/index.php?rest_route=\/wp\/v2\/pages\/14818\/revisions\/15256"}],"wp:attachment":[{"href":"https:\/\/kurse.praenatal-zuerich.ch\/index.php?rest_route=%2Fwp%2Fv2%2Fmedia&parent=14818"}],"curies":[{"name":"wp","href":"https:\/\/api.w.org\/{rel}","templated":true}]}}