{"id":1485,"date":"2021-03-10T21:21:35","date_gmt":"2021-03-10T20:21:35","guid":{"rendered":"https:\/\/kurse.praenatal-zuerich.ch\/?page_id=1485"},"modified":"2021-03-20T17:36:35","modified_gmt":"2021-03-20T16:36:35","slug":"anmeldung-gyn-ultraschall-sa-15-05-21","status":"publish","type":"page","link":"https:\/\/kurse.praenatal-zuerich.ch\/?page_id=1485","title":{"rendered":"Anmeldung Gyn. Ultraschall Sa. 15.05.21"},"content":{"rendered":"\n<p><strong>Die Teilnahmegeb\u00fchr betr\u00e4gt 100,00 Euro<\/strong>. Einzelne Bl\u00f6cke oder Halbtage k\u00f6nnen nicht separat gebucht werden. Der Kurs kann nur online, mit Kreditkarte und \u00fcber diese Seite gebucht werden. Die Teilnahmegeb\u00fchr schliesst den online-Zugang zu den aufgezeichneten Vortr\u00e4gen f\u00fcr acht Wochen nach der live-Veranstaltung ein.<\/p>\n\n\n\n<p><strong>Bitte verwenden Sie f\u00fcr die Anmeldung dieselbe email, mit der Sie sich auch am Tag der Veranstaltung anmelden werden. Sie m\u00fcssen diese email-Adress am Tag der Veranstaltung uneingeschr\u00e4nkt verwenden k\u00f6nnen, um die Teilnahme zu garantieren.<\/strong><\/p>\n\n\n\n<p><strong><strong><strong>F\u00fcr eine erfolgreiche Buchung m\u00fcssen sie den grauen Button \u201eVERBINDLICH ANMELDEN UND BEZAHLEN\u201c anklicken&nbsp;und&nbsp;anschliessend per Kreditkarte bezahlen. Sie erhalten unmittelbar eine Best\u00e4tigungsemail von uns, aber die BEZAHLUNG hat nur funktioniert, wenn Sie auf der Kurswebseite direkt nach der Ausf\u00fchrung die Mitteilung \u201eBezahlung via Stripe erfolgreich!\u201c sehen. Falls Sie diese Nachricht nicht sehen, wiederholen Sie bitte die Anmeldung und Zahlung.<\/strong><\/strong><\/strong><\/p>\n\n\n\n<p>Falls Sie nicht die Best\u00e4tigungsemail nicht sehen, pr\u00fcfen Sie bitte zun\u00e4chst Ihren Spam-Ordner und f\u00fcgen Sie den Absender der Best\u00e4tigungsemail in Ihrem email-Programm als \u201esicherern Absender\u201c hinzu; sie werden weitere emails zum Kurs von derselben Adresse erhalten. Wenn Sie tats\u00e4chlich keine Best\u00e4tigungsemail erhalten haben, haben Sie wahrscheinlich Ihre email-Adresse falsch angegeben; in diesem Fall wiederholen Sie bitte diesen Schritt.<\/p>\n\n\n\n<div class=\"wp-block-contact-form-7-contact-form-selector\"><p class=\"wpcf7-contact-form-not-found\"><strong>Fehler:<\/strong> Kontaktformular wurde nicht gefunden.<\/p><\/div>\n\n\n<h2>Zu guter Letzt<\/h2>\n<p>Pr\u00fcfen Sie jetzt abschliessend noch mit dem Ger\u00e4t, PC, Laptop, Tablet oder Smartphone, mit dem Sie an der Veranstaltung teilnehmen m\u00f6chten, den Zugang zur verwendeten Kursplatform.<\/p>\n<p><a class=\"wp-block-button__link has-light-gray-color has-blue-background-color has-text-color has-background\" href=\"http:\/\/zoom.us\/test\" target=\"_blank\" rel=\"noopener\">Technikcheck f\u00fcr die Teilnahme am Kurs Gyn. Ultraschall<\/a><\/p>\n<div class=\"wp-block-buttons\">\n<p><!-- \/wp:post-content --><\/p>\n<\/div>\n<p><!-- \/wp:buttons --><\/p>\n<p><!-- wp:paragraph --><\/p>\n<p><!-- \/wp:paragraph --><\/p>","protected":false},"excerpt":{"rendered":"<p>Die Teilnahmegeb\u00fchr betr\u00e4gt 100,00 Euro. Einzelne Bl\u00f6cke oder Halbtage k\u00f6nnen nicht separat gebucht werden. Der Kurs kann nur online, mit [&hellip;]<\/p>\n","protected":false},"author":1,"featured_media":0,"parent":1265,"menu_order":0,"comment_status":"closed","ping_status":"closed","template":"page-templates\/full-width.php","meta":{"site-sidebar-layout":"default","site-content-layout":"","ast-site-content-layout":"default","site-content-style":"default","site-sidebar-style":"default","ast-global-header-display":"","ast-banner-title-visibility":"","ast-main-header-display":"","ast-hfb-above-header-display":"","ast-hfb-below-header-display":"","ast-hfb-mobile-header-display":"","site-post-title":"","ast-breadcrumbs-content":"","ast-featured-img":"","footer-sml-layout":"","ast-disable-related-posts":"","theme-transparent-header-meta":"","adv-header-id-meta":"","stick-header-meta":"","header-above-stick-meta":"","header-main-stick-meta":"","header-below-stick-meta":"","astra-migrate-meta-layouts":"default","ast-page-background-enabled":"default","ast-page-background-meta":{"desktop":{"background-color":"var(--ast-global-color-5)","background-image":"","background-repeat":"repeat","background-position":"center center","background-size":"auto","background-attachment":"scroll","background-type":"","background-media":"","overlay-type":"","overlay-color":"","overlay-opacity":"","overlay-gradient":""},"tablet":{"background-color":"","background-image":"","background-repeat":"repeat","background-position":"center center","background-size":"auto","background-attachment":"scroll","background-type":"","background-media":"","overlay-type":"","overlay-color":"","overlay-opacity":"","overlay-gradient":""},"mobile":{"background-color":"","background-image":"","background-repeat":"repeat","background-position":"center center","background-size":"auto","background-attachment":"scroll","background-type":"","background-media":"","overlay-type":"","overlay-color":"","overlay-opacity":"","overlay-gradient":""}},"ast-content-background-meta":{"desktop":{"background-color":"var(--ast-global-color-4)","background-image":"","background-repeat":"repeat","background-position":"center center","background-size":"auto","background-attachment":"scroll","background-type":"","background-media":"","overlay-type":"","overlay-color":"","overlay-opacity":"","overlay-gradient":""},"tablet":{"background-color":"var(--ast-global-color-4)","background-image":"","background-repeat":"repeat","background-position":"center center","background-size":"auto","background-attachment":"scroll","background-type":"","background-media":"","overlay-type":"","overlay-color":"","overlay-opacity":"","overlay-gradient":""},"mobile":{"background-color":"var(--ast-global-color-4)","background-image":"","background-repeat":"repeat","background-position":"center center","background-size":"auto","background-attachment":"scroll","background-type":"","background-media":"","overlay-type":"","overlay-color":"","overlay-opacity":"","overlay-gradient":""}},"footnotes":""},"class_list":["post-1485","page","type-page","status-publish","hentry"],"_links":{"self":[{"href":"https:\/\/kurse.praenatal-zuerich.ch\/index.php?rest_route=\/wp\/v2\/pages\/1485","targetHints":{"allow":["GET"]}}],"collection":[{"href":"https:\/\/kurse.praenatal-zuerich.ch\/index.php?rest_route=\/wp\/v2\/pages"}],"about":[{"href":"https:\/\/kurse.praenatal-zuerich.ch\/index.php?rest_route=\/wp\/v2\/types\/page"}],"author":[{"embeddable":true,"href":"https:\/\/kurse.praenatal-zuerich.ch\/index.php?rest_route=\/wp\/v2\/users\/1"}],"replies":[{"embeddable":true,"href":"https:\/\/kurse.praenatal-zuerich.ch\/index.php?rest_route=%2Fwp%2Fv2%2Fcomments&post=1485"}],"version-history":[{"count":7,"href":"https:\/\/kurse.praenatal-zuerich.ch\/index.php?rest_route=\/wp\/v2\/pages\/1485\/revisions"}],"predecessor-version":[{"id":1565,"href":"https:\/\/kurse.praenatal-zuerich.ch\/index.php?rest_route=\/wp\/v2\/pages\/1485\/revisions\/1565"}],"up":[{"embeddable":true,"href":"https:\/\/kurse.praenatal-zuerich.ch\/index.php?rest_route=\/wp\/v2\/pages\/1265"}],"wp:attachment":[{"href":"https:\/\/kurse.praenatal-zuerich.ch\/index.php?rest_route=%2Fwp%2Fv2%2Fmedia&parent=1485"}],"curies":[{"name":"wp","href":"https:\/\/api.w.org\/{rel}","templated":true}]}}