{"id":14918,"date":"2026-03-15T12:18:58","date_gmt":"2026-03-15T11:18:58","guid":{"rendered":"https:\/\/kurse.praenatal-zuerich.ch\/?page_id=14918"},"modified":"2026-03-15T12:18:58","modified_gmt":"2026-03-15T11:18:58","slug":"versnataltungspartner-islands-2026","status":"publish","type":"page","link":"https:\/\/kurse.praenatal-zuerich.ch\/?page_id=14918","title":{"rendered":"Versnataltungspartner ISLANDS 2026"},"content":{"rendered":"\n<p id=\"block-f5e4c2ce-e10f-40cc-8f7f-670b08f0fd5e\">M\u00f6chten Sie Aussteller oder Unterst\u00fctzer des GIB 2024 werden? Dann schreiben Sie uns bitte <a href=\"https:\/\/kurse.praenatal-zuerich.ch\/?page_id=1456\">HIER<\/a>.<\/p>\n\n\n\n<figure class=\"wp-block-image size-full is-resized\"><img loading=\"lazy\" decoding=\"async\" width=\"641\" height=\"529\" src=\"https:\/\/kurse.praenatal-zuerich.ch\/wp-content\/uploads\/2021\/12\/GE-Logo.jpg\" alt=\"\" class=\"wp-image-4044\" style=\"aspect-ratio:1.2118198336042842;width:320px;height:auto\" srcset=\"https:\/\/kurse.praenatal-zuerich.ch\/wp-content\/uploads\/2021\/12\/GE-Logo.jpg 641w, https:\/\/kurse.praenatal-zuerich.ch\/wp-content\/uploads\/2021\/12\/GE-Logo-300x248.jpg 300w, https:\/\/kurse.praenatal-zuerich.ch\/wp-content\/uploads\/2021\/12\/GE-Logo-624x515.jpg 624w\" sizes=\"auto, (max-width: 641px) 100vw, 641px\" \/><\/figure>\n\n\n\n<p><a href=\"https:\/\/womens-health.net\">GE HealthCare<\/a> wird wie auch in den Vorjahren 2026 die ISLANDS wieder unterst\u00fctzen und mit Ger\u00e4ten und Spezialisten vor Ort sein.<\/p>\n\n\n\n<hr class=\"wp-block-separator has-alpha-channel-opacity\"\/>\n\n\n\n<h2 class=\"wp-block-heading\" id=\"block-07a8b385-47af-479a-9dfa-a9a79eed7e7c\">accretio medical<\/h2>\n\n\n\n<figure class=\"wp-block-image is-resized\" id=\"block-4d3b5429-94df-4b10-84ac-2f4594edd60b\"><img decoding=\"async\" src=\"https:\/\/kurse.praenatal-zuerich.ch\/wp-content\/uploads\/2024\/02\/accretiologo.jpg\" alt=\"Dieses Bild hat ein leeres Alt-Attribut. Der Dateiname ist accretiologo.jpg\" style=\"width:275px;height:auto\"\/><\/figure>\n\n\n\n<p id=\"block-83cc204b-76df-4691-8589-1d7ddd3ce227\">Die&nbsp;accretio medical GmbH&nbsp;mit Sitz am Ammersee ist ein Fachh\u00e4ndler mit Fokus auf den Krei\u00dfsaal und die Geburtshilfe. Zu unserem Portfolio geh\u00f6ren unter anderem das&nbsp;Dilapan-S&nbsp;zur mechanischen Zervixreifung vor der Geburtseinleitung, die&nbsp;OSCA Vakuum-Handpumpe&nbsp;als \u00f6konomische Alternative zur vaginal operativen Entbindung sowie unsere&nbsp;MBU-Sets&nbsp;zur Mikroblutentnahme am fetalen K\u00f6pfchen inklusive der&nbsp;Leucht-Amnioskope&nbsp;f\u00fcr ein sicheres Arbeiten. All unsere Produkte folgen unserem Motto \u201eObstetrics only\u201c. Sprechen Sie gerne unser sympathisches Team mit \u00fcber 50 Jahren Erfahrung im Krei\u00dfsaal-Vertrieb an. Unsere Produkte sind auch in \u00d6sterreich \u00fcber unsere Tochterfirma meddiscount.at erh\u00e4ltlich. Wir w\u00fcnschen Ihnen eine spannende Veranstaltung.<\/p>\n\n\n\n<p id=\"block-d783abc8-e9db-492a-a43a-1aec0a1ade23\"><a href=\"https:\/\/accretio-medical.de\/dilapan-s\/\">Link<\/a> (extern) zur Seit des Ausstellers<\/p>\n\n\n\n<hr class=\"wp-block-separator has-alpha-channel-opacity\"\/>\n\n\n\n<h2 class=\"wp-block-heading\" id=\"block-d783abc8-e9db-492a-a43a-1aec0a1ade23\">Pr\u00e4natal Z\u00fcrich Prof. Tutschek<\/h2>\n\n\n\n<p>Shortcode<\/p>\n\n\n\n<p id=\"block-509780fd-f3ce-4ce4-b30d-f7bd6fd8ffe5\">Pr\u00e4natal Z\u00fcrich ist Veranstaltungspartner von ISLANDS seit 2020. Pr\u00e4natal Z\u00fcrich ist eine geburtshilfliche und gyn\u00e4kologische Praxis unter der Leitung von Herrn Prof.&nbsp;Dr. Boris Tutschek, Facharzt f\u00fcr Gyn\u00e4kologie und Geburtshilfe FMH, Schwerpunkt spezielle Geburtshilfe und fetomaternale Medizin, SGUM-Kursleiter, DEGUM III qualifiziert und ISUOG Fellow. Herr Prof. Dr. Tutschek ist Mitglied der medizinischen Fakult\u00e4t der Heinrich-Heine-Universit\u00e4t D\u00fcsseldorf und akkreditiert in verschiedenen Spit\u00e4lern in Z\u00fcrich sowie und Konsiliararzt f\u00fcr Kolleginnen und Spit\u00e4ler der Region.&nbsp;<\/p>\n\n\n\n<p id=\"block-f43c58b2-d0f0-4a30-a7eb-47bf670c2d96\"><a href=\"http:\/\/www.fetal.ch\">Link<\/a> (extern) zur Webseite des Veranstaltungspartner<\/p>\n\n\n\n<p id=\"block-d10bdade-c89c-4c95-a092-8de621fc1cd6\"><\/p>\n\n\n\n<h4 class=\"wp-block-heading\" id=\"block-06ea8e4d-ee31-4374-b3c9-5f6b6c196d5b\">Hinweis: F\u00fcr die Information auf dieser Seite sowie f\u00fcr externe Links sind ausschliesslich die Ausstellungspartner verantwortlich.<\/h4>\n","protected":false},"excerpt":{"rendered":"<p>M\u00f6chten Sie Aussteller oder Unterst\u00fctzer des GIB 2024 werden? Dann schreiben Sie uns bitte HIER. GE HealthCare wird wie auch [&hellip;]<\/p>\n","protected":false},"author":1,"featured_media":0,"parent":0,"menu_order":0,"comment_status":"closed","ping_status":"closed","template":"","meta":{"site-sidebar-layout":"default","site-content-layout":"","ast-site-content-layout":"default","site-content-style":"default","site-sidebar-style":"default","ast-global-header-display":"","ast-banner-title-visibility":"","ast-main-header-display":"","ast-hfb-above-header-display":"","ast-hfb-below-header-display":"","ast-hfb-mobile-header-display":"","site-post-title":"","ast-breadcrumbs-content":"","ast-featured-img":"","footer-sml-layout":"","ast-disable-related-posts":"","theme-transparent-header-meta":"","adv-header-id-meta":"","stick-header-meta":"","header-above-stick-meta":"","header-main-stick-meta":"","header-below-stick-meta":"","astra-migrate-meta-layouts":"default","ast-page-background-enabled":"default","ast-page-background-meta":{"desktop":{"background-color":"var(--ast-global-color-5)","background-image":"","background-repeat":"repeat","background-position":"center center","background-size":"auto","background-attachment":"scroll","background-type":"","background-media":"","overlay-type":"","overlay-color":"","overlay-opacity":"","overlay-gradient":""},"tablet":{"background-color":"","background-image":"","background-repeat":"repeat","background-position":"center center","background-size":"auto","background-attachment":"scroll","background-type":"","background-media":"","overlay-type":"","overlay-color":"","overlay-opacity":"","overlay-gradient":""},"mobile":{"background-color":"","background-image":"","background-repeat":"repeat","background-position":"center center","background-size":"auto","background-attachment":"scroll","background-type":"","background-media":"","overlay-type":"","overlay-color":"","overlay-opacity":"","overlay-gradient":""}},"ast-content-background-meta":{"desktop":{"background-color":"var(--ast-global-color-4)","background-image":"","background-repeat":"repeat","background-position":"center center","background-size":"auto","background-attachment":"scroll","background-type":"","background-media":"","overlay-type":"","overlay-color":"","overlay-opacity":"","overlay-gradient":""},"tablet":{"background-color":"var(--ast-global-color-4)","background-image":"","background-repeat":"repeat","background-position":"center center","background-size":"auto","background-attachment":"scroll","background-type":"","background-media":"","overlay-type":"","overlay-color":"","overlay-opacity":"","overlay-gradient":""},"mobile":{"background-color":"var(--ast-global-color-4)","background-image":"","background-repeat":"repeat","background-position":"center center","background-size":"auto","background-attachment":"scroll","background-type":"","background-media":"","overlay-type":"","overlay-color":"","overlay-opacity":"","overlay-gradient":""}},"footnotes":""},"class_list":["post-14918","page","type-page","status-publish","hentry"],"_links":{"self":[{"href":"https:\/\/kurse.praenatal-zuerich.ch\/index.php?rest_route=\/wp\/v2\/pages\/14918","targetHints":{"allow":["GET"]}}],"collection":[{"href":"https:\/\/kurse.praenatal-zuerich.ch\/index.php?rest_route=\/wp\/v2\/pages"}],"about":[{"href":"https:\/\/kurse.praenatal-zuerich.ch\/index.php?rest_route=\/wp\/v2\/types\/page"}],"author":[{"embeddable":true,"href":"https:\/\/kurse.praenatal-zuerich.ch\/index.php?rest_route=\/wp\/v2\/users\/1"}],"replies":[{"embeddable":true,"href":"https:\/\/kurse.praenatal-zuerich.ch\/index.php?rest_route=%2Fwp%2Fv2%2Fcomments&post=14918"}],"version-history":[{"count":1,"href":"https:\/\/kurse.praenatal-zuerich.ch\/index.php?rest_route=\/wp\/v2\/pages\/14918\/revisions"}],"predecessor-version":[{"id":14919,"href":"https:\/\/kurse.praenatal-zuerich.ch\/index.php?rest_route=\/wp\/v2\/pages\/14918\/revisions\/14919"}],"wp:attachment":[{"href":"https:\/\/kurse.praenatal-zuerich.ch\/index.php?rest_route=%2Fwp%2Fv2%2Fmedia&parent=14918"}],"curies":[{"name":"wp","href":"https:\/\/api.w.org\/{rel}","templated":true}]}}