{"id":14939,"date":"2026-03-17T06:52:55","date_gmt":"2026-03-17T05:52:55","guid":{"rendered":"https:\/\/kurse.praenatal-zuerich.ch\/?page_id=14939"},"modified":"2026-03-17T06:54:36","modified_gmt":"2026-03-17T05:54:36","slug":"veranstaltungspartner-21-05-26","status":"publish","type":"page","link":"https:\/\/kurse.praenatal-zuerich.ch\/?page_id=14939","title":{"rendered":"Veranstaltungspartner 21.05.26"},"content":{"rendered":"\n<h2 class=\"wp-block-heading\">GE HealthCare<\/h2>\n\n\n\n<figure class=\"wp-block-image size-full is-resized\"><img loading=\"lazy\" decoding=\"async\" width=\"641\" height=\"529\" src=\"https:\/\/kurse.praenatal-zuerich.ch\/wp-content\/uploads\/2021\/12\/GE-Logo.jpg\" alt=\"\" class=\"wp-image-4044\" style=\"aspect-ratio:1.2118198336042842;width:383px;height:auto\" srcset=\"https:\/\/kurse.praenatal-zuerich.ch\/wp-content\/uploads\/2021\/12\/GE-Logo.jpg 641w, https:\/\/kurse.praenatal-zuerich.ch\/wp-content\/uploads\/2021\/12\/GE-Logo-300x248.jpg 300w, https:\/\/kurse.praenatal-zuerich.ch\/wp-content\/uploads\/2021\/12\/GE-Logo-624x515.jpg 624w\" sizes=\"auto, (max-width: 641px) 100vw, 641px\" \/><\/figure>\n\n\n\n<p><a href=\"https:\/\/womens-health.net\">GE HealthCare<\/a> ist (wie in Vorjahren auch) exklusiver Ultraschall-Veranstaltunspartner beim Kurs 21.05.26 und wird mit Ger\u00e4ten und Spezialisten vor Ort sein. <a href=\"http:\/\/www.fetal.ch\">Link<\/a> (folgt) zur Webseite des Veranstaltungspartner<\/p>\n\n\n\n<hr class=\"wp-block-separator has-alpha-channel-opacity\"\/>\n\n\n\n<h2 class=\"wp-block-heading\" id=\"block-d783abc8-e9db-492a-a43a-1aec0a1ade23\">Pr\u00e4natal Z\u00fcrich Prof. Tutschek<\/h2>\n\n\n\n<p id=\"block-509780fd-f3ce-4ce4-b30d-f7bd6fd8ffe5\">Pr\u00e4natal Z\u00fcrich ist Veranstaltungspartner von ISLANDS seit 2020. Pr\u00e4natal Z\u00fcrich ist eine geburtshilfliche und gyn\u00e4kologische Praxis unter der Leitung von Herrn Prof.\u00a0Dr. Boris Tutschek, Facharzt f\u00fcr Gyn\u00e4kologie und Geburtshilfe FMH, Schwerpunkt spezielle Geburtshilfe und fetomaternale Medizin, SGUM-Kursleiter, DEGUM III qualifiziert und ISUOG Fellow. Herr Prof. Dr. Tutschek ist Mitglied der medizinischen Fakult\u00e4t der Heinrich-Heine-Universit\u00e4t D\u00fcsseldorf und akkreditiert in verschiedenen Spit\u00e4lern in Z\u00fcrich sowie und Konsiliararzt f\u00fcr Kolleginnen und Spit\u00e4ler der Region.\u00a0<a href=\"http:\/\/www.fetal.ch\">Link<\/a> (extern) zur Webseite des Veranstaltungspartner<\/p>\n\n\n\n<hr class=\"wp-block-separator has-alpha-channel-opacity\"\/>\n\n\n\n<h4 class=\"wp-block-heading\" id=\"block-06ea8e4d-ee31-4374-b3c9-5f6b6c196d5b\">Hinweis: F\u00fcr die Information auf dieser Seite sowie f\u00fcr externe Links sind ausschliesslich die Ausstellungspartner verantwortlich.<\/h4>\n\n\n\n<hr class=\"wp-block-separator has-alpha-channel-opacity\"\/>\n\n\n\n<p>Sind Sie interessiert, Veranstaltungspartner zu werden? <a href=\"https:\/\/kurse.praenatal-zuerich.ch\/?page_id=1456\" data-type=\"page\" data-id=\"1456\">Bitte kontaktieren Sie uns!<\/a><\/p>\n","protected":false},"excerpt":{"rendered":"<p>GE HealthCare GE HealthCare ist (wie in Vorjahren auch) exklusiver Ultraschall-Veranstaltunspartner beim Kurs 21.05.26 und wird mit Ger\u00e4ten und Spezialisten [&hellip;]<\/p>\n","protected":false},"author":1,"featured_media":0,"parent":0,"menu_order":0,"comment_status":"closed","ping_status":"closed","template":"page-templates\/full-width.php","meta":{"site-sidebar-layout":"default","site-content-layout":"","ast-site-content-layout":"default","site-content-style":"default","site-sidebar-style":"default","ast-global-header-display":"","ast-banner-title-visibility":"","ast-main-header-display":"","ast-hfb-above-header-display":"","ast-hfb-below-header-display":"","ast-hfb-mobile-header-display":"","site-post-title":"","ast-breadcrumbs-content":"","ast-featured-img":"","footer-sml-layout":"","ast-disable-related-posts":"","theme-transparent-header-meta":"","adv-header-id-meta":"","stick-header-meta":"","header-above-stick-meta":"","header-main-stick-meta":"","header-below-stick-meta":"","astra-migrate-meta-layouts":"default","ast-page-background-enabled":"default","ast-page-background-meta":{"desktop":{"background-color":"var(--ast-global-color-5)","background-image":"","background-repeat":"repeat","background-position":"center center","background-size":"auto","background-attachment":"scroll","background-type":"","background-media":"","overlay-type":"","overlay-color":"","overlay-opacity":"","overlay-gradient":""},"tablet":{"background-color":"","background-image":"","background-repeat":"repeat","background-position":"center center","background-size":"auto","background-attachment":"scroll","background-type":"","background-media":"","overlay-type":"","overlay-color":"","overlay-opacity":"","overlay-gradient":""},"mobile":{"background-color":"","background-image":"","background-repeat":"repeat","background-position":"center center","background-size":"auto","background-attachment":"scroll","background-type":"","background-media":"","overlay-type":"","overlay-color":"","overlay-opacity":"","overlay-gradient":""}},"ast-content-background-meta":{"desktop":{"background-color":"var(--ast-global-color-4)","background-image":"","background-repeat":"repeat","background-position":"center center","background-size":"auto","background-attachment":"scroll","background-type":"","background-media":"","overlay-type":"","overlay-color":"","overlay-opacity":"","overlay-gradient":""},"tablet":{"background-color":"var(--ast-global-color-4)","background-image":"","background-repeat":"repeat","background-position":"center center","background-size":"auto","background-attachment":"scroll","background-type":"","background-media":"","overlay-type":"","overlay-color":"","overlay-opacity":"","overlay-gradient":""},"mobile":{"background-color":"var(--ast-global-color-4)","background-image":"","background-repeat":"repeat","background-position":"center center","background-size":"auto","background-attachment":"scroll","background-type":"","background-media":"","overlay-type":"","overlay-color":"","overlay-opacity":"","overlay-gradient":""}},"footnotes":""},"class_list":["post-14939","page","type-page","status-publish","hentry"],"_links":{"self":[{"href":"https:\/\/kurse.praenatal-zuerich.ch\/index.php?rest_route=\/wp\/v2\/pages\/14939","targetHints":{"allow":["GET"]}}],"collection":[{"href":"https:\/\/kurse.praenatal-zuerich.ch\/index.php?rest_route=\/wp\/v2\/pages"}],"about":[{"href":"https:\/\/kurse.praenatal-zuerich.ch\/index.php?rest_route=\/wp\/v2\/types\/page"}],"author":[{"embeddable":true,"href":"https:\/\/kurse.praenatal-zuerich.ch\/index.php?rest_route=\/wp\/v2\/users\/1"}],"replies":[{"embeddable":true,"href":"https:\/\/kurse.praenatal-zuerich.ch\/index.php?rest_route=%2Fwp%2Fv2%2Fcomments&post=14939"}],"version-history":[{"count":3,"href":"https:\/\/kurse.praenatal-zuerich.ch\/index.php?rest_route=\/wp\/v2\/pages\/14939\/revisions"}],"predecessor-version":[{"id":14942,"href":"https:\/\/kurse.praenatal-zuerich.ch\/index.php?rest_route=\/wp\/v2\/pages\/14939\/revisions\/14942"}],"wp:attachment":[{"href":"https:\/\/kurse.praenatal-zuerich.ch\/index.php?rest_route=%2Fwp%2Fv2%2Fmedia&parent=14939"}],"curies":[{"name":"wp","href":"https:\/\/api.w.org\/{rel}","templated":true}]}}