{"id":3963,"date":"2021-11-13T07:16:31","date_gmt":"2021-11-13T06:16:31","guid":{"rendered":"https:\/\/kurse.praenatal-zuerich.ch\/?page_id=3963"},"modified":"2022-01-08T10:45:32","modified_gmt":"2022-01-08T09:45:32","slug":"sono-dialog-live-11-12-21","status":"publish","type":"page","link":"https:\/\/kurse.praenatal-zuerich.ch\/?page_id=3963","title":{"rendered":"Sono-Dialog live 11.12.21"},"content":{"rendered":"\n<p><strong>Wir bedanken uns bei den 875 Teilnehmerinnen und Teilnehmern! Registrierte k\u00f6nnen den Kurs bis zum 02.01.22 nachschauen.<\/strong><\/p>\n\n\n\n<h1 class=\"wp-block-heading\">Lust auf mehr? <a href=\"https:\/\/kurse.praenatal-zuerich.ch\/\" data-type=\"page\" data-id=\"4023\">Hier geht&#8217;s zum n\u00e4chste Kurs: Sono-Dialaog All-Stars am Sa. 05.02.22<\/a><\/h1>\n\n\n\n<p><a href=\"https:\/\/kurse.praenatal-zuerich.ch\/?page_id=4138\" data-type=\"page\" data-id=\"4138\">Stimmen von Kursteilnehmerinnen<\/a><\/p>\n\n\n\n<figure class=\"wp-block-image size-large\"><img loading=\"lazy\" decoding=\"async\" width=\"766\" height=\"1024\" src=\"https:\/\/kurse.praenatal-zuerich.ch\/wp-content\/uploads\/2021\/11\/SD-live-11.12.21-Bild-fuer-web-766x1024.jpg\" alt=\"\" class=\"wp-image-3966\" srcset=\"https:\/\/kurse.praenatal-zuerich.ch\/wp-content\/uploads\/2021\/11\/SD-live-11.12.21-Bild-fuer-web-766x1024.jpg 766w, https:\/\/kurse.praenatal-zuerich.ch\/wp-content\/uploads\/2021\/11\/SD-live-11.12.21-Bild-fuer-web-224x300.jpg 224w, https:\/\/kurse.praenatal-zuerich.ch\/wp-content\/uploads\/2021\/11\/SD-live-11.12.21-Bild-fuer-web-768x1027.jpg 768w, https:\/\/kurse.praenatal-zuerich.ch\/wp-content\/uploads\/2021\/11\/SD-live-11.12.21-Bild-fuer-web-1149x1536.jpg 1149w, https:\/\/kurse.praenatal-zuerich.ch\/wp-content\/uploads\/2021\/11\/SD-live-11.12.21-Bild-fuer-web-1532x2048.jpg 1532w, https:\/\/kurse.praenatal-zuerich.ch\/wp-content\/uploads\/2021\/11\/SD-live-11.12.21-Bild-fuer-web-624x834.jpg 624w, https:\/\/kurse.praenatal-zuerich.ch\/wp-content\/uploads\/2021\/11\/SD-live-11.12.21-Bild-fuer-web.jpg 1550w\" sizes=\"auto, (max-width: 766px) 100vw, 766px\" \/><\/figure>\n\n\n\n<h2 class=\"wp-block-heading\">Herz, Hirn und Lebensrettung: Spannendes und Besinnliches<\/h2>\n\n\n\n<h3 class=\"wp-block-heading\">Gratis\u2013Webinar am Samstag, 11. Dezember 2021, 10.00\u201313.30 Uhr<\/h3>\n\n\n\n<ul class=\"wp-block-list\"><li>10.00 Normales Herz: Basis und erweitert I Komplexe Pathologie erkennen I Boris Tutschek, Z\u00fcrich I <a href=\"https:\/\/kurse.praenatal-zuerich.ch\/?page_id=4033\" data-type=\"page\" data-id=\"4033\">Videos zu diesem Vortrag<\/a><\/li><li>11.00 Fetal Brain: From screening to complex analysis I Ritsuko Pooh, Osaka<\/li><li>12.00 Lebensrettender Ultraschall I Wolfgang Henrich, Berlin<\/li><li>13.00 Vorweihnachtliche Lesung<\/li><li>13.30 Ende<\/li><\/ul>\n\n\n\n<h3 class=\"wp-block-heading\" id=\"bitte_beachten_Sie\">Anerkannt als SGGG-Kernfortbildung, 3 Credits, und als SGUM-Fortbildung, 3 Credits. Der Kurs wurde auch von der DEGUM zertifiziert (<a rel=\"noreferrer noopener\" href=\"https:\/\/www.ultraschall-akademie.de\/index.php?id=69&amp;kid=8971\" target=\"_blank\">Details<\/a>).<\/h3>\n\n\n\n<h3 class=\"wp-block-heading\">Mit freundliche Unterst\u00fctzung von<\/h3>\n\n\n\n<ul class=\"wp-block-list\"><li><a href=\"https:\/\/www.ge-ultraschall.com\/voluson-familie\/\">GE Medical Systems (Schweiz) AG<\/a><\/li><li><a rel=\"noreferrer noopener\" href=\"https:\/\/www.adpharm.eu\/\" target=\"_blank\">adpharm GmbH<\/a>, Hamburg, Deutschland, Hersteller von ad+fetal zur Substitution von essentiellen Vitaminen in der Schwangerschaft.<\/li><\/ul>\n\n\n\n<figure class=\"wp-block-image size-full is-resized\"><img loading=\"lazy\" decoding=\"async\" src=\"https:\/\/kurse.praenatal-zuerich.ch\/wp-content\/uploads\/2021\/12\/GE-Logo.jpg\" alt=\"\" class=\"wp-image-4044\" width=\"196\" height=\"162\" srcset=\"https:\/\/kurse.praenatal-zuerich.ch\/wp-content\/uploads\/2021\/12\/GE-Logo.jpg 641w, https:\/\/kurse.praenatal-zuerich.ch\/wp-content\/uploads\/2021\/12\/GE-Logo-300x248.jpg 300w, https:\/\/kurse.praenatal-zuerich.ch\/wp-content\/uploads\/2021\/12\/GE-Logo-624x515.jpg 624w\" sizes=\"auto, (max-width: 196px) 100vw, 196px\" \/><\/figure>\n\n\n\n<h3 class=\"wp-block-heading\">Bitte beachten Sie:<\/h3>\n\n\n\n<p>Sie k\u00f6nnen nur mit der email-Adresse teilnehmen, mit der sie sich registriert haben. Bitte pr\u00fcfen Sie unbedingt VOR der Veranstaltung das Verbindungstool (Zoom) auf dem Ger\u00e4t, mit dem Sie teilnehmen wollen, um sicherzustellen, dass Sie teilnehmen k\u00f6nnen. Testen Sie das Verbindungs-Tool (Zoom) <a rel=\"noreferrer noopener\" href=\"https:\/\/zoom.us\/test\" target=\"_blank\">hier<\/a>. Sie M\u00dcSSEN auf diesem Ger\u00e4t auch Zugang zu Ihrer email haben, mir der Sie sich registriert und auf die Sie Ihren pers\u00f6nlichen Teilnahmelink erhalten haben. <\/p>\n\n\n\n<p>W\u00e4hrend der Veranstaltung k\u00f6nnen wir leider KEINE technische Unterst\u00fctzung leisten oder Anfragen beantworten.<\/p>\n\n\n\n<p>Bitte, loggen Sie sich am 11.12.21 rechtzeitig ein und bleiben die gesamte Dauer des Webinars eingeloggt. Die Dauer Ihrer Anwesenheit wird registriert und auf der Teilnahmebest\u00e4tigung angegeben. Sie erhalten die vergebenen Fortbildungspunkte (Credits) u.U. NUR bei Nachweis einer vollst\u00e4ndigen Anwesenheit, d.h. mindestens 180 Minuten. Die Dauer Ihrer pers\u00f6nlichen Anwesenheit wird auf Ihrer Teilnahmebescheinigung ausgewiesen (Muster <a rel=\"noreferrer noopener\" href=\"https:\/\/kurse.praenatal-zuerich.ch\/wp-content\/uploads\/2021\/11\/TN-Bescheinigung-11.12.21-Bsp.-anonymisiert-web.jpg\" target=\"_blank\">hier<\/a>).<\/p>\n\n\n\n<h3 class=\"wp-block-heading\">Teilnahmebescheinigung<\/h3>\n\n\n\n<p>Bitte, loggen Sie sich zu Beginn der Veranstaltung ein und bleiben sie w\u00e4hrend der gesamten Dauer des Webinars eingeloggt. Nur so k\u00f6nnen Sie sicherstellen, dass Ihre bescheinigte Teilnahmedauer mindestens drei Stunden umfasst.<\/p>\n\n\n\n<p>Nach der Veranstaltung erhalten alle Teilnehmenden eine Teilnahmebescheinigung per email (Muster <a rel=\"noreferrer noopener\" href=\"https:\/\/kurse.praenatal-zuerich.ch\/wp-content\/uploads\/2021\/11\/TN-Bescheinigung-11.12.21-Bsp.-anonymisiert-web.jpg\" target=\"_blank\">hier<\/a>). Diese email IST IHRE TEILNAHMEBEST\u00c4TIGUNG. Bitte drucken Sie sie lokal oder speichern Sie sie als PDF f\u00fcr Ihre Unterlagen. In der Teilnahmebest\u00e4tigung ist die Dauer Ihrer Anwesenheit im Webinar aufgef\u00fchrt.   <\/p>\n\n\n\n<p>Wenn Sie die Veranstaltung gemeinsam mit Kolleginnen oder Kollegen betrachten, M\u00dcSSEN sich alle Teilnehmenden mit den registrierten email-Adressen SEPARAT einloggen. Andernfalls k\u00f6nnen weiteren Teilnehmenden KEINE Teilnahmebest\u00e4tigungen ausgestellt werden. <\/p>\n","protected":false},"excerpt":{"rendered":"<p>Wir bedanken uns bei den 875 Teilnehmerinnen und Teilnehmern! Registrierte k\u00f6nnen den Kurs bis zum 02.01.22 nachschauen. Lust auf mehr? [&hellip;]<\/p>\n","protected":false},"author":1,"featured_media":0,"parent":103,"menu_order":0,"comment_status":"closed","ping_status":"closed","template":"page-templates\/full-width.php","meta":{"site-sidebar-layout":"default","site-content-layout":"","ast-site-content-layout":"default","site-content-style":"default","site-sidebar-style":"default","ast-global-header-display":"","ast-banner-title-visibility":"","ast-main-header-display":"","ast-hfb-above-header-display":"","ast-hfb-below-header-display":"","ast-hfb-mobile-header-display":"","site-post-title":"","ast-breadcrumbs-content":"","ast-featured-img":"","footer-sml-layout":"","ast-disable-related-posts":"","theme-transparent-header-meta":"","adv-header-id-meta":"","stick-header-meta":"","header-above-stick-meta":"","header-main-stick-meta":"","header-below-stick-meta":"","astra-migrate-meta-layouts":"default","ast-page-background-enabled":"default","ast-page-background-meta":{"desktop":{"background-color":"var(--ast-global-color-5)","background-image":"","background-repeat":"repeat","background-position":"center center","background-size":"auto","background-attachment":"scroll","background-type":"","background-media":"","overlay-type":"","overlay-color":"","overlay-opacity":"","overlay-gradient":""},"tablet":{"background-color":"","background-image":"","background-repeat":"repeat","background-position":"center center","background-size":"auto","background-attachment":"scroll","background-type":"","background-media":"","overlay-type":"","overlay-color":"","overlay-opacity":"","overlay-gradient":""},"mobile":{"background-color":"","background-image":"","background-repeat":"repeat","background-position":"center center","background-size":"auto","background-attachment":"scroll","background-type":"","background-media":"","overlay-type":"","overlay-color":"","overlay-opacity":"","overlay-gradient":""}},"ast-content-background-meta":{"desktop":{"background-color":"var(--ast-global-color-4)","background-image":"","background-repeat":"repeat","background-position":"center center","background-size":"auto","background-attachment":"scroll","background-type":"","background-media":"","overlay-type":"","overlay-color":"","overlay-opacity":"","overlay-gradient":""},"tablet":{"background-color":"var(--ast-global-color-4)","background-image":"","background-repeat":"repeat","background-position":"center center","background-size":"auto","background-attachment":"scroll","background-type":"","background-media":"","overlay-type":"","overlay-color":"","overlay-opacity":"","overlay-gradient":""},"mobile":{"background-color":"var(--ast-global-color-4)","background-image":"","background-repeat":"repeat","background-position":"center center","background-size":"auto","background-attachment":"scroll","background-type":"","background-media":"","overlay-type":"","overlay-color":"","overlay-opacity":"","overlay-gradient":""}},"footnotes":""},"class_list":["post-3963","page","type-page","status-publish","hentry"],"_links":{"self":[{"href":"https:\/\/kurse.praenatal-zuerich.ch\/index.php?rest_route=\/wp\/v2\/pages\/3963","targetHints":{"allow":["GET"]}}],"collection":[{"href":"https:\/\/kurse.praenatal-zuerich.ch\/index.php?rest_route=\/wp\/v2\/pages"}],"about":[{"href":"https:\/\/kurse.praenatal-zuerich.ch\/index.php?rest_route=\/wp\/v2\/types\/page"}],"author":[{"embeddable":true,"href":"https:\/\/kurse.praenatal-zuerich.ch\/index.php?rest_route=\/wp\/v2\/users\/1"}],"replies":[{"embeddable":true,"href":"https:\/\/kurse.praenatal-zuerich.ch\/index.php?rest_route=%2Fwp%2Fv2%2Fcomments&post=3963"}],"version-history":[{"count":35,"href":"https:\/\/kurse.praenatal-zuerich.ch\/index.php?rest_route=\/wp\/v2\/pages\/3963\/revisions"}],"predecessor-version":[{"id":4377,"href":"https:\/\/kurse.praenatal-zuerich.ch\/index.php?rest_route=\/wp\/v2\/pages\/3963\/revisions\/4377"}],"up":[{"embeddable":true,"href":"https:\/\/kurse.praenatal-zuerich.ch\/index.php?rest_route=\/wp\/v2\/pages\/103"}],"wp:attachment":[{"href":"https:\/\/kurse.praenatal-zuerich.ch\/index.php?rest_route=%2Fwp%2Fv2%2Fmedia&parent=3963"}],"curies":[{"name":"wp","href":"https:\/\/api.w.org\/{rel}","templated":true}]}}