{"id":4023,"date":"2021-12-04T18:46:08","date_gmt":"2021-12-04T17:46:08","guid":{"rendered":"https:\/\/kurse.praenatal-zuerich.ch\/?page_id=4023"},"modified":"2022-03-12T12:04:03","modified_gmt":"2022-03-12T11:04:03","slug":"privat-sono-dialog-all-stars-5-feb-2022","status":"publish","type":"page","link":"https:\/\/kurse.praenatal-zuerich.ch\/?page_id=4023","title":{"rendered":"Sono-Dialog All-Stars 05.02.22"},"content":{"rendered":"\n<p>[wpcdt-countdown id=&#8220;4072&#8243;]<\/p>\n\n\n\n<h3 class=\"wp-block-heading\" id=\"flyer-mit-detailprogramm-i-stimmen-zum-letzten-kurs-i-teaser-i-kursmaterial-i-aktuellstes-detailprogramm\"><strong><a href=\"https:\/\/kurse.praenatal-zuerich.ch\/wp-content\/uploads\/2021\/12\/SD-All-Stars-Flyer.pdf\">Flyer<\/a> (mit Detailprogramm)<\/strong> I <a href=\"https:\/\/kurse.praenatal-zuerich.ch\/?page_id=4138\" data-type=\"page\" data-id=\"4138\">Stimmen zum letzten Kurs<\/a> I <a href=\"https:\/\/kurse.praenatal-zuerich.ch\/?page_id=4185\" data-type=\"page\" data-id=\"4185\">Teaser<\/a>  I  <a href=\"https:\/\/kurse.praenatal-zuerich.ch\/?page_id=5149\" data-type=\"page\" data-id=\"5149\">Kursmaterial<\/a> I <a href=\"https:\/\/kurse.praenatal-zuerich.ch\/wp-content\/uploads\/2022\/02\/SD-All-Stars-Detailprogramm-aktuell.jpg\">Aktuellstes Detailprogramm<\/a> I <a href=\"https:\/\/kurse.praenatal-zuerich.ch\/?page_id=5182\" data-type=\"page\" data-id=\"5182\">Vortrag Dr. Hinkson: Intrapartaler Ultraschall<\/a><\/h3>\n\n\n\n<figure class=\"wp-block-embed is-type-video is-provider-vimeo wp-block-embed-vimeo wp-embed-aspect-16-9 wp-has-aspect-ratio\"><div class=\"wp-block-embed__wrapper\">\n<iframe loading=\"lazy\" src=\"https:\/\/player.vimeo.com\/video\/655819512?dnt=1&amp;app_id=122963\" width=\"500\" height=\"281\" frameborder=\"0\" allow=\"autoplay; fullscreen; picture-in-picture; clipboard-write; encrypted-media; web-share\" referrerpolicy=\"strict-origin-when-cross-origin\"><\/iframe>\n<\/div><\/figure>\n\n\n\n<h3 class=\"wp-block-heading\" id=\"webinar-am-samstag-5-februar-2022-9-00-18-30-uhr-teilnahmegebuhr-euro-195-00\">Webinar am Samstag, 5. Februar 2022, 9.00\u201318.30 Uhr<br>Teilnahmegeb\u00fchr Euro 195,00<\/h3>\n\n\n\n<h2 class=\"wp-block-heading\" id=\"programm\">Programm<\/h2>\n\n\n\n<ul class=\"wp-block-list\"><li><strong>Alles PCO oder was?<\/strong> I Christoph Brezinka, Innsbruck<\/li><li><strong>Was&nbsp;jede Gyn\u00e4kologin vom gyn\u00e4kologischen US wissen muss<\/strong> I Gwendolin Manegold, Basel<\/li><li><strong>Lebensrettender&nbsp;maternaler&nbsp;Ultraschall<\/strong> I Wolfgang Henrich, Berlin<\/li><li><strong>Fetal anomalies before 11 weeks<\/strong> I Simon Meagher, Melbourne<\/li><li><strong>The 12-13-week scan and its genetic aspects<\/strong> I Katia Bilardo, Amsterdam<\/li><li><strong>Screening im II.Trimenon: Tipps f\u00fcr den Alltag<\/strong> I Rabih Chaoui, Berlin<\/li><li><strong style=\"font-size: 1rem;\">Herz: Basis und erweiterte Untersuchung<\/strong><span style=\"font-size: 1rem;\"> I Karim Kalache, Doha<\/span><\/li><li><strong>Fetale Tumoren<\/strong> I Matthias Meyer-Wittkopf, Rheine<\/li><li><strong>Fetal&nbsp;brain:&nbsp;Basic&nbsp;and&nbsp;extended&nbsp;exam<\/strong> I Liona Poon, Hong Kong<\/li><li><strong>Wann ist ein fetales Neuro-MRI n\u00f6tig, und was kann man sehen<\/strong>? I Daniela Prayer, Wien<\/li><li><strong>Intrapartaler&nbsp;Ultraschall&nbsp;von&nbsp;der&nbsp;Pieke&nbsp;auf<\/strong> I Larry Hinkson, Berlin<\/li><\/ul>\n\n\n\n<h3 class=\"wp-block-heading\" id=\"bitte_beachten_Sie\">Anerkannt als SGGG-Kernfortbildung mit 8 Credits. SGUM-Anerkennung 10 Credits. Der Kurs ist DEGUM-zertifiziert.<\/h3>\n\n\n\n<h3 class=\"wp-block-heading\" id=\"bitte-beachten-sie\">Bitte beachten Sie:<\/h3>\n\n\n\n<p>Sie k\u00f6nnen nur mit der email-Adresse teilnehmen, mit der sie sich registriert haben. Bitte pr\u00fcfen Sie unbedingt VOR der Veranstaltung das Verbindungstool (Zoom) auf dem Ger\u00e4t, mit dem Sie teilnehmen wollen, um sicherzustellen, dass Sie teilnehmen k\u00f6nnen. Testen Sie das Verbindungs-Tool (Zoom)&nbsp;<a rel=\"noreferrer noopener\" href=\"https:\/\/zoom.us\/test\" target=\"_blank\">hier<\/a>. Sie M\u00dcSSEN auf diesem Ger\u00e4t auch Zugang zu Ihrer email haben, mir der Sie sich registriert und auf die Sie Ihren pers\u00f6nlichen Teilnahmelink erhalten haben.&nbsp;<\/p>\n\n\n\n<p>W\u00e4hrend der Veranstaltung k\u00f6nnen wir leider KEINE technische Unterst\u00fctzung leisten oder Anfragen beantworten.<\/p>\n\n\n\n<p>Bitte, loggen Sie sich am Veranstaltungstag rechtzeitig ein und bleiben die gesamte Dauer des Webinars eingeloggt. Die Dauer Ihrer Anwesenheit wird registriert und auf der Teilnahmebest\u00e4tigung angegeben. Sie erhalten die vergebenen Fortbildungspunkte (Credits) u.U. NUR bei Nachweis einer vollst\u00e4ndigen Anwesenheit w\u00e4hrend der live-Veranstaltung. Die Dauer Ihrer pers\u00f6nlichen Anwesenheit wird auf Ihrer Teilnahmebescheinigung ausgewiesen (Muster&nbsp;<a rel=\"noreferrer noopener\" href=\"https:\/\/kurse.praenatal-zuerich.ch\/wp-content\/uploads\/2021\/11\/TN-Bescheinigung-11.12.21-Bsp.-anonymisiert-web.jpg\" target=\"_blank\">hier<\/a>).<\/p>\n\n\n\n<p>Wenn Sie die Veranstaltung gemeinsam mit Kolleginnen oder Kollegen betrachten, M\u00dcSSEN sich alle Teilnehmenden mit den jeweiligen registrierten email-Adressen SEPARAT (d.h. mit unterschiedlichen Ger\u00e4ten, z.B. Smartphone) einloggen. Andernfalls k\u00f6nnen weiteren Teilnehmenden leider KEINE Teilnahmebest\u00e4tigungen ausgestellt werden.<\/p>\n\n\n\n<h3 class=\"wp-block-heading\" id=\"teilnahmebescheinigung\">Teilnahmebescheinigung<\/h3>\n\n\n\n<p>Bitte, loggen Sie sich zu Beginn der Veranstaltung ein und bleiben sie w\u00e4hrend der gesamten Dauer des Webinars eingeloggt. Nur so k\u00f6nnen Sie sicherstellen, dass Ihre bescheinigte Teilnahmedauer die Kursdauer umfasst.<\/p>\n\n\n\n<p>Nach der Veranstaltung erhalten alle Teilnehmenden eine Teilnahmebescheinigung per email (Muster&nbsp;<a rel=\"noreferrer noopener\" href=\"https:\/\/kurse.praenatal-zuerich.ch\/wp-content\/uploads\/2021\/11\/TN-Bescheinigung-11.12.21-Bsp.-anonymisiert-web.jpg\" target=\"_blank\">hier<\/a>). Diese email IST IHRE TEILNAHMEBEST\u00c4TIGUNG. Bitte drucken Sie sie lokal oder speichern Sie sie als PDF f\u00fcr Ihre Unterlagen. In der Teilnahmebest\u00e4tigung ist die Dauer Ihrer Anwesenheit im Webinar aufgef\u00fchrt.&nbsp;<\/p>\n\n\n\n<p>Wenn Sie die Veranstaltung gemeinsam mit Kolleginnen oder Kollegen betrachten, M\u00dcSSEN sich alle Teilnehmenden mit den registrierten email-Adressen SEPARAT einloggen. Andernfalls k\u00f6nnen weiteren Teilnehmenden KEINE Teilnahmebest\u00e4tigungen ausgestellt werden.<\/p>\n\n\n\n<p><\/p>\n","protected":false},"excerpt":{"rendered":"<p>[wpcdt-countdown id=&#8220;4072&#8243;] Flyer (mit Detailprogramm) I Stimmen zum letzten Kurs I Teaser I Kursmaterial I Aktuellstes Detailprogramm I Vortrag Dr. [&hellip;]<\/p>\n","protected":false},"author":1,"featured_media":0,"parent":103,"menu_order":0,"comment_status":"closed","ping_status":"closed","template":"page-templates\/full-width.php","meta":{"site-sidebar-layout":"default","site-content-layout":"","ast-site-content-layout":"default","site-content-style":"default","site-sidebar-style":"default","ast-global-header-display":"","ast-banner-title-visibility":"","ast-main-header-display":"","ast-hfb-above-header-display":"","ast-hfb-below-header-display":"","ast-hfb-mobile-header-display":"","site-post-title":"","ast-breadcrumbs-content":"","ast-featured-img":"","footer-sml-layout":"","ast-disable-related-posts":"","theme-transparent-header-meta":"","adv-header-id-meta":"","stick-header-meta":"","header-above-stick-meta":"","header-main-stick-meta":"","header-below-stick-meta":"","astra-migrate-meta-layouts":"default","ast-page-background-enabled":"default","ast-page-background-meta":{"desktop":{"background-color":"var(--ast-global-color-5)","background-image":"","background-repeat":"repeat","background-position":"center center","background-size":"auto","background-attachment":"scroll","background-type":"","background-media":"","overlay-type":"","overlay-color":"","overlay-opacity":"","overlay-gradient":""},"tablet":{"background-color":"","background-image":"","background-repeat":"repeat","background-position":"center center","background-size":"auto","background-attachment":"scroll","background-type":"","background-media":"","overlay-type":"","overlay-color":"","overlay-opacity":"","overlay-gradient":""},"mobile":{"background-color":"","background-image":"","background-repeat":"repeat","background-position":"center center","background-size":"auto","background-attachment":"scroll","background-type":"","background-media":"","overlay-type":"","overlay-color":"","overlay-opacity":"","overlay-gradient":""}},"ast-content-background-meta":{"desktop":{"background-color":"var(--ast-global-color-4)","background-image":"","background-repeat":"repeat","background-position":"center center","background-size":"auto","background-attachment":"scroll","background-type":"","background-media":"","overlay-type":"","overlay-color":"","overlay-opacity":"","overlay-gradient":""},"tablet":{"background-color":"var(--ast-global-color-4)","background-image":"","background-repeat":"repeat","background-position":"center center","background-size":"auto","background-attachment":"scroll","background-type":"","background-media":"","overlay-type":"","overlay-color":"","overlay-opacity":"","overlay-gradient":""},"mobile":{"background-color":"var(--ast-global-color-4)","background-image":"","background-repeat":"repeat","background-position":"center center","background-size":"auto","background-attachment":"scroll","background-type":"","background-media":"","overlay-type":"","overlay-color":"","overlay-opacity":"","overlay-gradient":""}},"footnotes":""},"class_list":["post-4023","page","type-page","status-publish","hentry"],"_links":{"self":[{"href":"https:\/\/kurse.praenatal-zuerich.ch\/index.php?rest_route=\/wp\/v2\/pages\/4023","targetHints":{"allow":["GET"]}}],"collection":[{"href":"https:\/\/kurse.praenatal-zuerich.ch\/index.php?rest_route=\/wp\/v2\/pages"}],"about":[{"href":"https:\/\/kurse.praenatal-zuerich.ch\/index.php?rest_route=\/wp\/v2\/types\/page"}],"author":[{"embeddable":true,"href":"https:\/\/kurse.praenatal-zuerich.ch\/index.php?rest_route=\/wp\/v2\/users\/1"}],"replies":[{"embeddable":true,"href":"https:\/\/kurse.praenatal-zuerich.ch\/index.php?rest_route=%2Fwp%2Fv2%2Fcomments&post=4023"}],"version-history":[{"count":57,"href":"https:\/\/kurse.praenatal-zuerich.ch\/index.php?rest_route=\/wp\/v2\/pages\/4023\/revisions"}],"predecessor-version":[{"id":5186,"href":"https:\/\/kurse.praenatal-zuerich.ch\/index.php?rest_route=\/wp\/v2\/pages\/4023\/revisions\/5186"}],"up":[{"embeddable":true,"href":"https:\/\/kurse.praenatal-zuerich.ch\/index.php?rest_route=\/wp\/v2\/pages\/103"}],"wp:attachment":[{"href":"https:\/\/kurse.praenatal-zuerich.ch\/index.php?rest_route=%2Fwp%2Fv2%2Fmedia&parent=4023"}],"curies":[{"name":"wp","href":"https:\/\/api.w.org\/{rel}","templated":true}]}}