{"id":49,"date":"2018-01-25T20:39:44","date_gmt":"2018-01-25T20:39:44","guid":{"rendered":"http:\/\/kurse.praenatal-zuerich.ch\/?page_id=49"},"modified":"2020-08-29T08:27:37","modified_gmt":"2020-08-29T08:27:37","slug":"ueber-uns","status":"publish","type":"page","link":"https:\/\/kurse.praenatal-zuerich.ch\/?page_id=49","title":{"rendered":"\u00fcber uns"},"content":{"rendered":"<p><span style=\"font-size: 1rem;\">Seit 2014 bieten wir in Z\u00fcrich jedes Jahr mehrere Ultraschallkurse an.\u00a0Diese Kurse sind ein Update f\u00fcr praktisch t\u00e4tige Kolleginnen und Kollegen und gleichermassen f\u00fcr &#8222;alten Hasen&#8220; wie auch f\u00fcr die Einsteiger. Und sie eignen sich auch zur Vorbereitung auf den Berufseinstieg in der Praxis oder f\u00fcr die Anforderungen im Ambulatorium in der Klinik, also f\u00fcr Assistentinnen und Assistenten.<\/span><\/p>\n<p>F\u00fcr die Kurse wird die SGGG-Zertifizierung beantragt und die US-Kurse zus\u00e4tzlich das SGUM-Zertifikat (qird auch anerkannt als DEGUM-Zertifikat). Sie beinhalten umfangreiches Lehrmaterial und interaktives Multimedia auf Kursseiten nur f\u00fcr die Teilnehmer.<\/p>\n<p><a href=\"http:\/\/www.fetal.ch\" target=\"_blank\" rel=\"noopener noreferrer\">Pr\u00e4natal Z\u00fcrich<\/a> wird geleitet von <a href=\"http:\/\/praenatal-zuerich.ch\/?page_id=39\" target=\"_blank\" rel=\"noopener noreferrer\">Prof . Boris Tutschek<\/a> und ist<\/p>\n<ul>\n<li>eine spezialsierte Arztpraxis f\u00fcr pr\u00e4natale Diagnostik, fetale Medizin, pr\u00e4natale und genetische Beratung,<\/li>\n<li>Herausgeber von Fortbildungsschriften,<\/li>\n<li>Organisator von Fortbildungen f\u00fcr Kolleginnen und Kollegen und Weiterbildungsangeboten f\u00fcr Assistentinnen und Assistenten und<\/li>\n<li>Anbieter von Hospitationen in Fetalmedizin.<\/li>\n<\/ul>\n<p>Die Kurse werden mit renommierten und erfahrenen Schweizer und bekannten internationalen Referenten durchgef\u00fchrt (Details in den einzelnen Programmen).<\/p>\n<p>Klicken Sie <a href=\"http:\/\/www.fetal.ch\" target=\"_blank\" rel=\"noopener noreferrer\">hier<\/a> f\u00fcr den Zugang zur Praxis Pr\u00e4natal Z\u00fcrich.<\/p>\n<p>&nbsp;<\/p>\n","protected":false},"excerpt":{"rendered":"<p>Seit 2014 bieten wir in Z\u00fcrich jedes Jahr mehrere Ultraschallkurse an.\u00a0Diese Kurse sind ein Update f\u00fcr praktisch t\u00e4tige Kolleginnen und [&hellip;]<\/p>\n","protected":false},"author":1,"featured_media":0,"parent":0,"menu_order":5,"comment_status":"closed","ping_status":"closed","template":"page-templates\/full-width.php","meta":{"site-sidebar-layout":"default","site-content-layout":"","ast-site-content-layout":"default","site-content-style":"default","site-sidebar-style":"default","ast-global-header-display":"","ast-banner-title-visibility":"","ast-main-header-display":"","ast-hfb-above-header-display":"","ast-hfb-below-header-display":"","ast-hfb-mobile-header-display":"","site-post-title":"","ast-breadcrumbs-content":"","ast-featured-img":"","footer-sml-layout":"","ast-disable-related-posts":"","theme-transparent-header-meta":"","adv-header-id-meta":"","stick-header-meta":"","header-above-stick-meta":"","header-main-stick-meta":"","header-below-stick-meta":"","astra-migrate-meta-layouts":"default","ast-page-background-enabled":"default","ast-page-background-meta":{"desktop":{"background-color":"var(--ast-global-color-5)","background-image":"","background-repeat":"repeat","background-position":"center center","background-size":"auto","background-attachment":"scroll","background-type":"","background-media":"","overlay-type":"","overlay-color":"","overlay-opacity":"","overlay-gradient":""},"tablet":{"background-color":"","background-image":"","background-repeat":"repeat","background-position":"center center","background-size":"auto","background-attachment":"scroll","background-type":"","background-media":"","overlay-type":"","overlay-color":"","overlay-opacity":"","overlay-gradient":""},"mobile":{"background-color":"","background-image":"","background-repeat":"repeat","background-position":"center center","background-size":"auto","background-attachment":"scroll","background-type":"","background-media":"","overlay-type":"","overlay-color":"","overlay-opacity":"","overlay-gradient":""}},"ast-content-background-meta":{"desktop":{"background-color":"var(--ast-global-color-4)","background-image":"","background-repeat":"repeat","background-position":"center center","background-size":"auto","background-attachment":"scroll","background-type":"","background-media":"","overlay-type":"","overlay-color":"","overlay-opacity":"","overlay-gradient":""},"tablet":{"background-color":"var(--ast-global-color-4)","background-image":"","background-repeat":"repeat","background-position":"center center","background-size":"auto","background-attachment":"scroll","background-type":"","background-media":"","overlay-type":"","overlay-color":"","overlay-opacity":"","overlay-gradient":""},"mobile":{"background-color":"var(--ast-global-color-4)","background-image":"","background-repeat":"repeat","background-position":"center center","background-size":"auto","background-attachment":"scroll","background-type":"","background-media":"","overlay-type":"","overlay-color":"","overlay-opacity":"","overlay-gradient":""}},"footnotes":""},"class_list":["post-49","page","type-page","status-publish","hentry"],"_links":{"self":[{"href":"https:\/\/kurse.praenatal-zuerich.ch\/index.php?rest_route=\/wp\/v2\/pages\/49","targetHints":{"allow":["GET"]}}],"collection":[{"href":"https:\/\/kurse.praenatal-zuerich.ch\/index.php?rest_route=\/wp\/v2\/pages"}],"about":[{"href":"https:\/\/kurse.praenatal-zuerich.ch\/index.php?rest_route=\/wp\/v2\/types\/page"}],"author":[{"embeddable":true,"href":"https:\/\/kurse.praenatal-zuerich.ch\/index.php?rest_route=\/wp\/v2\/users\/1"}],"replies":[{"embeddable":true,"href":"https:\/\/kurse.praenatal-zuerich.ch\/index.php?rest_route=%2Fwp%2Fv2%2Fcomments&post=49"}],"version-history":[{"count":8,"href":"https:\/\/kurse.praenatal-zuerich.ch\/index.php?rest_route=\/wp\/v2\/pages\/49\/revisions"}],"predecessor-version":[{"id":922,"href":"https:\/\/kurse.praenatal-zuerich.ch\/index.php?rest_route=\/wp\/v2\/pages\/49\/revisions\/922"}],"wp:attachment":[{"href":"https:\/\/kurse.praenatal-zuerich.ch\/index.php?rest_route=%2Fwp%2Fv2%2Fmedia&parent=49"}],"curies":[{"name":"wp","href":"https:\/\/api.w.org\/{rel}","templated":true}]}}