{"id":6907,"date":"2022-11-20T16:39:45","date_gmt":"2022-11-20T15:39:45","guid":{"rendered":"https:\/\/kurse.praenatal-zuerich.ch\/?page_id=6907"},"modified":"2022-11-27T12:56:39","modified_gmt":"2022-11-27T11:56:39","slug":"anleitung-gib-2022-online-nachschauen","status":"publish","type":"page","link":"https:\/\/kurse.praenatal-zuerich.ch\/?page_id=6907","title":{"rendered":"GIB 2022 Debriefing"},"content":{"rendered":"\n<p><a href=\"https:\/\/kurse.praenatal-zuerich.ch\/wp-content\/uploads\/2022\/11\/Muster-TN-Formular.pdf\">Muster Teilnahmeformular<\/a><\/p>\n\n\n\n<p>Muster Teilnahmebest\u00e4tigung<\/p>\n\n\n\n<h2 class=\"wp-block-heading\">Vortr\u00e4ge online nachschauen<\/h2>\n\n\n\n<p>Als registrierte Besucher erhalten Sie per email pers\u00f6nliche Links, um die Vortr\u00e4ge des GIB 2022 in den acht Wochen nach dem live-Kurs (ggf. nochmals) anzusehen. <\/p>\n\n\n\n<p>Um die Videos anzusehen, m\u00fcssen Sie sich einmal bei Zoom registrieren (Abb. 1).<\/p>\n\n\n\n<p>Aus technischen Gr\u00fcnden enth\u00e4lt die o.g.&nbsp;email zwei Links, einmal f\u00fcr Freitag, einmal f\u00fcr Samstag. F\u00fcr den Freitag gibt es zwei Videos. Schalten Sie mit &gt;I und I&lt; zwischen den beiden Aufzeichnungen vom Freitag um (s. Abb. 2).<\/p>\n\n\n\n<figure class=\"wp-block-image size-large\"><img loading=\"lazy\" decoding=\"async\" width=\"1024\" height=\"802\" src=\"https:\/\/kurse.praenatal-zuerich.ch\/wp-content\/uploads\/2022\/11\/Bildschirm\u00adfoto-2022-11-20-um-16.20.47-1024x802.png\" alt=\"\" class=\"wp-image-6908\" srcset=\"https:\/\/kurse.praenatal-zuerich.ch\/wp-content\/uploads\/2022\/11\/Bildschirm\u00adfoto-2022-11-20-um-16.20.47-1024x802.png 1024w, https:\/\/kurse.praenatal-zuerich.ch\/wp-content\/uploads\/2022\/11\/Bildschirm\u00adfoto-2022-11-20-um-16.20.47-300x235.png 300w, https:\/\/kurse.praenatal-zuerich.ch\/wp-content\/uploads\/2022\/11\/Bildschirm\u00adfoto-2022-11-20-um-16.20.47-768x601.png 768w, https:\/\/kurse.praenatal-zuerich.ch\/wp-content\/uploads\/2022\/11\/Bildschirm\u00adfoto-2022-11-20-um-16.20.47-1536x1203.png 1536w, https:\/\/kurse.praenatal-zuerich.ch\/wp-content\/uploads\/2022\/11\/Bildschirm\u00adfoto-2022-11-20-um-16.20.47-624x489.png 624w, https:\/\/kurse.praenatal-zuerich.ch\/wp-content\/uploads\/2022\/11\/Bildschirm\u00adfoto-2022-11-20-um-16.20.47.png 1650w\" sizes=\"auto, (max-width: 1024px) 100vw, 1024px\" \/><figcaption class=\"wp-element-caption\">Abb. 1: Registrieren bei Zoom, um dann die Aufzeichnungen vom GIB 2022 anzusehen<\/figcaption><\/figure>\n\n\n\n<figure class=\"wp-block-image size-large\"><img loading=\"lazy\" decoding=\"async\" width=\"1024\" height=\"473\" src=\"https:\/\/kurse.praenatal-zuerich.ch\/wp-content\/uploads\/2022\/11\/Bildschirm\u00adfoto-2022-11-20-um-16.22.43-1024x473.png\" alt=\"\" class=\"wp-image-6909\" srcset=\"https:\/\/kurse.praenatal-zuerich.ch\/wp-content\/uploads\/2022\/11\/Bildschirm\u00adfoto-2022-11-20-um-16.22.43-1024x473.png 1024w, https:\/\/kurse.praenatal-zuerich.ch\/wp-content\/uploads\/2022\/11\/Bildschirm\u00adfoto-2022-11-20-um-16.22.43-300x139.png 300w, https:\/\/kurse.praenatal-zuerich.ch\/wp-content\/uploads\/2022\/11\/Bildschirm\u00adfoto-2022-11-20-um-16.22.43-768x355.png 768w, https:\/\/kurse.praenatal-zuerich.ch\/wp-content\/uploads\/2022\/11\/Bildschirm\u00adfoto-2022-11-20-um-16.22.43-1536x710.png 1536w, https:\/\/kurse.praenatal-zuerich.ch\/wp-content\/uploads\/2022\/11\/Bildschirm\u00adfoto-2022-11-20-um-16.22.43-2048x947.png 2048w, https:\/\/kurse.praenatal-zuerich.ch\/wp-content\/uploads\/2022\/11\/Bildschirm\u00adfoto-2022-11-20-um-16.22.43-624x288.png 624w\" sizes=\"auto, (max-width: 1024px) 100vw, 1024px\" \/><figcaption class=\"wp-element-caption\">Abb. 2 Video mit Chat. Beachte: AM Samstag erfolgt das Umschalten zwischen den zwei Aufzeichungsteilen mit den Schaltkn\u00f6pfen I&lt; und &gt;I neben dem Startknopf.<\/figcaption><\/figure>\n\n\n\n<h2 class=\"wp-block-heading\">2. Reglement bz. Teilnahmebescheinigungen<\/h2>\n\n\n\n<p>Teilnahmebescheinigungen mit den Angabe der vergebenen Punkte nach SGGG und \u00c4rztekammer Berlin werden nach dem Kurs per email nur an registrierte Teilnehmer, die ihre Anwesenheit beim live-Kurs durch Beantworten der Anwesenheitsformulare belegt haben, verschickt. Anwesenheitsnachweise durch email w\u00e4hrend des live-Kurses oder danach oder durch Eintragungen im Chat sind NICHT g\u00fcltig. <\/p>\n\n\n\n<p>Registrierte Teilnehmer, die bei der Anmeldung bei Zoom nicht korrekt ihren vollst\u00e4ndigen (oder zumindest erkennbaren) Namen eingetragen haben, kann mangels m\u00f6glicher Zuordnung zu den automatisch erhobenen Teilnahmedaten keine Teilnahmebescheinigungen ausgestellt werden; sie erhalten nur eine Registrierungbescheinigung.  <\/p>\n\n\n\n<p><strong>Schweizer<\/strong> Teilnehmer reichen ihre Teilnahmebescheinigung im Rahmen der alle drei Jahre erforderlichen Re-Zertifizierung selbst beim SIWF ein.<\/p>\n\n\n\n<p>Teilnehmer mit <strong>deutscher<\/strong> EFN-Nummer werden mit Namen und EFN der \u00c4rztekammer Berlin gemeldet.<\/p>\n\n\n\n<p>F\u00fcr Teilnehmer mit einer <strong>\u00f6sterreichischen<\/strong> \u00c4rztenummer wird diese im Zertifikat angegeben, aber NICHT an die \u00d6sterreichischen Stellen weitergeleitet. Bitte reichen Sie diese Teilnahmebescheinigung selbst  ein.<\/p>\n\n\n\n<p>Registrierte Teilnehmer, die <strong>nicht am live-Kurs teilgenommen<\/strong> haben, k\u00f6nnen die Vortr\u00e4ge \u00fcber den Zeitraum von acht Wochen nach dem live-Kurs nachtr\u00e4glich anschauen. Sie erhalten eine Registrierungbest\u00e4tigung und k\u00f6nnen versuchen, diese bei der zust\u00e4ndigen Stelle (SGGG oder \u00c4rztekammer) anerkennen zu lassen (dann whs. mit reduzierter Punktzahl). Wir k\u00f6nnen dabei KEINE Hilfe leisten.<\/p>\n\n\n\n<p><\/p>\n","protected":false},"excerpt":{"rendered":"<p>Muster Teilnahmeformular Muster Teilnahmebest\u00e4tigung Vortr\u00e4ge online nachschauen Als registrierte Besucher erhalten Sie per email pers\u00f6nliche Links, um die Vortr\u00e4ge des [&hellip;]<\/p>\n","protected":false},"author":1,"featured_media":0,"parent":0,"menu_order":0,"comment_status":"closed","ping_status":"closed","template":"page-templates\/full-width.php","meta":{"site-sidebar-layout":"default","site-content-layout":"","ast-site-content-layout":"default","site-content-style":"default","site-sidebar-style":"default","ast-global-header-display":"","ast-banner-title-visibility":"","ast-main-header-display":"","ast-hfb-above-header-display":"","ast-hfb-below-header-display":"","ast-hfb-mobile-header-display":"","site-post-title":"","ast-breadcrumbs-content":"","ast-featured-img":"","footer-sml-layout":"","ast-disable-related-posts":"","theme-transparent-header-meta":"","adv-header-id-meta":"","stick-header-meta":"","header-above-stick-meta":"","header-main-stick-meta":"","header-below-stick-meta":"","astra-migrate-meta-layouts":"default","ast-page-background-enabled":"default","ast-page-background-meta":{"desktop":{"background-color":"var(--ast-global-color-5)","background-image":"","background-repeat":"repeat","background-position":"center center","background-size":"auto","background-attachment":"scroll","background-type":"","background-media":"","overlay-type":"","overlay-color":"","overlay-opacity":"","overlay-gradient":""},"tablet":{"background-color":"","background-image":"","background-repeat":"repeat","background-position":"center center","background-size":"auto","background-attachment":"scroll","background-type":"","background-media":"","overlay-type":"","overlay-color":"","overlay-opacity":"","overlay-gradient":""},"mobile":{"background-color":"","background-image":"","background-repeat":"repeat","background-position":"center center","background-size":"auto","background-attachment":"scroll","background-type":"","background-media":"","overlay-type":"","overlay-color":"","overlay-opacity":"","overlay-gradient":""}},"ast-content-background-meta":{"desktop":{"background-color":"var(--ast-global-color-4)","background-image":"","background-repeat":"repeat","background-position":"center center","background-size":"auto","background-attachment":"scroll","background-type":"","background-media":"","overlay-type":"","overlay-color":"","overlay-opacity":"","overlay-gradient":""},"tablet":{"background-color":"var(--ast-global-color-4)","background-image":"","background-repeat":"repeat","background-position":"center center","background-size":"auto","background-attachment":"scroll","background-type":"","background-media":"","overlay-type":"","overlay-color":"","overlay-opacity":"","overlay-gradient":""},"mobile":{"background-color":"var(--ast-global-color-4)","background-image":"","background-repeat":"repeat","background-position":"center center","background-size":"auto","background-attachment":"scroll","background-type":"","background-media":"","overlay-type":"","overlay-color":"","overlay-opacity":"","overlay-gradient":""}},"footnotes":""},"class_list":["post-6907","page","type-page","status-publish","hentry"],"_links":{"self":[{"href":"https:\/\/kurse.praenatal-zuerich.ch\/index.php?rest_route=\/wp\/v2\/pages\/6907","targetHints":{"allow":["GET"]}}],"collection":[{"href":"https:\/\/kurse.praenatal-zuerich.ch\/index.php?rest_route=\/wp\/v2\/pages"}],"about":[{"href":"https:\/\/kurse.praenatal-zuerich.ch\/index.php?rest_route=\/wp\/v2\/types\/page"}],"author":[{"embeddable":true,"href":"https:\/\/kurse.praenatal-zuerich.ch\/index.php?rest_route=\/wp\/v2\/users\/1"}],"replies":[{"embeddable":true,"href":"https:\/\/kurse.praenatal-zuerich.ch\/index.php?rest_route=%2Fwp%2Fv2%2Fcomments&post=6907"}],"version-history":[{"count":6,"href":"https:\/\/kurse.praenatal-zuerich.ch\/index.php?rest_route=\/wp\/v2\/pages\/6907\/revisions"}],"predecessor-version":[{"id":6954,"href":"https:\/\/kurse.praenatal-zuerich.ch\/index.php?rest_route=\/wp\/v2\/pages\/6907\/revisions\/6954"}],"wp:attachment":[{"href":"https:\/\/kurse.praenatal-zuerich.ch\/index.php?rest_route=%2Fwp%2Fv2%2Fmedia&parent=6907"}],"curies":[{"name":"wp","href":"https:\/\/api.w.org\/{rel}","templated":true}]}}