{"id":6934,"date":"2022-11-26T12:26:41","date_gmt":"2022-11-26T11:26:41","guid":{"rendered":"https:\/\/kurse.praenatal-zuerich.ch\/?page_id=6934"},"modified":"2023-04-07T12:05:32","modified_gmt":"2023-04-07T11:05:32","slug":"fruehjahr-2023-our-little-secrets","status":"publish","type":"page","link":"https:\/\/kurse.praenatal-zuerich.ch\/?page_id=6934","title":{"rendered":"Do. 23.03.23: Our little secrets"},"content":{"rendered":"\n<h3 class=\"wp-block-heading has-text-color\" style=\"color:#fa0000\"><a href=\"https:\/\/kurse.praenatal-zuerich.ch\/?page_id=7202\" data-type=\"page\" data-id=\"7202\">Wie Teilnehmerinnen diesen Kurs bewerten<\/a><\/h3>\n\n\n\n<p class=\"has-text-color\" style=\"color:#fa0000\"><strong>05.04.23<\/strong>: Alle TN, die sich \u00fcber den Link im Chat w\u00e4hren der live-Veranstaltung eingetragen haben, haben die TN-Bescheinigungen letztes Wochenende bereits erhalten. Alle anderen werden diese Wocheneinde eine Aufforderung per email erhalten, ihre Angaben zu best\u00e4tigen. Vielen Dank im Voraus.<\/p>\n\n\n\n<p class=\"has-text-color\" style=\"color:#fa0000\"><strong>04.04.23<\/strong>: Der Teilnahmelink, den registrrierte Teilnehmer vor dem Kurs erhalten haben, ist auch der Zugang zum nachtr\u00e4glichen Ansehen der Vortr\u00e4ge. Diese sind seit dem Kursende und bis Ende Mai f\u00fcr registrierte TN einsehbar.<\/p>\n\n\n\n<p class=\"has-text-color\" style=\"color:#fa0000\"><strong>01.04.2023<\/strong> : Die Teilnahmebest\u00e4tigungen werden an diesem Wochenende erstellt und versendet, vielen Dank f\u00fcr Ihre Geduld!<\/p>\n\n\n\n<p class=\"has-text-color\" style=\"color:#f81717\">F\u00fcr Teilnehmerinnen aus Deutschland (lt. \u00c4rztekammer Berlin) und \u00d6sterreich (lt.&nbsp;Arztakademie): Die Anerkennung der FB erfolgt nach Vorlage dieser Teilnahmebescheinigung bei der jeweiligen zust\u00e4ndigen deutschen bzw. \u00f6sterreichischen \u00c4rztekammer (s.a. Best\u00e4tigung der \u00c4rztekammer Berlin <a href=\"https:\/\/kurse.praenatal-zuerich.ch\/wp-content\/uploads\/2023\/04\/AeKB-zur-Anerkennung-FB-aus-der-Schweiz.pdf\">hier<\/a>)<\/p>\n\n\n\n<p><a href=\"https:\/\/kurse.praenatal-zuerich.ch\/wp-content\/uploads\/2023\/03\/Flyer-Our-little-secrets.pdf\">Flyer<\/a> I <a href=\"https:\/\/kurse.praenatal-zuerich.ch\/wp-content\/uploads\/2023\/03\/Detailprogramm-Our-little-secrets-23.03.23-1.pdf\">Detailprogramm<\/a> I <a href=\"https:\/\/kurse.praenatal-zuerich.ch\/?page_id=7183\" data-type=\"page\" data-id=\"7183\">Bitte UNBEDINGT lesen: Teilnahmebedingungen und wichtige technische Infos<\/a><\/p>\n\n\n\n<p>Der Kurs findet als Webinar (online) live statt. Die Teilnahmegeb\u00fchr betr\u00e4gt 185 Euro. Falls Sie am 23.03.23 nicht live teilnehmen k\u00f6nnen: Registrierte TN k\u00f6nnen den Kurs f\u00fcr 8 Woche online \u00abnachsehen\u00bb, allerdings wird daf\u00fcr keine Teilnahme-Bescheinigung, sondern  eine Registrierungs-Best\u00e4tigung ausgegeben.<\/p>\n\n\n\n<p><strong>CH: Anerkannt als SGGG-Kernfortbildung, 9 Credits I Anerkennung von 8 Credits durch die SGUM\/SGUMGG<\/strong><\/p>\n\n\n\n<p><strong>D: Anerkennung von Fortbildungspunkten bei der \u00c4rztekammer Berlin wurde beantragt.<\/strong><\/p>\n\n\n\n<p><strong>A: Gem\u00e4ss \u00d6sterreichischer Akademie der \u00c4rzte, Februar 2023: Weil die Fortbildung von der SGGG anerkannt ist und Punkte erhalten hat, k\u00f6nnen sich Kolleginnen und Kollegen aus \u00d6sterreich die Fortbildungspunkte selbst auf ihrem Fortbildungskonto\/DFP eintragen. Diese Konten werden dann von der jeweiligen Landes\u00e4rztekammer gepr\u00fcft, und in der Schweiz anerkannte FB werden auch in \u00d6sterreich anerkannt.&nbsp;<\/strong><\/p>\n\n\n\n<p>[wpcdt-countdown id=&#8220;7193&#8243;]<\/p>\n\n\n\n<figure class=\"wp-block-image size-full\"><img loading=\"lazy\" decoding=\"async\" width=\"997\" height=\"427\" src=\"https:\/\/kurse.praenatal-zuerich.ch\/wp-content\/uploads\/2023\/02\/Flyer-Our-little-secrets-Banner-fuer-email.jpg\" alt=\"\" class=\"wp-image-7330\" srcset=\"https:\/\/kurse.praenatal-zuerich.ch\/wp-content\/uploads\/2023\/02\/Flyer-Our-little-secrets-Banner-fuer-email.jpg 997w, https:\/\/kurse.praenatal-zuerich.ch\/wp-content\/uploads\/2023\/02\/Flyer-Our-little-secrets-Banner-fuer-email-300x128.jpg 300w, https:\/\/kurse.praenatal-zuerich.ch\/wp-content\/uploads\/2023\/02\/Flyer-Our-little-secrets-Banner-fuer-email-768x329.jpg 768w, https:\/\/kurse.praenatal-zuerich.ch\/wp-content\/uploads\/2023\/02\/Flyer-Our-little-secrets-Banner-fuer-email-624x267.jpg 624w\" sizes=\"auto, (max-width: 997px) 100vw, 997px\" \/><\/figure>\n\n\n\n<p>Detailprogramm demn\u00e4chst hier.<\/p>\n\n\n\n<h2 class=\"wp-block-heading\">Beispiel-Vorlesung: Das fetale Herz (Basis und erweitert) I 61 Minuten<\/h2>\n\n\n\n<figure class=\"wp-block-embed is-type-video is-provider-vimeo wp-block-embed-vimeo\"><div class=\"wp-block-embed__wrapper\">\n<iframe loading=\"lazy\" src=\"https:\/\/player.vimeo.com\/video\/815601318?dnt=1&amp;app_id=122963\" width=\"500\" height=\"307\" frameborder=\"0\" allow=\"autoplay; fullscreen; picture-in-picture; clipboard-write; encrypted-media; web-share\" referrerpolicy=\"strict-origin-when-cross-origin\"><\/iframe>\n<\/div><\/figure>\n\n\n\n<h2 class=\"wp-block-heading\">Beispiel-Video aus dem Kurs<\/h2>\n\n\n\n<figure class=\"wp-block-video\"><video height=\"720\" style=\"aspect-ratio: 796 \/ 720;\" width=\"796\" controls src=\"https:\/\/kurse.praenatal-zuerich.ch\/wp-content\/uploads\/2023\/02\/nl-fetal-heart-12w.mp4\"><\/video><figcaption class=\"wp-element-caption\">Fetale Herzuntersuchung bei 12 Wochen<\/figcaption><\/figure>\n\n\n\n<p>Mit freundlicher Unterst\u00fctzung von: GE Healthcare, AdPharm<\/p>\n\n\n\n<h4 class=\"wp-block-heading\">Ich m\u00f6chte gerne \u00fcber zuk\u00fcnftige Kurse benachrichtigt werden (Beachte: Die Eintragung hier registriert Sie NICHT f\u00fcr den 23.03.23)<\/h4>\n\n\n\n<!-- Begin Mailchimp Signup Form -->\n<link href=\"\/\/cdn-images.mailchimp.com\/embedcode\/classic-071822.css\" rel=\"stylesheet\" type=\"text\/css\">\n<style type=\"text\/css\">\n\t#mc_embed_signup{background:#fff; clear:left; font:14px Helvetica,Arial,sans-serif;  width:500px;}\n\t\/* Add your own Mailchimp form style overrides in your site stylesheet or in this style block.\n\t   We recommend moving this block and the preceding CSS link to the HEAD of your HTML file. *\/\n<\/style>\n<div id=\"mc_embed_signup\">\n    <form action=\"https:\/\/praenatal-zuerich.us8.list-manage.com\/subscribe\/post?u=7bdff13ce36c81f70c8698152&amp;id=b685ca029a&amp;f_id=00140be0f0\" method=\"post\" id=\"mc-embedded-subscribe-form\" name=\"mc-embedded-subscribe-form\" class=\"validate\" target=\"_blank\" novalidate=\"\">\n        <div id=\"mc_embed_signup_scroll\">\n        \n        <div class=\"indicates-required\"><span class=\"asterisk\">*<\/span> indicates required<\/div>\n<div class=\"mc-field-group\">\n\t<label for=\"mce-EMAIL\">Email Address  <span class=\"asterisk\">*<\/span>\n<\/label>\n\t<input type=\"email\" value=\"\" name=\"EMAIL\" class=\"required email\" id=\"mce-EMAIL\" required=\"\">\n\t<span id=\"mce-EMAIL-HELPERTEXT\" class=\"helper_text\"><\/span>\n<\/div>\n\t<div id=\"mce-responses\" class=\"clear\">\n\t\t<div class=\"response\" id=\"mce-error-response\" style=\"display:none\"><\/div>\n\t\t<div class=\"response\" id=\"mce-success-response\" style=\"display:none\"><\/div>\n\t<\/div>    <!-- real people should not fill this in and expect good things - do not remove this or risk form bot signups-->\n    <div style=\"position: absolute; left: -5000px;\" aria-hidden=\"true\"><input type=\"text\" name=\"b_7bdff13ce36c81f70c8698152_b685ca029a\" tabindex=\"-1\" value=\"\"><\/div>\n    <div class=\"clear\"><input type=\"submit\" value=\"Subscribe\" name=\"subscribe\" id=\"mc-embedded-subscribe\" class=\"button\"><\/div>\n    <\/div>\n<\/form>\n<\/div>\n<script type=\"text\/javascript\" src=\"\/\/s3.amazonaws.com\/downloads.mailchimp.com\/js\/mc-validate.js\"><\/script><script type=\"text\/javascript\">(function($) {window.fnames = new Array(); window.ftypes = new Array();fnames[0]='EMAIL';ftypes[0]='email';fnames[1]='FNAME';ftypes[1]='text';fnames[2]='LNAME';ftypes[2]='text';fnames[3]='ADDRESS';ftypes[3]='address';fnames[4]='PHONE';ftypes[4]='phone';fnames[5]='BIRTHDAY';ftypes[5]='birthday';}(jQuery));var $mcj = jQuery.noConflict(true);<\/script>\n<!--End mc_embed_signup-->\n","protected":false},"excerpt":{"rendered":"<p>Wie Teilnehmerinnen diesen Kurs bewerten 05.04.23: Alle TN, die sich \u00fcber den Link im Chat w\u00e4hren der live-Veranstaltung eingetragen haben, [&hellip;]<\/p>\n","protected":false},"author":1,"featured_media":0,"parent":103,"menu_order":0,"comment_status":"closed","ping_status":"closed","template":"page-templates\/full-width.php","meta":{"site-sidebar-layout":"default","site-content-layout":"","ast-site-content-layout":"default","site-content-style":"default","site-sidebar-style":"default","ast-global-header-display":"","ast-banner-title-visibility":"","ast-main-header-display":"","ast-hfb-above-header-display":"","ast-hfb-below-header-display":"","ast-hfb-mobile-header-display":"","site-post-title":"","ast-breadcrumbs-content":"","ast-featured-img":"","footer-sml-layout":"","ast-disable-related-posts":"","theme-transparent-header-meta":"","adv-header-id-meta":"","stick-header-meta":"","header-above-stick-meta":"","header-main-stick-meta":"","header-below-stick-meta":"","astra-migrate-meta-layouts":"default","ast-page-background-enabled":"default","ast-page-background-meta":{"desktop":{"background-color":"var(--ast-global-color-5)","background-image":"","background-repeat":"repeat","background-position":"center center","background-size":"auto","background-attachment":"scroll","background-type":"","background-media":"","overlay-type":"","overlay-color":"","overlay-opacity":"","overlay-gradient":""},"tablet":{"background-color":"","background-image":"","background-repeat":"repeat","background-position":"center center","background-size":"auto","background-attachment":"scroll","background-type":"","background-media":"","overlay-type":"","overlay-color":"","overlay-opacity":"","overlay-gradient":""},"mobile":{"background-color":"","background-image":"","background-repeat":"repeat","background-position":"center center","background-size":"auto","background-attachment":"scroll","background-type":"","background-media":"","overlay-type":"","overlay-color":"","overlay-opacity":"","overlay-gradient":""}},"ast-content-background-meta":{"desktop":{"background-color":"var(--ast-global-color-4)","background-image":"","background-repeat":"repeat","background-position":"center center","background-size":"auto","background-attachment":"scroll","background-type":"","background-media":"","overlay-type":"","overlay-color":"","overlay-opacity":"","overlay-gradient":""},"tablet":{"background-color":"var(--ast-global-color-4)","background-image":"","background-repeat":"repeat","background-position":"center center","background-size":"auto","background-attachment":"scroll","background-type":"","background-media":"","overlay-type":"","overlay-color":"","overlay-opacity":"","overlay-gradient":""},"mobile":{"background-color":"var(--ast-global-color-4)","background-image":"","background-repeat":"repeat","background-position":"center center","background-size":"auto","background-attachment":"scroll","background-type":"","background-media":"","overlay-type":"","overlay-color":"","overlay-opacity":"","overlay-gradient":""}},"footnotes":""},"class_list":["post-6934","page","type-page","status-publish","hentry"],"_links":{"self":[{"href":"https:\/\/kurse.praenatal-zuerich.ch\/index.php?rest_route=\/wp\/v2\/pages\/6934","targetHints":{"allow":["GET"]}}],"collection":[{"href":"https:\/\/kurse.praenatal-zuerich.ch\/index.php?rest_route=\/wp\/v2\/pages"}],"about":[{"href":"https:\/\/kurse.praenatal-zuerich.ch\/index.php?rest_route=\/wp\/v2\/types\/page"}],"author":[{"embeddable":true,"href":"https:\/\/kurse.praenatal-zuerich.ch\/index.php?rest_route=\/wp\/v2\/users\/1"}],"replies":[{"embeddable":true,"href":"https:\/\/kurse.praenatal-zuerich.ch\/index.php?rest_route=%2Fwp%2Fv2%2Fcomments&post=6934"}],"version-history":[{"count":57,"href":"https:\/\/kurse.praenatal-zuerich.ch\/index.php?rest_route=\/wp\/v2\/pages\/6934\/revisions"}],"predecessor-version":[{"id":8645,"href":"https:\/\/kurse.praenatal-zuerich.ch\/index.php?rest_route=\/wp\/v2\/pages\/6934\/revisions\/8645"}],"up":[{"embeddable":true,"href":"https:\/\/kurse.praenatal-zuerich.ch\/index.php?rest_route=\/wp\/v2\/pages\/103"}],"wp:attachment":[{"href":"https:\/\/kurse.praenatal-zuerich.ch\/index.php?rest_route=%2Fwp%2Fv2%2Fmedia&parent=6934"}],"curies":[{"name":"wp","href":"https:\/\/api.w.org\/{rel}","templated":true}]}}