{"id":7202,"date":"2023-02-10T06:51:07","date_gmt":"2023-02-10T05:51:07","guid":{"rendered":"https:\/\/kurse.praenatal-zuerich.ch\/?page_id=7202"},"modified":"2023-04-07T12:46:39","modified_gmt":"2023-04-07T11:46:39","slug":"stimmen-von-teilnehmerinnen-vorheriger-kurs","status":"publish","type":"page","link":"https:\/\/kurse.praenatal-zuerich.ch\/?page_id=7202","title":{"rendered":"Wie Teilnehmerinnen diesen Kurs bewerten"},"content":{"rendered":"\n<h3 class=\"wp-block-heading\"><a href=\"https:\/\/kurse.praenatal-zuerich.ch\/wp-content\/uploads\/2023\/04\/Auszeichnung-Our-little-secrets.pdf\">Auszeichung f\u00fcr die Referenten vom 23.03.23, verliehen von der teilnehmenden Kinderkardiologin<\/a><\/h3>\n\n\n\n<h3 class=\"wp-block-heading\">Ergebnisse der Abschlussumfrage<\/h3>\n\n\n\n<p>Ich w\u00fcrde einen Kurs von kurse.fetal.ch wie den heutigen meinen Kolleginnen und Kollegen weiterempfehlen: <strong>Ja = 99,5%<\/strong><\/p>\n\n\n\n<p>Was h\u00e4tte besser funktionieren k\u00f6nnen?<\/p>\n\n\n\n<figure class=\"wp-block-table\"><table><tbody><tr><td><strong>Alles super gewesen<\/strong><\/td><\/tr><tr><td><strong>Nichts \ud83d\ude09<\/strong><\/td><\/tr><tr><td><strong>alles gut<\/strong><\/td><\/tr><tr><td><strong>Tolle Fortbildung&nbsp;<\/strong><\/td><\/tr><tr><td><strong>Alles ok, gerne wieder<\/strong><\/td><\/tr><tr><td><strong>Klarere Abgrenzung: Was ist Screening (in der Praxis &#8211; fuer mich wichtig), was ist erweiterte Diagnostik (im tertiaeren Zentrum &#8211; fuer nicht so wichtig) ?<\/strong><\/td><\/tr><tr><td><strong>nichts, super Fortbildung<\/strong><\/td><\/tr><tr><td><strong>War alles tip top<\/strong><\/td><\/tr><tr><td><strong>war alles super<\/strong><\/td><\/tr><tr><td><strong>F\u00fcr mich hat alles sehr gut geklappt. Sehr spannende Vortr\u00e4ge, vielen Dank!<\/strong><\/td><\/tr><tr><td><strong>Alles gut!<\/strong><\/td><\/tr><tr><td><strong>alles sehr gut<\/strong><\/td><\/tr><tr><td><strong>nichts, alles war super organisiert, auch die schrittweise Erkl\u00e4rung der Registrierung etc. Vielen Dank!<\/strong><\/td><\/tr><tr><td><strong>Alles war wunderbar,<\/strong><\/td><\/tr><tr><td><strong>War wunderbar<\/strong><\/td><\/tr><tr><td><strong>konnte leider Ihren Vortrag fetales Herz nicht \u00f6ffnen. Herzlichen Dank-wie immer eine hervorragende Fortbildung!&nbsp;<\/strong><\/td><\/tr><tr><td><strong>Ich bin sehr zufrieden, danke f\u00fcr die \u00fcberragenden Vortr\u00e4ge<\/strong><\/td><\/tr><tr><td><strong>war gut organisiert<\/strong><\/td><\/tr><tr><td><strong>Alle Vortr\u00e4ge waren sehr interessant, vielen herzlichen Dank<\/strong><\/td><\/tr><tr><td><strong>Alles war perfekt, wie immer. Vielen Dank<\/strong><\/td><\/tr><tr><td><strong>nichts !!&nbsp;<\/strong><\/td><\/tr><tr><td><strong>Alles gut<\/strong><\/td><\/tr><tr><td><strong>War alles sehr gut organisiert und sehr interessant&nbsp;<\/strong><\/td><\/tr><tr><td><strong>alles gu!<\/strong><\/td><\/tr><tr><td><strong>hat alles bestens funktioniert! Danke!<\/strong><\/td><\/tr><tr><td><strong>Organisation top, Themen top, Infrastruktur und Technik top<\/strong><\/td><\/tr><tr><td><strong>Alles war perfekt. Vielen Dank!<\/strong><\/td><\/tr><tr><td><strong>Genetikvortrag war sehr abgehoben, schwierig zu folgen<\/strong><\/td><\/tr><tr><td><strong>Alles perfekt<\/strong><\/td><\/tr><tr><td><strong>Hat alles tiptop funktioniert! Vielen Dank!<\/strong><\/td><\/tr><tr><td><strong>alles super<\/strong><\/td><\/tr><tr><td><strong>perfekt organisierter Kurs. Chapeau!!<\/strong><\/td><\/tr><tr><td><strong>war super, danke. Super tolle, informative und gut aufgebaute Vortr\u00e4ge!&nbsp;<\/strong><\/td><\/tr><tr><td><strong>war alles tipptopp<\/strong><\/td><\/tr><tr><td><strong>War super!<\/strong><\/td><\/tr><tr><td><strong>bin vollends zufrieden &#8211; und gescheiter! \ud83d\ude42<\/strong><\/td><\/tr><tr><td><strong>alles ok<\/strong><\/td><\/tr><tr><td><strong>zum Teil lange Vortr\u00e4ge<\/strong><\/td><\/tr><tr><td><strong>War perfekt!<\/strong><\/td><\/tr><tr><td><strong>Alles tiptop<\/strong><\/td><\/tr><tr><td><strong>War ganz toll und hohe Qualit\u00e4t! Danke!!<\/strong><\/td><\/tr><tr><td><strong>Die Lautst\u00e4rke war niedrig<\/strong><\/td><\/tr><tr><td><strong>Alles war bestens organisiert<\/strong><\/td><\/tr><tr><td><strong>alles war tiptop.<\/strong><\/td><\/tr><tr><td><strong>voll zufrieden!<\/strong><\/td><\/tr><tr><td><strong>Evtl. Start um 09.00&nbsp;<\/strong><\/td><\/tr><tr><td><strong>Am Ende waren bei mir Bild und Ton nicht mehr synchron.<\/strong><\/td><\/tr><tr><td><strong>Anwesenheitsbest\u00e4tigung<\/strong><\/td><\/tr><tr><td><strong>NICHTS! Tolle Zusammenstellung der Themen. Wunderbar ausgearbeitet und weitergegeben. Eine tolle Bereicherung f\u00fcr die Anforderungen des Berufsalltages. Danke.&nbsp;<\/strong><\/td><\/tr><tr><td><strong>Excellent cours. Les clich\u00e9s seront-ils disponibles ?<\/strong><\/td><\/tr><tr><td><strong>Bis so wie es war sehr zufrieden!<\/strong><\/td><\/tr><tr><td><strong>sehr gut gemacht, keine Probleme<\/strong><\/td><\/tr><tr><td><strong>Reibungsloser Ablauf. Tolle Vortr\u00e4ge -&gt; eigentlich perfekt<\/strong><\/td><\/tr><tr><td><strong>Teilweise Unterbruch im Zoom, Sprache zum Teil nicht komplett verst\u00e4ndlich.<\/strong><\/td><\/tr><tr><td><strong>Mehr Pausen. Der Tag war super, vielen Dank an Alle<\/strong><\/td><\/tr><tr><td><strong>Es hat alles super funktioniert. Herzlichen Dank f\u00fcr diese informative und praktisch relevante Fortbildung.<\/strong><\/td><\/tr><tr><td><strong>nichts, super Vortr\u00e4ge, war das erste Mal dabei. Vielen herzlichen Dank!<\/strong><\/td><\/tr><tr><td><strong>Pausenplanung<\/strong><\/td><\/tr><tr><td><strong>Alles top!<\/strong><\/td><\/tr><tr><td><strong>alles tipptopp, alle Vortr\u00e4ge sehr gut, vielen Dank!<\/strong><\/td><\/tr><tr><td><strong>Weniger &#8222;St\u00f6rung&#8220; durch den Chat. Nat\u00fcrlich kann auch ich best\u00e4tigen, dass diese Fortbildung hervorragend war (wie immer!). Zudem war anfangs nicht klar, ob das Erste eine Aufforderung im Sinne einer Anwesenheitskontrolle war.<\/strong><\/td><\/tr><tr><td><strong>War eine super Fortbildung<\/strong><\/td><\/tr><tr><td><strong>Nichts:)<\/strong><\/td><\/tr><tr><td><strong>Anwesenheitskontrolle ist anstrengend, habe wohl verpasst. Gerne auch auf mobilen Ger\u00e4t, damit unterwegs ansehen. super Vortr\u00e4ge wie immer alles top!!! Vielen Dank!!!!<\/strong><\/td><\/tr><tr><td><strong>Alles bestens!<\/strong><\/td><\/tr><tr><td><strong>Nix \ud83d\ude42<\/strong><\/td><\/tr><tr><td><strong>Alles war ok<\/strong><\/td><\/tr><tr><td><strong>Da f\u00e4llt mir nichts ein.<\/strong><\/td><\/tr><tr><td><strong>Fand es wirklich eine tolle Fortbildung, alle Vortr\u00e4ge waren interessant und relevant und gut gemacht!!!!<\/strong><\/td><\/tr><tr><td><strong>war alles tiptop<\/strong><\/td><\/tr><tr><td><strong>einfach toll<\/strong><\/td><\/tr><tr><td><strong>Teilnahmebest\u00e4tigung vereinfachen.&nbsp;<\/strong><\/td><\/tr><tr><td><strong>Alles war wie immer super, habe keine Verbesserungsvorschl\u00e4ge<\/strong><\/td><\/tr><tr><td><strong>F\u00fcr mich war alles top!<\/strong><\/td><\/tr><tr><td><strong>alles perfekt<\/strong><\/td><\/tr><tr><td><strong>Lief alles sehr gut. Leider sehr viele \u201eunn\u00f6tige\u201c Kommentare im Chat der Teilnehmer. Da w\u00e4re Netiquette angesagt gewesen.&nbsp;<\/strong><\/td><\/tr><tr><td><strong>w\u00fcsste nicht was ! wie immer sehr tolle und hochstehende Vortr\u00e4ge. Ich bin jedes Mal sehr gerne dabei und lerne viel. Herzlichen Dank !<\/strong><\/td><\/tr><tr><td><strong>Toller Kurs, viel wertvolle Information! Danke vielmals. Start um 11 Uhr perfekt.&nbsp;<\/strong><\/td><\/tr><tr><td><strong>Mehr weibliche Beitr\u00e4ge in Zukunft w\u00e4ren w\u00fcnschenswert.&nbsp;<\/strong><\/td><\/tr><tr><td><strong>Anwesenheitskontrollen info<\/strong><\/td><\/tr><tr><td><strong>war in Ordnung<\/strong><\/td><\/tr><tr><td><strong>Endzeit einhalten. War jedoch spannend&#8230;<\/strong><\/td><\/tr><tr><td><strong>Danke !!<\/strong><\/td><\/tr><tr><td><strong>war alles super. Vielen Dank<\/strong><\/td><\/tr><tr><td><strong>Ev vorg\u00e4ngige Info dass Anwesenheitskontrollen im Chat, Hab den ersten Hinweis erst gegen 4 geh\u00f6rt und Chat vorg\u00e4ngig nicht gross beachtet, obwohl anwesend den ganzen Tag (aber zwischendurch abgelenkt durch Kinder in der Mittagszeit).<\/strong><\/td><\/tr><\/tbody><\/table><\/figure>\n\n\n\n<h2 class=\"wp-block-heading\">Was Teilnehmerinnen vorheriger Kurs sagten<\/h2>\n\n\n\n<blockquote class=\"wp-block-quote is-layout-flow wp-block-quote-is-layout-flow\">\n<p>F\u00fcr Ihre tollen Kurse in enstpannter Atmosph\u00e4re und Freundlichkeit und h\u00f6chster Fachkompetenz mit den Geschichten aus dem wahren Leben und den Niederungen des Alltags m\u00f6chte ich Ihnen sehr sehr herzlich danken! Die Veranstaltungen sind unglaublich gelungen! Typische Alltagsprobleme werden offen angesprochen, die auch in den grossen Vorzeigekliniken auftreten und nach praktikablen L\u00f6sungen suchen!<\/p>\n\n\n\n<p>Herzlichen Dank f\u00fcr Ihre Einladung zu diesem wie immer perfekt organisierten und hervorragenden Kurs! Inhaltlich sind Ihre Veranstaltungen richtungsweisend und eine Grundlage von unsch\u00e4tzbarem Wert f\u00fcr den klinischen Alltag. Ihre Didaktik offenbart Ihre profunde Wahrnehmung &#8211; san mots- ! Ihrem langj\u00e4hrigen Freund und Kollegen Prof. Henrich bin ich jedesmal dankbar f\u00fcr seine alles umfassende Blick und Handlungsweise- als Chefarzt sicher ein Pionier nicht nur in Deutschland! Insgesamt ein tolles Geschenk -vielen Dank- !!<\/p>\n\n\n\n<p>Vielen herzlichen Dank f\u00fcr die tolle Organisation und den ausgezeichneten und so hilfreichen Vortrag. Hab ihn am Flughafen geh\u00f6rt und war ganz gebannt. Werde mir den Rest im Januar anschauen. Bin gerne auch beim n\u00e4chsten Termin dabei.<\/p>\n\n\n\n<p>Ihnen und allen anderen Referenten ganz herzlichen Dank f\u00fcr die exzellente Weiterbildung. Besser geht es nicht!<\/p>\n<\/blockquote>\n","protected":false},"excerpt":{"rendered":"<p>Auszeichung f\u00fcr die Referenten vom 23.03.23, verliehen von der teilnehmenden Kinderkardiologin Ergebnisse der Abschlussumfrage Ich w\u00fcrde einen Kurs von kurse.fetal.ch [&hellip;]<\/p>\n","protected":false},"author":1,"featured_media":0,"parent":6934,"menu_order":3,"comment_status":"closed","ping_status":"closed","template":"page-templates\/full-width.php","meta":{"site-sidebar-layout":"default","site-content-layout":"","ast-site-content-layout":"default","site-content-style":"default","site-sidebar-style":"default","ast-global-header-display":"","ast-banner-title-visibility":"","ast-main-header-display":"","ast-hfb-above-header-display":"","ast-hfb-below-header-display":"","ast-hfb-mobile-header-display":"","site-post-title":"","ast-breadcrumbs-content":"","ast-featured-img":"","footer-sml-layout":"","ast-disable-related-posts":"","theme-transparent-header-meta":"","adv-header-id-meta":"","stick-header-meta":"","header-above-stick-meta":"","header-main-stick-meta":"","header-below-stick-meta":"","astra-migrate-meta-layouts":"default","ast-page-background-enabled":"default","ast-page-background-meta":{"desktop":{"background-color":"var(--ast-global-color-5)","background-image":"","background-repeat":"repeat","background-position":"center center","background-size":"auto","background-attachment":"scroll","background-type":"","background-media":"","overlay-type":"","overlay-color":"","overlay-opacity":"","overlay-gradient":""},"tablet":{"background-color":"","background-image":"","background-repeat":"repeat","background-position":"center center","background-size":"auto","background-attachment":"scroll","background-type":"","background-media":"","overlay-type":"","overlay-color":"","overlay-opacity":"","overlay-gradient":""},"mobile":{"background-color":"","background-image":"","background-repeat":"repeat","background-position":"center center","background-size":"auto","background-attachment":"scroll","background-type":"","background-media":"","overlay-type":"","overlay-color":"","overlay-opacity":"","overlay-gradient":""}},"ast-content-background-meta":{"desktop":{"background-color":"var(--ast-global-color-4)","background-image":"","background-repeat":"repeat","background-position":"center center","background-size":"auto","background-attachment":"scroll","background-type":"","background-media":"","overlay-type":"","overlay-color":"","overlay-opacity":"","overlay-gradient":""},"tablet":{"background-color":"var(--ast-global-color-4)","background-image":"","background-repeat":"repeat","background-position":"center center","background-size":"auto","background-attachment":"scroll","background-type":"","background-media":"","overlay-type":"","overlay-color":"","overlay-opacity":"","overlay-gradient":""},"mobile":{"background-color":"var(--ast-global-color-4)","background-image":"","background-repeat":"repeat","background-position":"center center","background-size":"auto","background-attachment":"scroll","background-type":"","background-media":"","overlay-type":"","overlay-color":"","overlay-opacity":"","overlay-gradient":""}},"footnotes":""},"class_list":["post-7202","page","type-page","status-publish","hentry"],"_links":{"self":[{"href":"https:\/\/kurse.praenatal-zuerich.ch\/index.php?rest_route=\/wp\/v2\/pages\/7202","targetHints":{"allow":["GET"]}}],"collection":[{"href":"https:\/\/kurse.praenatal-zuerich.ch\/index.php?rest_route=\/wp\/v2\/pages"}],"about":[{"href":"https:\/\/kurse.praenatal-zuerich.ch\/index.php?rest_route=\/wp\/v2\/types\/page"}],"author":[{"embeddable":true,"href":"https:\/\/kurse.praenatal-zuerich.ch\/index.php?rest_route=\/wp\/v2\/users\/1"}],"replies":[{"embeddable":true,"href":"https:\/\/kurse.praenatal-zuerich.ch\/index.php?rest_route=%2Fwp%2Fv2%2Fcomments&post=7202"}],"version-history":[{"count":9,"href":"https:\/\/kurse.praenatal-zuerich.ch\/index.php?rest_route=\/wp\/v2\/pages\/7202\/revisions"}],"predecessor-version":[{"id":8655,"href":"https:\/\/kurse.praenatal-zuerich.ch\/index.php?rest_route=\/wp\/v2\/pages\/7202\/revisions\/8655"}],"up":[{"embeddable":true,"href":"https:\/\/kurse.praenatal-zuerich.ch\/index.php?rest_route=\/wp\/v2\/pages\/6934"}],"wp:attachment":[{"href":"https:\/\/kurse.praenatal-zuerich.ch\/index.php?rest_route=%2Fwp%2Fv2%2Fmedia&parent=7202"}],"curies":[{"name":"wp","href":"https:\/\/api.w.org\/{rel}","templated":true}]}}