{"id":8716,"date":"2023-05-19T10:02:03","date_gmt":"2023-05-19T09:02:03","guid":{"rendered":"https:\/\/kurse.praenatal-zuerich.ch\/?page_id=8716"},"modified":"2024-04-17T17:08:34","modified_gmt":"2024-04-17T16:08:34","slug":"gib-2023","status":"publish","type":"page","link":"https:\/\/kurse.praenatal-zuerich.ch\/?page_id=8716","title":{"rendered":"GIB 2024"},"content":{"rendered":"\n<h1 class=\"wp-block-heading\">Geburtsmedizinischer Intensivkurs Berlin online GIB 2024, 12.\/13.04.24<\/h1>\n\n\n\n<p><strong><a href=\"https:\/\/kurse.praenatal-zuerich.ch\/wp-content\/uploads\/2024\/03\/GIB-2024-Detailprogramm-Web.pdf\">Detailprogramm<\/a><\/strong><\/p>\n\n\n\n<p><strong>98,9% der Teilnehmenden des letzten GIB (GIB 2022) w\u00fcrden Kurs Kolleginnen und Kollegen weiterempfehlen. Alle Kommentare der Teilnehmenden zur Frage nach Verbesserungsm\u00f6glichkeiten <a href=\"https:\/\/kurse.praenatal-zuerich.ch\/wp-content\/uploads\/2022\/12\/Antworten-der-Teilnehmerinnen-und-Teilnehmer-auf-die-Frage-22-Was-haette-beim-GIB-2022-besser-funktionieren-koennen22.pdf\">hier<\/a>.<\/strong><\/p>\n\n\n\n<blockquote class=\"wp-block-quote is-layout-flow wp-block-quote-is-layout-flow\">\n<p><em>Es gibt Weiterbildungen, die das Gef\u00fchl hinterlassen, die Referenten h\u00e4tten ex cathedr\u0101 herab dem zwar gesch\u00e4tzten, aber etwas einfachen Publikum einen huldvollen Dienst erwiesen.<\/em> <em>Dann gibt es die Weiterbildungen, bei denen die Freude an der Wissensvermittlung buchst\u00e4blich greifbar wird und man ebenso Freude empfindet, ein Teil der Zuh\u00f6rerschaft zu sein \u2013 dazu z\u00e4hle ich die eben erlebte Veranstaltung.<\/em> Mehr braucht dazu nicht gesagt werden. Ihnen und den Referenten meinen herzlichen Dank.<\/p>\n<cite><strong>Teilnehmer GIB 2024<\/strong><\/cite><\/blockquote>\n\n\n\n<p><strong>Anerkennung SGGG-Kernfortbildung 16 Credits, SGUM Aufbau\/Refresher-Kurs 5 Credits (jeweils f\u00fcr beide Tage zusammen)<\/strong><\/p>\n\n\n\n<p><a href=\"https:\/\/kurse.praenatal-zuerich.ch\/wp-content\/uploads\/2024\/03\/GIB-2024-Flyer.pdf\">Flyer mit Programm<\/a> I <a href=\"https:\/\/kurse.praenatal-zuerich.ch\/?page_id=9170\" data-type=\"page\" data-id=\"9170\">Veranstaltunspartner<\/a><\/p>\n\n\n\n<h2 class=\"wp-block-heading\"><strong><a href=\"https:\/\/kurse.praenatal-zuerich.ch\/?page_id=10319\" data-type=\"page\" data-id=\"10319\">Begleitmaterial<\/a><\/strong> I Vortr\u00e4ge on demand: demn\u00e4chst<\/h2>\n\n\n\n<figure class=\"wp-block-image size-large\"><img loading=\"lazy\" decoding=\"async\" width=\"1024\" height=\"584\" src=\"https:\/\/kurse.praenatal-zuerich.ch\/wp-content\/uploads\/2022\/09\/Himmel-ueber-Berlin-posterized-1024x584.jpg\" alt=\"\" class=\"wp-image-5295\" srcset=\"https:\/\/kurse.praenatal-zuerich.ch\/wp-content\/uploads\/2022\/09\/Himmel-ueber-Berlin-posterized-1024x584.jpg 1024w, https:\/\/kurse.praenatal-zuerich.ch\/wp-content\/uploads\/2022\/09\/Himmel-ueber-Berlin-posterized-300x171.jpg 300w, https:\/\/kurse.praenatal-zuerich.ch\/wp-content\/uploads\/2022\/09\/Himmel-ueber-Berlin-posterized-768x438.jpg 768w, https:\/\/kurse.praenatal-zuerich.ch\/wp-content\/uploads\/2022\/09\/Himmel-ueber-Berlin-posterized-1536x876.jpg 1536w, https:\/\/kurse.praenatal-zuerich.ch\/wp-content\/uploads\/2022\/09\/Himmel-ueber-Berlin-posterized-2048x1168.jpg 2048w, https:\/\/kurse.praenatal-zuerich.ch\/wp-content\/uploads\/2022\/09\/Himmel-ueber-Berlin-posterized-624x356.jpg 624w\" sizes=\"auto, (max-width: 1024px) 100vw, 1024px\" \/><\/figure>\n\n\n\n<h3 class=\"wp-block-heading\" id=\"geburtsmedizinischer-intensivkurs-gib-online-2022-alles-in-zwei-tagen-online\">Geburtsmedizinischer Intensivkurs GIB online 2024 \u2026 alles in zwei Tagen &#8230; online<\/h3>\n\n\n\n<p>Sie betreuen Schwangere und Geb\u00e4rende und wollen sich rasch, kompakt und umfassend auf den neuesten Stand bringen? Dann ist der GIB 2024 f\u00fcr Sie! <\/p>\n\n\n\n<h3 class=\"wp-block-heading\" id=\"tradition-und-moderne\">Tradition und Moderne<\/h3>\n\n\n\n<p>Der Geburtsmedizinische Intensivkurs GIB 2024 nimmt die Tradition der Vorjahre auf und pr\u00e4sentiert sich im neuen Gewand: Der Kurs findet im Netz statt und verzichtet trotzdem nicht auf reichlich Praxis, die aus der gr\u00f6ssten Geburtsklinik Deutschlands, live berichtet wird.<\/p>\n\n\n\n<h3 class=\"wp-block-heading\" id=\"erfahrene-kliniker-als-referenten-und-panelists\">Erfahrene Kliniker als Referenten und Panelists<\/h3>\n\n\n\n<p>Erfahrene Kliniker referieren \u00fcber alle aktuellen Aspekte der Geburtsmedizin, von der Schwangerenberatung \u00fcber die Pr\u00e4nataldiagnostik zur normalen und pathologischen Geburt und bis zum Neugeborenen. Eine Besonderheit des GIB 2024 sind die Panels mit ausgewiesenen Experten aus Deutschland, der Schweiz und \u00d6sterreich , die jede Sitzung begleiten, kommentieren und diskutieren.<\/p>\n\n\n\n<h3 class=\"wp-block-heading\" id=\"interaktion-und-live-charakter\">Interaktion und live-Charakter<\/h3>\n\n\n\n<p>Wir ermuntern Sie, lebhaft an der Diskussion teilzunehmen. Die Panelists (Diskussionsteilnehmer) und Vorsitzende greifen Ihre Fragen aus dem Chat auf und stellen sicher, dass keine relevante Frage unbeantwortet bleibt. Fragen und Antworten, die Ihr erworbenes Wissen verst\u00e4rken, runden den Kurs ab und machen ihn zu so viel mehr als das, was eine konventionelle Vortragsveranstaltung bieten kann. Das ist der neue Standard der Wissensvermittlung.<\/p>\n\n\n\n<h3 class=\"wp-block-heading\" id=\"ort-und-zeit\">Ort und Zeit<\/h3>\n\n\n\n<p>Freitag\/Samstag 12.\/13. April 2024, online aus Berlin &amp; Z\u00fcrich<\/p>\n\n\n\n<p>Die Vortr\u00e4ge werden aufgezeichnet und k\u00f6nnen von registrierten Teilnehmer acht Wochen nach der Veranstaltung online angesehen werden. <\/p>\n\n\n\n<h3 class=\"wp-block-heading\"><strong>Veranstalter<\/strong><\/h3>\n\n\n\n<p class=\"has-dark-gray-color has-text-color\">kurse.fetal.ch, Prof. Dr. Boris Tutschek, Z\u00fcrich<\/p>\n\n\n\n<h3 class=\"wp-block-heading\" id=\"wissenschaftliche-leitung\">Wissenschaftliche Leitung<\/h3>\n\n\n\n<p>Prof. Dr. Wolfgang Henrich, Berlin, und Prof. Dr. Boris Tutschek, Z\u00fcrich<\/p>\n","protected":false},"excerpt":{"rendered":"<p>Geburtsmedizinischer Intensivkurs Berlin online GIB 2024, 12.\/13.04.24 Detailprogramm 98,9% der Teilnehmenden des letzten GIB (GIB 2022) w\u00fcrden Kurs Kolleginnen und [&hellip;]<\/p>\n","protected":false},"author":1,"featured_media":0,"parent":0,"menu_order":0,"comment_status":"closed","ping_status":"closed","template":"page-templates\/full-width.php","meta":{"site-sidebar-layout":"default","site-content-layout":"","ast-site-content-layout":"default","site-content-style":"default","site-sidebar-style":"default","ast-global-header-display":"","ast-banner-title-visibility":"","ast-main-header-display":"","ast-hfb-above-header-display":"","ast-hfb-below-header-display":"","ast-hfb-mobile-header-display":"","site-post-title":"","ast-breadcrumbs-content":"","ast-featured-img":"","footer-sml-layout":"","ast-disable-related-posts":"","theme-transparent-header-meta":"","adv-header-id-meta":"","stick-header-meta":"","header-above-stick-meta":"","header-main-stick-meta":"","header-below-stick-meta":"","astra-migrate-meta-layouts":"default","ast-page-background-enabled":"default","ast-page-background-meta":{"desktop":{"background-color":"var(--ast-global-color-5)","background-image":"","background-repeat":"repeat","background-position":"center center","background-size":"auto","background-attachment":"scroll","background-type":"","background-media":"","overlay-type":"","overlay-color":"","overlay-opacity":"","overlay-gradient":""},"tablet":{"background-color":"","background-image":"","background-repeat":"repeat","background-position":"center center","background-size":"auto","background-attachment":"scroll","background-type":"","background-media":"","overlay-type":"","overlay-color":"","overlay-opacity":"","overlay-gradient":""},"mobile":{"background-color":"","background-image":"","background-repeat":"repeat","background-position":"center center","background-size":"auto","background-attachment":"scroll","background-type":"","background-media":"","overlay-type":"","overlay-color":"","overlay-opacity":"","overlay-gradient":""}},"ast-content-background-meta":{"desktop":{"background-color":"var(--ast-global-color-4)","background-image":"","background-repeat":"repeat","background-position":"center center","background-size":"auto","background-attachment":"scroll","background-type":"","background-media":"","overlay-type":"","overlay-color":"","overlay-opacity":"","overlay-gradient":""},"tablet":{"background-color":"var(--ast-global-color-4)","background-image":"","background-repeat":"repeat","background-position":"center center","background-size":"auto","background-attachment":"scroll","background-type":"","background-media":"","overlay-type":"","overlay-color":"","overlay-opacity":"","overlay-gradient":""},"mobile":{"background-color":"var(--ast-global-color-4)","background-image":"","background-repeat":"repeat","background-position":"center center","background-size":"auto","background-attachment":"scroll","background-type":"","background-media":"","overlay-type":"","overlay-color":"","overlay-opacity":"","overlay-gradient":""}},"footnotes":""},"class_list":["post-8716","page","type-page","status-publish","hentry"],"_links":{"self":[{"href":"https:\/\/kurse.praenatal-zuerich.ch\/index.php?rest_route=\/wp\/v2\/pages\/8716","targetHints":{"allow":["GET"]}}],"collection":[{"href":"https:\/\/kurse.praenatal-zuerich.ch\/index.php?rest_route=\/wp\/v2\/pages"}],"about":[{"href":"https:\/\/kurse.praenatal-zuerich.ch\/index.php?rest_route=\/wp\/v2\/types\/page"}],"author":[{"embeddable":true,"href":"https:\/\/kurse.praenatal-zuerich.ch\/index.php?rest_route=\/wp\/v2\/users\/1"}],"replies":[{"embeddable":true,"href":"https:\/\/kurse.praenatal-zuerich.ch\/index.php?rest_route=%2Fwp%2Fv2%2Fcomments&post=8716"}],"version-history":[{"count":56,"href":"https:\/\/kurse.praenatal-zuerich.ch\/index.php?rest_route=\/wp\/v2\/pages\/8716\/revisions"}],"predecessor-version":[{"id":10447,"href":"https:\/\/kurse.praenatal-zuerich.ch\/index.php?rest_route=\/wp\/v2\/pages\/8716\/revisions\/10447"}],"wp:attachment":[{"href":"https:\/\/kurse.praenatal-zuerich.ch\/index.php?rest_route=%2Fwp%2Fv2%2Fmedia&parent=8716"}],"curies":[{"name":"wp","href":"https:\/\/api.w.org\/{rel}","templated":true}]}}