{"id":8885,"date":"2023-11-12T14:52:18","date_gmt":"2023-11-12T13:52:18","guid":{"rendered":"https:\/\/kurse.praenatal-zuerich.ch\/?page_id=8885"},"modified":"2024-04-13T10:17:50","modified_gmt":"2024-04-13T09:17:50","slug":"ultraschall-2024","status":"publish","type":"page","link":"https:\/\/kurse.praenatal-zuerich.ch\/?page_id=8885","title":{"rendered":"US April 2024"},"content":{"rendered":"\n<h1 class=\"wp-block-heading\">Ultraschallkurs 2024 in Pr\u00e4senz in Z\u00fcrich und online<\/h1>\n\n\n\n<p>Am Samstag, den 06.04.24 veranstalten wir einen Ultraschall- Kurs ganztags mit den M\u00f6glichkeiten zur Pr\u00e4senzteilnahme (in Z\u00fcrich, begrenzte Teilnehmerzahl) oder bequem von zuhause online. <strong>Der Anlass: Pr\u00e4natal Z\u00fcrich wird 10!<\/strong> <\/p>\n\n\n\n<p>[wpcdt-countdown id=&#8220;8938&#8243;]<\/p>\n\n\n\n<p><strong><a href=\"https:\/\/kurse.praenatal-zuerich.ch\/wp-content\/uploads\/2024\/02\/01_Flyer-mit-Detailprogramm-US-Kurs-06.04.24-Praenatal-Zuerich.pdf\">Flyer mit Detailprogramm<\/a> I <a href=\"https:\/\/kurse.praenatal-zuerich.ch\/?page_id=10128\" data-type=\"page\" data-id=\"10128\">Weitere Vorlesungen zum 06.04.24<\/a><\/strong> I <strong><a href=\"https:\/\/kurse.praenatal-zuerich.ch\/?page_id=9117\" data-type=\"page\" data-id=\"9117\">Veranstaltungspartner<\/a> <\/strong><\/p>\n\n\n\n<p>SGGG Kernfortbildung 7 Credits, SGUM: 7 Credits Aufbau-\/Refresher-Kurs<\/p>\n\n\n\n<p>Ort und Zeit: Privatklinik Bethanien, Toblerstrasse 51, 8044 Z\u00fcrich, Sa. 06.04.24 8:30-17:30<\/p>\n\n\n\n<p>Teaser 1<\/p>\n\n\n\n<p><iframe loading=\"lazy\" src=\"https:\/\/player.vimeo.com\/video\/895548396?dnt=1&amp;app_id=122963\" width=\"500\" height=\"281\" frameborder=\"0\" allow=\"autoplay; fullscreen; picture-in-picture; clipboard-write; encrypted-media; web-share\" referrerpolicy=\"strict-origin-when-cross-origin\"><\/iframe><\/p>\n\n\n\n<p>Teaser 2<\/p>\n\n\n\n<figure class=\"wp-block-embed is-type-video is-provider-vimeo wp-block-embed-vimeo wp-embed-aspect-16-9 wp-has-aspect-ratio\"><div class=\"wp-block-embed__wrapper\">\n<iframe loading=\"lazy\" src=\"https:\/\/player.vimeo.com\/video\/899218035?dnt=1&amp;app_id=122963\" width=\"500\" height=\"281\" frameborder=\"0\" allow=\"autoplay; fullscreen; picture-in-picture; clipboard-write; encrypted-media; web-share\" referrerpolicy=\"strict-origin-when-cross-origin\"><\/iframe>\n<\/div><\/figure>\n\n\n\n<h2 class=\"wp-block-heading\"><\/h2>\n","protected":false},"excerpt":{"rendered":"<p>Ultraschallkurs 2024 in Pr\u00e4senz in Z\u00fcrich und online Am Samstag, den 06.04.24 veranstalten wir einen Ultraschall- Kurs ganztags mit den [&hellip;]<\/p>\n","protected":false},"author":1,"featured_media":0,"parent":0,"menu_order":0,"comment_status":"closed","ping_status":"closed","template":"page-templates\/full-width.php","meta":{"site-sidebar-layout":"default","site-content-layout":"","ast-site-content-layout":"default","site-content-style":"default","site-sidebar-style":"default","ast-global-header-display":"","ast-banner-title-visibility":"","ast-main-header-display":"","ast-hfb-above-header-display":"","ast-hfb-below-header-display":"","ast-hfb-mobile-header-display":"","site-post-title":"","ast-breadcrumbs-content":"","ast-featured-img":"","footer-sml-layout":"","ast-disable-related-posts":"","theme-transparent-header-meta":"","adv-header-id-meta":"","stick-header-meta":"","header-above-stick-meta":"","header-main-stick-meta":"","header-below-stick-meta":"","astra-migrate-meta-layouts":"default","ast-page-background-enabled":"default","ast-page-background-meta":{"desktop":{"background-color":"var(--ast-global-color-5)","background-image":"","background-repeat":"repeat","background-position":"center center","background-size":"auto","background-attachment":"scroll","background-type":"","background-media":"","overlay-type":"","overlay-color":"","overlay-opacity":"","overlay-gradient":""},"tablet":{"background-color":"","background-image":"","background-repeat":"repeat","background-position":"center center","background-size":"auto","background-attachment":"scroll","background-type":"","background-media":"","overlay-type":"","overlay-color":"","overlay-opacity":"","overlay-gradient":""},"mobile":{"background-color":"","background-image":"","background-repeat":"repeat","background-position":"center center","background-size":"auto","background-attachment":"scroll","background-type":"","background-media":"","overlay-type":"","overlay-color":"","overlay-opacity":"","overlay-gradient":""}},"ast-content-background-meta":{"desktop":{"background-color":"var(--ast-global-color-4)","background-image":"","background-repeat":"repeat","background-position":"center center","background-size":"auto","background-attachment":"scroll","background-type":"","background-media":"","overlay-type":"","overlay-color":"","overlay-opacity":"","overlay-gradient":""},"tablet":{"background-color":"var(--ast-global-color-4)","background-image":"","background-repeat":"repeat","background-position":"center center","background-size":"auto","background-attachment":"scroll","background-type":"","background-media":"","overlay-type":"","overlay-color":"","overlay-opacity":"","overlay-gradient":""},"mobile":{"background-color":"var(--ast-global-color-4)","background-image":"","background-repeat":"repeat","background-position":"center center","background-size":"auto","background-attachment":"scroll","background-type":"","background-media":"","overlay-type":"","overlay-color":"","overlay-opacity":"","overlay-gradient":""}},"footnotes":""},"class_list":["post-8885","page","type-page","status-publish","hentry"],"_links":{"self":[{"href":"https:\/\/kurse.praenatal-zuerich.ch\/index.php?rest_route=\/wp\/v2\/pages\/8885","targetHints":{"allow":["GET"]}}],"collection":[{"href":"https:\/\/kurse.praenatal-zuerich.ch\/index.php?rest_route=\/wp\/v2\/pages"}],"about":[{"href":"https:\/\/kurse.praenatal-zuerich.ch\/index.php?rest_route=\/wp\/v2\/types\/page"}],"author":[{"embeddable":true,"href":"https:\/\/kurse.praenatal-zuerich.ch\/index.php?rest_route=\/wp\/v2\/users\/1"}],"replies":[{"embeddable":true,"href":"https:\/\/kurse.praenatal-zuerich.ch\/index.php?rest_route=%2Fwp%2Fv2%2Fcomments&post=8885"}],"version-history":[{"count":80,"href":"https:\/\/kurse.praenatal-zuerich.ch\/index.php?rest_route=\/wp\/v2\/pages\/8885\/revisions"}],"predecessor-version":[{"id":10360,"href":"https:\/\/kurse.praenatal-zuerich.ch\/index.php?rest_route=\/wp\/v2\/pages\/8885\/revisions\/10360"}],"wp:attachment":[{"href":"https:\/\/kurse.praenatal-zuerich.ch\/index.php?rest_route=%2Fwp%2Fv2%2Fmedia&parent=8885"}],"curies":[{"name":"wp","href":"https:\/\/api.w.org\/{rel}","templated":true}]}}