{"id":9117,"date":"2024-01-01T14:32:28","date_gmt":"2024-01-01T13:32:28","guid":{"rendered":"https:\/\/kurse.praenatal-zuerich.ch\/?page_id=9117"},"modified":"2024-01-29T22:09:47","modified_gmt":"2024-01-29T21:09:47","slug":"aussteller-us-jubilaeum-2024","status":"publish","type":"page","link":"https:\/\/kurse.praenatal-zuerich.ch\/?page_id=9117","title":{"rendered":"Veranstaltungspartner 06.04.24"},"content":{"rendered":"\n<figure class=\"wp-block-image size-full is-resized\"><a href=\"https:\/\/gehealthcare-ultrasound.com\/de\/\"><img loading=\"lazy\" decoding=\"async\" width=\"668\" height=\"170\" src=\"https:\/\/kurse.praenatal-zuerich.ch\/wp-content\/uploads\/2024\/01\/GE-HealthCare-Logo.jpg\" alt=\"\" class=\"wp-image-9361\" style=\"width:630px;height:auto\" srcset=\"https:\/\/kurse.praenatal-zuerich.ch\/wp-content\/uploads\/2024\/01\/GE-HealthCare-Logo.jpg 668w, https:\/\/kurse.praenatal-zuerich.ch\/wp-content\/uploads\/2024\/01\/GE-HealthCare-Logo-300x76.jpg 300w, https:\/\/kurse.praenatal-zuerich.ch\/wp-content\/uploads\/2024\/01\/GE-HealthCare-Logo-624x159.jpg 624w\" sizes=\"auto, (max-width: 668px) 100vw, 668px\" \/><\/a><\/figure>\n\n\n\n<p>GE HealthCare entwickelt moderne Ultraschallger\u00e4te, speziell konzipiert und zugeschnitten auf die verschiedensten Einsatzbereiche und klinischen Anwendungen. Ausgestattet mit fortschrittlicher und teilweise KI-basierter Technologie, erm\u00f6glichen unsere Ultraschallsysteme Ihnen eine au\u00dfergew\u00f6hnlich pr\u00e4zise und effiziente Ultraschallbildgebung.&nbsp;<\/p>\n\n\n\n<p><a href=\"https:\/\/gehealthcare-ultrasound.com\/de\/\" target=\"_blank\" rel=\"noreferrer noopener\">Link<\/a> (extern) zur Webseite des Veranstaltungspartner<\/p>\n\n\n\n<figure class=\"wp-block-image size-large is-resized\"><a href=\"https:\/\/salidocteam.ch\"><img loading=\"lazy\" decoding=\"async\" width=\"1024\" height=\"267\" src=\"https:\/\/kurse.praenatal-zuerich.ch\/wp-content\/uploads\/2024\/01\/SaliDocTeam-logo-1024x267.jpg\" alt=\"\" class=\"wp-image-9465\" style=\"width:629px;height:auto\" srcset=\"https:\/\/kurse.praenatal-zuerich.ch\/wp-content\/uploads\/2024\/01\/SaliDocTeam-logo-1024x267.jpg 1024w, https:\/\/kurse.praenatal-zuerich.ch\/wp-content\/uploads\/2024\/01\/SaliDocTeam-logo-300x78.jpg 300w, https:\/\/kurse.praenatal-zuerich.ch\/wp-content\/uploads\/2024\/01\/SaliDocTeam-logo-768x200.jpg 768w, https:\/\/kurse.praenatal-zuerich.ch\/wp-content\/uploads\/2024\/01\/SaliDocTeam-logo-624x163.jpg 624w, https:\/\/kurse.praenatal-zuerich.ch\/wp-content\/uploads\/2024\/01\/SaliDocTeam-logo.jpg 1182w\" sizes=\"auto, (max-width: 1024px) 100vw, 1024px\" \/><\/a><\/figure>\n\n\n\n<p>Unsere Telefonassistenz f\u00fcr Ihre Arztpraxis: Mehr \u00f6konomische Effizienz, mehr Termine, mehr Flexibilit\u00e4t und weniger Hektik. Die Fach-Telefonassistentinnen von SaliDocTeam sind die optimale L\u00f6sung f\u00fcr alle \u00c4rzte, Heilberufe und Kliniken, um die Arbeit jeden Tag effizienter und wirtschaftlicher zu machen. Das Team von medizinischen Fachkr\u00e4ften entlasten Sie mit dem Telefonservice inklusive kostenloser Praxissoftware und einem professionellen Online-Terminbuchungssystem.&nbsp;Wir richten uns nach dem neuen Schweizer Datenschutzgesetz (DSG).<\/p>\n\n\n\n<p><a href=\"https:\/\/salidocteam.ch\" target=\"_blank\" rel=\"noreferrer noopener\">Link<\/a> (extern) zur Webseite des Veranstaltungspartner<\/p>\n\n\n\n<figure class=\"wp-block-image size-large is-resized\"><a href=\"https:\/\/www.nexus-astraia.com\/de\/products\/astraia-software-international\"><img loading=\"lazy\" decoding=\"async\" width=\"1024\" height=\"376\" src=\"https:\/\/kurse.praenatal-zuerich.ch\/wp-content\/uploads\/2024\/01\/nexus-astraia-logo-1024x376.jpg\" alt=\"\" class=\"wp-image-9454\" style=\"width:654px;height:auto\" srcset=\"https:\/\/kurse.praenatal-zuerich.ch\/wp-content\/uploads\/2024\/01\/nexus-astraia-logo-1024x376.jpg 1024w, https:\/\/kurse.praenatal-zuerich.ch\/wp-content\/uploads\/2024\/01\/nexus-astraia-logo-300x110.jpg 300w, https:\/\/kurse.praenatal-zuerich.ch\/wp-content\/uploads\/2024\/01\/nexus-astraia-logo-768x282.jpg 768w, https:\/\/kurse.praenatal-zuerich.ch\/wp-content\/uploads\/2024\/01\/nexus-astraia-logo-1536x564.jpg 1536w, https:\/\/kurse.praenatal-zuerich.ch\/wp-content\/uploads\/2024\/01\/nexus-astraia-logo-2048x752.jpg 2048w, https:\/\/kurse.praenatal-zuerich.ch\/wp-content\/uploads\/2024\/01\/nexus-astraia-logo-624x229.jpg 624w\" sizes=\"auto, (max-width: 1024px) 100vw, 1024px\" \/><\/a><\/figure>\n\n\n\n<p>Mit astraia &#8211; software for women\u2019s health bieten wir unseren internationalen Kunden seit mehr als 20 Jahren Software f\u00fcr die Gyn\u00e4kologie und Geburtshilfe auf h\u00f6chstem Niveau. Wir werden von f\u00fchrenden Experten aus aller Welt unterst\u00fctzt, um eine umfassende, praxisnahe und effiziente Dokumentation der Untersuchungen nach neuesten Erkenntnissen und einheitlicher Terminologie in rund 20 Sprachen zu gew\u00e4hrleisten.<\/p>\n\n\n\n<p><a href=\"https:\/\/www.nexus-astraia.com\/de\/products\/astraia-software-international\" target=\"_blank\" rel=\"noreferrer noopener\">Link<\/a> (extern) zur Webseite des Veranstaltungspartner<\/p>\n\n\n\n<figure class=\"wp-block-image size-full is-resized\"><a href=\"https:\/\/www.swissmedical.net\/de\/spitaeler\/bethanien\"><img loading=\"lazy\" decoding=\"async\" width=\"938\" height=\"338\" src=\"https:\/\/kurse.praenatal-zuerich.ch\/wp-content\/uploads\/2024\/01\/Bethanien-Logo.jpg\" alt=\"\" class=\"wp-image-9360\" style=\"width:655px;height:auto\" srcset=\"https:\/\/kurse.praenatal-zuerich.ch\/wp-content\/uploads\/2024\/01\/Bethanien-Logo.jpg 938w, https:\/\/kurse.praenatal-zuerich.ch\/wp-content\/uploads\/2024\/01\/Bethanien-Logo-300x108.jpg 300w, https:\/\/kurse.praenatal-zuerich.ch\/wp-content\/uploads\/2024\/01\/Bethanien-Logo-768x277.jpg 768w, https:\/\/kurse.praenatal-zuerich.ch\/wp-content\/uploads\/2024\/01\/Bethanien-Logo-624x225.jpg 624w\" sizes=\"auto, (max-width: 938px) 100vw, 938px\" \/><\/a><\/figure>\n\n\n\n<p>Die Privatklinik Bethanien liegt an bevorzugter Lage am Z\u00fcrichberg mit sch\u00f6ner Sicht auf den Z\u00fcrichsee und die Stadt. Auf unsere Erfahrung und Kompetenz k\u00f6nnen Sie sich verlassen. Seit 2010&nbsp;ist die renommierte Klinik mit ihrer \u00fcber&nbsp;110-j\u00e4hrigen Geschichte Teil von Swiss Medical Network. Ihren Aufenthalt gestalten wir professionell und vertrauensw\u00fcrdig nach Ihren W\u00fcnschen. Denn Ihre Gesundheit ist ein kostbares Gut, das uns am Herzen liegt.&nbsp;<\/p>\n\n\n\n<p><a href=\"https:\/\/www.swissmedical.net\/de\/spitaeler\/bethanien\" target=\"_blank\" rel=\"noreferrer noopener\">Link<\/a> (extern) zur Webseite des Veranstaltungspartner<\/p>\n\n\n\n<p><\/p>\n\n\n\n<p><em>Hinweis: F\u00fcr die Information auf dieser Seite sowie f\u00fcr externe Links sind ausschliesslich die Ausstellungspartner verantwortlich.<\/em><\/p>\n\n\n\n<h1 class=\"wp-block-heading\"><strong>M\u00f6chten Sie Aussteller oder Unterst\u00fctzer des Kurses werden? Dann schreiben Sie uns bitte <a href=\"https:\/\/kurse.praenatal-zuerich.ch\/?page_id=1456\" data-type=\"page\" data-id=\"1456\">HIER<\/a>.<\/strong><\/h1>\n","protected":false},"excerpt":{"rendered":"<p>GE HealthCare entwickelt moderne Ultraschallger\u00e4te, speziell konzipiert und zugeschnitten auf die verschiedensten Einsatzbereiche und klinischen Anwendungen. Ausgestattet mit fortschrittlicher und [&hellip;]<\/p>\n","protected":false},"author":1,"featured_media":0,"parent":49,"menu_order":0,"comment_status":"closed","ping_status":"closed","template":"page-templates\/full-width.php","meta":{"site-sidebar-layout":"default","site-content-layout":"","ast-site-content-layout":"default","site-content-style":"default","site-sidebar-style":"default","ast-global-header-display":"","ast-banner-title-visibility":"","ast-main-header-display":"","ast-hfb-above-header-display":"","ast-hfb-below-header-display":"","ast-hfb-mobile-header-display":"","site-post-title":"","ast-breadcrumbs-content":"","ast-featured-img":"","footer-sml-layout":"","ast-disable-related-posts":"","theme-transparent-header-meta":"","adv-header-id-meta":"","stick-header-meta":"","header-above-stick-meta":"","header-main-stick-meta":"","header-below-stick-meta":"","astra-migrate-meta-layouts":"default","ast-page-background-enabled":"default","ast-page-background-meta":{"desktop":{"background-color":"var(--ast-global-color-5)","background-image":"","background-repeat":"repeat","background-position":"center center","background-size":"auto","background-attachment":"scroll","background-type":"","background-media":"","overlay-type":"","overlay-color":"","overlay-opacity":"","overlay-gradient":""},"tablet":{"background-color":"","background-image":"","background-repeat":"repeat","background-position":"center center","background-size":"auto","background-attachment":"scroll","background-type":"","background-media":"","overlay-type":"","overlay-color":"","overlay-opacity":"","overlay-gradient":""},"mobile":{"background-color":"","background-image":"","background-repeat":"repeat","background-position":"center center","background-size":"auto","background-attachment":"scroll","background-type":"","background-media":"","overlay-type":"","overlay-color":"","overlay-opacity":"","overlay-gradient":""}},"ast-content-background-meta":{"desktop":{"background-color":"var(--ast-global-color-4)","background-image":"","background-repeat":"repeat","background-position":"center center","background-size":"auto","background-attachment":"scroll","background-type":"","background-media":"","overlay-type":"","overlay-color":"","overlay-opacity":"","overlay-gradient":""},"tablet":{"background-color":"var(--ast-global-color-4)","background-image":"","background-repeat":"repeat","background-position":"center center","background-size":"auto","background-attachment":"scroll","background-type":"","background-media":"","overlay-type":"","overlay-color":"","overlay-opacity":"","overlay-gradient":""},"mobile":{"background-color":"var(--ast-global-color-4)","background-image":"","background-repeat":"repeat","background-position":"center center","background-size":"auto","background-attachment":"scroll","background-type":"","background-media":"","overlay-type":"","overlay-color":"","overlay-opacity":"","overlay-gradient":""}},"footnotes":""},"class_list":["post-9117","page","type-page","status-publish","hentry"],"_links":{"self":[{"href":"https:\/\/kurse.praenatal-zuerich.ch\/index.php?rest_route=\/wp\/v2\/pages\/9117","targetHints":{"allow":["GET"]}}],"collection":[{"href":"https:\/\/kurse.praenatal-zuerich.ch\/index.php?rest_route=\/wp\/v2\/pages"}],"about":[{"href":"https:\/\/kurse.praenatal-zuerich.ch\/index.php?rest_route=\/wp\/v2\/types\/page"}],"author":[{"embeddable":true,"href":"https:\/\/kurse.praenatal-zuerich.ch\/index.php?rest_route=\/wp\/v2\/users\/1"}],"replies":[{"embeddable":true,"href":"https:\/\/kurse.praenatal-zuerich.ch\/index.php?rest_route=%2Fwp%2Fv2%2Fcomments&post=9117"}],"version-history":[{"count":25,"href":"https:\/\/kurse.praenatal-zuerich.ch\/index.php?rest_route=\/wp\/v2\/pages\/9117\/revisions"}],"predecessor-version":[{"id":9469,"href":"https:\/\/kurse.praenatal-zuerich.ch\/index.php?rest_route=\/wp\/v2\/pages\/9117\/revisions\/9469"}],"up":[{"embeddable":true,"href":"https:\/\/kurse.praenatal-zuerich.ch\/index.php?rest_route=\/wp\/v2\/pages\/49"}],"wp:attachment":[{"href":"https:\/\/kurse.praenatal-zuerich.ch\/index.php?rest_route=%2Fwp%2Fv2%2Fmedia&parent=9117"}],"curies":[{"name":"wp","href":"https:\/\/api.w.org\/{rel}","templated":true}]}}