{"id":9170,"date":"2024-01-05T17:38:41","date_gmt":"2024-01-05T16:38:41","guid":{"rendered":"https:\/\/kurse.praenatal-zuerich.ch\/?page_id=9170"},"modified":"2025-07-06T17:57:57","modified_gmt":"2025-07-06T16:57:57","slug":"veranstaltungspartner-gib","status":"publish","type":"page","link":"https:\/\/kurse.praenatal-zuerich.ch\/?page_id=9170","title":{"rendered":"Veranstaltungspartner GIB 2024"},"content":{"rendered":"\n<p>M\u00f6chten Sie Aussteller oder Unterst\u00fctzer des GIB 2024 werden? Dann schreiben Sie uns bitte <a href=\"https:\/\/kurse.praenatal-zuerich.ch\/?page_id=1456\" data-type=\"page\" data-id=\"1456\">HIER<\/a>.<\/p>\n\n\n\n<h2 class=\"wp-block-heading\">accretio medical<\/h2>\n\n\n\n<figure class=\"wp-block-image size-full is-resized\"><img loading=\"lazy\" decoding=\"async\" width=\"591\" height=\"452\" src=\"https:\/\/kurse.praenatal-zuerich.ch\/wp-content\/uploads\/2024\/02\/accretiologo.jpg\" alt=\"\" class=\"wp-image-9482\" style=\"width:247px;height:auto\" srcset=\"https:\/\/kurse.praenatal-zuerich.ch\/wp-content\/uploads\/2024\/02\/accretiologo.jpg 591w, https:\/\/kurse.praenatal-zuerich.ch\/wp-content\/uploads\/2024\/02\/accretiologo-300x229.jpg 300w\" sizes=\"auto, (max-width: 591px) 100vw, 591px\" \/><\/figure>\n\n\n\n<p>Die&nbsp;accretio medical GmbH&nbsp;mit Sitz am Ammersee ist ein Fachh\u00e4ndler mit Fokus auf den Krei\u00dfsaal und die Geburtshilfe. Zu unserem Portfolio geh\u00f6ren unter anderem das&nbsp;Dilapan-S&nbsp;zur mechanischen Zervixreifung vor der Geburtseinleitung, die&nbsp;OSCA Vakuum-Handpumpe&nbsp;als \u00f6konomische Alternative zur vaginal operativen Entbindung sowie unsere&nbsp;MBU-Sets&nbsp;zur Mikroblutentnahme am fetalen K\u00f6pfchen inklusive der&nbsp;Leucht-Amnioskope&nbsp;f\u00fcr ein sicheres Arbeiten. All unsere Produkte folgen unserem Motto \u201eObstetrics only\u201c. Sprechen Sie gerne unser sympathisches Team mit \u00fcber 50 Jahren Erfahrung im Krei\u00dfsaal-Vertrieb an. Unsere Produkte sind auch in \u00d6sterreich \u00fcber unsere Tochterfirma meddiscount.at erh\u00e4ltlich. Wir w\u00fcnschen Ihnen eine spannende Veranstaltung.<\/p>\n\n\n\n<p><a href=\"https:\/\/accretio-medical.de\/dilapan-s\/\">Link<\/a> (extern) zur Seit des Ausstellers<\/p>\n\n\n\n<h2 class=\"wp-block-heading\">Danone: Fr\u00fchkindliche Ern\u00e4hrung<\/h2>\n\n\n\n<figure class=\"wp-block-image size-large is-resized\"><img loading=\"lazy\" decoding=\"async\" width=\"1024\" height=\"528\" src=\"https:\/\/kurse.praenatal-zuerich.ch\/wp-content\/uploads\/2024\/02\/Danone-Nutricia-Logo-cropped-1024x528.jpg\" alt=\"\" class=\"wp-image-9491\" style=\"width:359px;height:auto\" srcset=\"https:\/\/kurse.praenatal-zuerich.ch\/wp-content\/uploads\/2024\/02\/Danone-Nutricia-Logo-cropped-1024x528.jpg 1024w, https:\/\/kurse.praenatal-zuerich.ch\/wp-content\/uploads\/2024\/02\/Danone-Nutricia-Logo-cropped-300x155.jpg 300w, https:\/\/kurse.praenatal-zuerich.ch\/wp-content\/uploads\/2024\/02\/Danone-Nutricia-Logo-cropped-768x396.jpg 768w, https:\/\/kurse.praenatal-zuerich.ch\/wp-content\/uploads\/2024\/02\/Danone-Nutricia-Logo-cropped-624x322.jpg 624w, https:\/\/kurse.praenatal-zuerich.ch\/wp-content\/uploads\/2024\/02\/Danone-Nutricia-Logo-cropped.jpg 1242w\" sizes=\"auto, (max-width: 1024px) 100vw, 1024px\" \/><\/figure>\n\n\n\n<p>In anspruchsvollen Phasen des Lebens bedarf es manchmal einer speziellen Ern\u00e4hrung. Mit den spezialisierten Produkten begleiten wir Menschen in genau solchen Momenten: Zum Beispiel in den ersten 1.000 Lebenstagen oder in kritischen Abschnitten des Lebens mit besonderen medizinischen Anforderungen. Wir bieten ein breites Portfolio mit mehr als 380 hochspezialisierten Produkten zur fr\u00fchkindlichen und medizinisch enteralen Ern\u00e4hrung an. <\/p>\n\n\n\n<p><a href=\"https:\/\/www.danone.de\/unsere-marken\/fruehkindliche-und-medizinische-ernaehrung.html\">Link<\/a> (extern) zur Seit des Ausstellers<\/p>\n\n\n\n<p>Hipp<\/p>\n\n\n\n<figure class=\"wp-block-image size-large is-resized\"><img loading=\"lazy\" decoding=\"async\" width=\"1024\" height=\"170\" src=\"https:\/\/kurse.praenatal-zuerich.ch\/wp-content\/uploads\/2024\/02\/hipp_dasbeste_4c1-1024x170.jpg\" alt=\"\" class=\"wp-image-9517\" style=\"width:458px;height:auto\" srcset=\"https:\/\/kurse.praenatal-zuerich.ch\/wp-content\/uploads\/2024\/02\/hipp_dasbeste_4c1-1024x170.jpg 1024w, https:\/\/kurse.praenatal-zuerich.ch\/wp-content\/uploads\/2024\/02\/hipp_dasbeste_4c1-300x50.jpg 300w, https:\/\/kurse.praenatal-zuerich.ch\/wp-content\/uploads\/2024\/02\/hipp_dasbeste_4c1-768x127.jpg 768w, https:\/\/kurse.praenatal-zuerich.ch\/wp-content\/uploads\/2024\/02\/hipp_dasbeste_4c1-624x103.jpg 624w, https:\/\/kurse.praenatal-zuerich.ch\/wp-content\/uploads\/2024\/02\/hipp_dasbeste_4c1.jpg 1116w\" sizes=\"auto, (max-width: 1024px) 100vw, 1024px\" \/><\/figure>\n\n\n\n<p>Eine ausgewogene, den individuellen Bed\u00fcrfnissen angepasste Ern\u00e4hrung ist in jeder Lebensphase von grundlegender Bedeutung. Besonders bei Babys und Kleinkindern ist die richtige Nahrung wichtig f\u00fcr eine gesunde Entwicklung. Gerade neugebackene Eltern sind sehr darum besorgt, wie sie ihren Kleinsten die bestm\u00f6gliche Ern\u00e4hrungsweise garantieren k\u00f6nnen. In dieser aufregenden Zeit nehmen wir Ihnen die anstrengende Suche nach der perfekten Babynahrung ab. Somit k\u00f6nnen Sie sich voll und ganz der Zeit mit Ihrem Schatz widmen.<\/p>\n\n\n\n<p><a href=\"http:\/\/www.hipp-fachkreise.de\">Link<\/a> (extern) zur Seite des Aussteller<\/p>\n\n\n\n<h2 class=\"wp-block-heading\">Nestl\u00e9<\/h2>\n\n\n\n<figure class=\"wp-block-image size-full is-resized\"><img loading=\"lazy\" decoding=\"async\" width=\"254\" height=\"66\" src=\"https:\/\/kurse.praenatal-zuerich.ch\/wp-content\/uploads\/2024\/02\/Nestle-finales-Logo-image002.png\" alt=\"\" class=\"wp-image-9540\" style=\"width:443px;height:auto\"\/><\/figure>\n\n\n\n<p>Wir geben t\u00e4glich unser Bestes, um Babys, die nicht gestillt werden k\u00f6nnen, die beste Ern\u00e4hrung f\u00fcr einen gesunden und gl\u00fccklichen Start ins Leben zu schenken. Sie sind der Grund, warum wir seit \u00fcber 155 Jahren unnachgiebig daran forschen, das Wunder Muttermilch immer besser zu entschl\u00fcsseln, um unsere Nahrungen bestm\u00f6glich an dieses Wunder anzupassen. BEBA. Das Beste f\u00fcr Euch.<\/p>\n\n\n\n<p>Weitere wissenschaftliche Informationen finden Sie unter:<br><a href=\"http:\/\/nestlenutrition-institute.org\">Nestl\u00e9 Nutrition Institute<\/a> (nestlenutrition-institute.org, externer Link)<\/p>\n\n\n\n<h2 class=\"wp-block-heading\">Pr\u00e4natal Z\u00fcrich Prof. Tutschek<\/h2>\n\n\n<p><iframe loading=\"lazy\" src=\"https:\/\/player.vimeo.com\/video\/895548396?dnt=1&amp;app_id=122963\" width=\"500\" height=\"281\" frameborder=\"0\" allow=\"autoplay; fullscreen; picture-in-picture; clipboard-write; encrypted-media; web-share\" referrerpolicy=\"strict-origin-when-cross-origin\"><\/iframe><\/p>\n\n\n\n<p>Pr\u00e4natal Z\u00fcrich ist stolzer Veranstaltungspartner des GIB online seit seiner ersten Durchf\u00fchrung. Pr\u00e4natal Z\u00fcrich ist eine geburtshilfliche und gyn\u00e4kologische Praxis unter der Leitung von Herrn Prof.&nbsp;Dr. Boris Tutschek, Facharzt f\u00fcr Gyn\u00e4kologie und Geburtshilfe FMH, Schwerpunkt spezielle Geburtshilfe und fetomaternale Medizin, SGUM-Kursleiter, DEGUM III qualifiziert und ISUOG Fellow. Herr Prof. Dr. Tutschek ist Mitglied der medizinischen Fakult\u00e4t der Heinrich-Heine-Universit\u00e4t D\u00fcsseldorf und akkreditiert in verschiedenen Spit\u00e4lern in Z\u00fcrich sowie und Konsiliararzt f\u00fcr Kolleginnen und Spit\u00e4ler der Region.&nbsp;<\/p>\n\n\n\n<p><a href=\"http:\/\/www.fetal.ch\">Link<\/a> (extern) zur Webseite des Veranstaltungspartner<\/p>\n\n\n\n<p><\/p>\n\n\n\n<h4 class=\"wp-block-heading\">Hinweis: F\u00fcr die Information auf dieser Seite sowie f\u00fcr externe Links sind ausschliesslich die Ausstellungspartner verantwortlich.<\/h4>\n","protected":false},"excerpt":{"rendered":"<p>M\u00f6chten Sie Aussteller oder Unterst\u00fctzer des GIB 2024 werden? Dann schreiben Sie uns bitte HIER. accretio medical Die&nbsp;accretio medical GmbH&nbsp;mit [&hellip;]<\/p>\n","protected":false},"author":1,"featured_media":0,"parent":0,"menu_order":0,"comment_status":"closed","ping_status":"closed","template":"page-templates\/full-width.php","meta":{"site-sidebar-layout":"default","site-content-layout":"","ast-site-content-layout":"default","site-content-style":"default","site-sidebar-style":"default","ast-global-header-display":"","ast-banner-title-visibility":"","ast-main-header-display":"","ast-hfb-above-header-display":"","ast-hfb-below-header-display":"","ast-hfb-mobile-header-display":"","site-post-title":"","ast-breadcrumbs-content":"","ast-featured-img":"","footer-sml-layout":"","ast-disable-related-posts":"","theme-transparent-header-meta":"","adv-header-id-meta":"","stick-header-meta":"","header-above-stick-meta":"","header-main-stick-meta":"","header-below-stick-meta":"","astra-migrate-meta-layouts":"default","ast-page-background-enabled":"default","ast-page-background-meta":{"desktop":{"background-color":"var(--ast-global-color-5)","background-image":"","background-repeat":"repeat","background-position":"center center","background-size":"auto","background-attachment":"scroll","background-type":"","background-media":"","overlay-type":"","overlay-color":"","overlay-opacity":"","overlay-gradient":""},"tablet":{"background-color":"","background-image":"","background-repeat":"repeat","background-position":"center center","background-size":"auto","background-attachment":"scroll","background-type":"","background-media":"","overlay-type":"","overlay-color":"","overlay-opacity":"","overlay-gradient":""},"mobile":{"background-color":"","background-image":"","background-repeat":"repeat","background-position":"center center","background-size":"auto","background-attachment":"scroll","background-type":"","background-media":"","overlay-type":"","overlay-color":"","overlay-opacity":"","overlay-gradient":""}},"ast-content-background-meta":{"desktop":{"background-color":"var(--ast-global-color-4)","background-image":"","background-repeat":"repeat","background-position":"center center","background-size":"auto","background-attachment":"scroll","background-type":"","background-media":"","overlay-type":"","overlay-color":"","overlay-opacity":"","overlay-gradient":""},"tablet":{"background-color":"var(--ast-global-color-4)","background-image":"","background-repeat":"repeat","background-position":"center center","background-size":"auto","background-attachment":"scroll","background-type":"","background-media":"","overlay-type":"","overlay-color":"","overlay-opacity":"","overlay-gradient":""},"mobile":{"background-color":"var(--ast-global-color-4)","background-image":"","background-repeat":"repeat","background-position":"center center","background-size":"auto","background-attachment":"scroll","background-type":"","background-media":"","overlay-type":"","overlay-color":"","overlay-opacity":"","overlay-gradient":""}},"footnotes":""},"class_list":["post-9170","page","type-page","status-publish","hentry"],"_links":{"self":[{"href":"https:\/\/kurse.praenatal-zuerich.ch\/index.php?rest_route=\/wp\/v2\/pages\/9170","targetHints":{"allow":["GET"]}}],"collection":[{"href":"https:\/\/kurse.praenatal-zuerich.ch\/index.php?rest_route=\/wp\/v2\/pages"}],"about":[{"href":"https:\/\/kurse.praenatal-zuerich.ch\/index.php?rest_route=\/wp\/v2\/types\/page"}],"author":[{"embeddable":true,"href":"https:\/\/kurse.praenatal-zuerich.ch\/index.php?rest_route=\/wp\/v2\/users\/1"}],"replies":[{"embeddable":true,"href":"https:\/\/kurse.praenatal-zuerich.ch\/index.php?rest_route=%2Fwp%2Fv2%2Fcomments&post=9170"}],"version-history":[{"count":17,"href":"https:\/\/kurse.praenatal-zuerich.ch\/index.php?rest_route=\/wp\/v2\/pages\/9170\/revisions"}],"predecessor-version":[{"id":13345,"href":"https:\/\/kurse.praenatal-zuerich.ch\/index.php?rest_route=\/wp\/v2\/pages\/9170\/revisions\/13345"}],"wp:attachment":[{"href":"https:\/\/kurse.praenatal-zuerich.ch\/index.php?rest_route=%2Fwp%2Fv2%2Fmedia&parent=9170"}],"curies":[{"name":"wp","href":"https:\/\/api.w.org\/{rel}","templated":true}]}}