{"id":9887,"date":"2024-03-21T05:59:41","date_gmt":"2024-03-21T04:59:41","guid":{"rendered":"https:\/\/kurse.praenatal-zuerich.ch\/?page_id=9887"},"modified":"2024-03-21T09:53:43","modified_gmt":"2024-03-21T08:53:43","slug":"beispiel-ultraschall-zur-beurteilung-des-geburtsfortschritts-russisch","status":"publish","type":"page","link":"https:\/\/kurse.praenatal-zuerich.ch\/?page_id=9887","title":{"rendered":"Beispiel: Ultraschall zur Beurteilung des Geburtsfortschritts RUSSISCH"},"content":{"rendered":"\n<p>Bitte lesen Sie zuerst <a href=\"https:\/\/kurse.praenatal-zuerich.ch\/?page_id=9900\" data-type=\"page\" data-id=\"9900\">hier<\/a>.<\/p>\n\n\n\n<figure class=\"wp-block-embed is-type-video is-provider-vimeo wp-block-embed-vimeo wp-embed-aspect-16-9 wp-has-aspect-ratio\"><div class=\"wp-block-embed__wrapper\">\n<iframe loading=\"lazy\" src=\"https:\/\/player.vimeo.com\/video\/925703739?h=616f8aa245&amp;dnt=1&amp;app_id=122963\" width=\"500\" height=\"281\" frameborder=\"0\" allow=\"autoplay; fullscreen; picture-in-picture; clipboard-write; encrypted-media; web-share\" referrerpolicy=\"strict-origin-when-cross-origin\"><\/iframe>\n<\/div><\/figure>\n\n\n\n<p>\u0414\u0430, \u0434\u043e\u0440\u043e\u0433\u043e\u0439 \u0424\u0440\u0430\u043d\u0446, \u0434\u043e\u0440\u043e\u0433\u0430\u044f \u0418\u0440\u0435\u043d, \u0434\u043e\u0440\u043e\u0433\u043e\u0439 \u0412\u043e\u043b\u044c\u0444\u0433\u0430\u043d\u0433, \u0434\u043e\u0440\u043e\u0433\u043e\u0439 \u041b\u0430\u0440\u0440\u0438, \u0434\u043e\u0440\u043e\u0433\u0438\u0435 \u0432\u0441\u0435, \u044f \u043e\u0447\u0435\u043d\u044c \u0440\u0430\u0434, \u0447\u0442\u043e \u043c\u043e\u0433\u0443 \u0432\u043d\u0435\u0441\u0442\u0438 \u0441\u0432\u043e\u044e \u043b\u0435\u043f\u0442\u0443 \u0432 \u044d\u0442\u0438 \u0437\u0430\u043c\u0435\u0447\u0430\u0442\u0435\u043b\u044c\u043d\u044b\u0435 \u043b\u0435\u043a\u0446\u0438\u0438. \u042f \u0445\u043e\u0442\u0435\u043b \u0431\u044b \u0435\u0449\u0435 \u0440\u0430\u0437 \u043e\u0431\u0440\u0430\u0442\u0438\u0442\u044c \u0432\u0430\u0448\u0435 \u0432\u043d\u0438\u043c\u0430\u043d\u0438\u0435 \u043d\u0430 \u043c\u0430\u0442\u0435\u0440\u0438\u0430\u043b\u044b \u043a\u0443\u0440\u0441\u0430, \u0433\u0434\u0435 \u0432\u044b \u0443\u0436\u0435 \u043c\u043e\u0436\u0435\u0442\u0435 \u043f\u0440\u043e\u0447\u0438\u0442\u0430\u0442\u044c \u0432\u0435\u0440\u0441\u0438\u044e \u044d\u0442\u043e\u0439 \u043b\u0435\u043a\u0446\u0438\u0438 \u043e\u043d\u043b\u0430\u0439\u043d. \u0415\u0441\u0442\u044c \u0435\u0449\u0435 \u0434\u0432\u0435 \u043b\u0435\u043a\u0446\u0438\u0438, \u043a\u043e\u0442\u043e\u0440\u044b\u0435 \u0432\u044b \u043c\u043e\u0436\u0435\u0442\u0435 \u043f\u043e\u0441\u043c\u043e\u0442\u0440\u0435\u0442\u044c \u0432 \u0432\u0438\u0434\u0435 \u0432\u0438\u0434\u0435\u043e. \u041e\u0434\u043d\u0430 \u0438\u0437 \u043d\u0438\u0445 \u043f\u043e\u0441\u0432\u044f\u0449\u0435\u043d\u0430 \u0443\u043b\u044c\u0442\u0440\u0430\u0437\u0432\u0443\u043a\u043e\u0432\u043e\u043c\u0443 \u0438\u0441\u0441\u043b\u0435\u0434\u043e\u0432\u0430\u043d\u0438\u044e \u0434\u043b\u044f \u043e\u0446\u0435\u043d\u043a\u0438 \u0445\u043e\u0434\u0430 \u0440\u043e\u0434\u043e\u0432, \u043e \u043a\u043e\u0442\u043e\u0440\u043e\u043c \u044f \u0445\u043e\u0442\u0435\u043b \u0431\u044b \u0440\u0430\u0441\u0441\u043a\u0430\u0437\u0430\u0442\u044c \u0432 \u0431\u043b\u0438\u0436\u0430\u0439\u0448\u0438\u0435 \u043f\u044f\u0442\u043d\u0430\u0434\u0446\u0430\u0442\u044c \u043c\u0438\u043d\u0443\u0442.<\/p>\n\n\n\n<p>\u042d\u0442\u043e\u0442 \u0430\u043a\u0443\u0448\u0435\u0440 \u0438\u0437 \u0434\u0435\u0432\u044f\u0442\u043d\u0430\u0434\u0446\u0430\u0442\u043e\u0433\u043e \u0432\u0435\u043a\u0430 \u0432 \u043e\u0442\u0447\u0430\u044f\u043d\u0438\u0438. \u041e\u043d \u043f\u0440\u043e\u0432\u043e\u0434\u0438\u0442 \u043e\u0431\u0441\u043b\u0435\u0434\u043e\u0432\u0430\u043d\u0438\u0435, \u043a\u043e\u0442\u043e\u0440\u043e\u0435 \u043d\u0435\u043a\u043e\u043c\u0444\u043e\u0440\u0442\u043d\u043e \u0434\u043b\u044f \u043d\u0435\u0433\u043e \u0438, \u043f\u043e \u043c\u0435\u043d\u044c\u0448\u0435\u0439 \u043c\u0435\u0440\u0435, \u043d\u0435\u043f\u0440\u0438\u044f\u0442\u043d\u043e \u0434\u043b\u044f \u0436\u0435\u043d\u0449\u0438\u043d\u044b. \u041d\u043e \u0435\u043c\u0443 \u043f\u0440\u0438\u0445\u043e\u0434\u0438\u0442\u0441\u044f \u043f\u0440\u0438\u043d\u0438\u043c\u0430\u0442\u044c \u0440\u0435\u0448\u0435\u043d\u0438\u0435, \u043e\u0441\u043d\u043e\u0432\u0430\u043d\u043d\u043e\u0435 \u043d\u0430 \u043d\u0435\u0442\u043e\u0447\u043d\u044b\u0445 \u0434\u0430\u043d\u043d\u044b\u0445, \u0438 \u0432\u044b\u0440\u0430\u0436\u0435\u043d\u0438\u0435 \u0435\u0433\u043e \u043b\u0438\u0446\u0430 \u043e\u0441\u0442\u0430\u0435\u0442\u0441\u044f \u043e\u0442\u043d\u043e\u0441\u0438\u0442\u0435\u043b\u044c\u043d\u043e \u0441\u043f\u043e\u043a\u043e\u0439\u043d\u044b\u043c.<\/p>\n\n\n\n<p>\u0418\u043c\u0435\u043d\u043d\u043e \u0441 \u0442\u0430\u043a\u043e\u0439 \u0441\u0438\u0442\u0443\u0430\u0446\u0438\u0435\u0439 \u043c\u044b \u0441\u0442\u043e\u043b\u043a\u043d\u0443\u043b\u0438\u0441\u044c \u0432 \u0441\u0432\u044f\u0437\u0438 \u0441 \u043f\u043e\u043b\u043e\u0436\u0435\u043d\u0438\u0435\u043c \u043e\u0441\u044c\u043c\u0438\u043d\u043e\u0433\u0430 \u0438 \u0432\u044b\u0441\u043e\u0442\u043e\u0439 \u043d\u0430\u0434 \u0443\u0440\u043e\u0432\u043d\u0435\u043c \u043c\u043e\u0440\u044f \u0432 \u0432\u044b\u0445\u043e\u0434\u043d\u043e\u0439 \u0433\u043e\u0434. \u042d\u0442\u043e \u0431\u044b\u043b\u043e \u0443\u0441\u0442\u0430\u043d\u043e\u0432\u043b\u0435\u043d\u043e \u0432 \u0445\u043e\u0434\u0435 \u0440\u0430\u0431\u043e\u0442\u044b<\/p>\n\n\n\n<h2 class=\"wp-block-heading\">Originalaufnahme<\/h2>\n\n\n\n<figure class=\"wp-block-embed is-type-video is-provider-vimeo wp-block-embed-vimeo wp-embed-aspect-16-9 wp-has-aspect-ratio\"><div class=\"wp-block-embed__wrapper\">\n<iframe loading=\"lazy\" src=\"https:\/\/player.vimeo.com\/video\/758447709?dnt=1&amp;app_id=122963\" width=\"500\" height=\"281\" frameborder=\"0\" allow=\"autoplay; fullscreen; picture-in-picture; clipboard-write; encrypted-media; web-share\" referrerpolicy=\"strict-origin-when-cross-origin\"><\/iframe>\n<\/div><\/figure>\n\n\n\n<p>Ja, lieber Franz, liebe Irene, lieber Wolfgang, Larry, liebe alle, ich freue mich sehr, dass ich im Rahmen dieser exzellenten Vortr\u00e4ge auch ein kleines Sch\u00e4rflein beitragen kann. Ich will Sie noch mal auf die Kursmaterialien hinweisen, da ist auch eine Version dieses Vortrags jetzt schon online zu lesen. Es sind noch zwei weitere Vortr\u00e4ge, auch anzusehen als Videos. Es geht um den Ultraschall zur Beurteilung des Geburtsfortschrittes, \u00fcber den ich jetzt in den n\u00e4chsten f\u00fcnfzehn Minuten referieren m\u00f6chte.<\/p>\n\n\n\n<p>Dieser Geburtshelfer aus dem neunzehnten Jahrhundert ist verzweifelt. Er f\u00fchrt eine Untersuchung durch, die f\u00fcr ihn unbequem und f\u00fcr die Frau mindestens unangenehm ist. Er muss aber eine Entscheidung herbeif\u00fchren, basierend auf ungenauen Daten und daf\u00fcr ist sein Gesichtsausdruck noch relativ entspannt.<\/p>\n\n\n\n<p>Das war die Situation, die wir in Bezug auf die Position des Okziputs und des H\u00f6henstands im Jahr 2004&#8230; <\/p>\n","protected":false},"excerpt":{"rendered":"<p>Bitte lesen Sie zuerst hier. \u0414\u0430, \u0434\u043e\u0440\u043e\u0433\u043e\u0439 \u0424\u0440\u0430\u043d\u0446, \u0434\u043e\u0440\u043e\u0433\u0430\u044f \u0418\u0440\u0435\u043d, \u0434\u043e\u0440\u043e\u0433\u043e\u0439 \u0412\u043e\u043b\u044c\u0444\u0433\u0430\u043d\u0433, \u0434\u043e\u0440\u043e\u0433\u043e\u0439 \u041b\u0430\u0440\u0440\u0438, \u0434\u043e\u0440\u043e\u0433\u0438\u0435 \u0432\u0441\u0435, \u044f \u043e\u0447\u0435\u043d\u044c \u0440\u0430\u0434, \u0447\u0442\u043e [&hellip;]<\/p>\n","protected":false},"author":1,"featured_media":0,"parent":0,"menu_order":0,"comment_status":"closed","ping_status":"closed","template":"page-templates\/full-width.php","meta":{"site-sidebar-layout":"default","site-content-layout":"","ast-site-content-layout":"default","site-content-style":"default","site-sidebar-style":"default","ast-global-header-display":"","ast-banner-title-visibility":"","ast-main-header-display":"","ast-hfb-above-header-display":"","ast-hfb-below-header-display":"","ast-hfb-mobile-header-display":"","site-post-title":"","ast-breadcrumbs-content":"","ast-featured-img":"","footer-sml-layout":"","ast-disable-related-posts":"","theme-transparent-header-meta":"","adv-header-id-meta":"","stick-header-meta":"","header-above-stick-meta":"","header-main-stick-meta":"","header-below-stick-meta":"","astra-migrate-meta-layouts":"default","ast-page-background-enabled":"default","ast-page-background-meta":{"desktop":{"background-color":"var(--ast-global-color-5)","background-image":"","background-repeat":"repeat","background-position":"center center","background-size":"auto","background-attachment":"scroll","background-type":"","background-media":"","overlay-type":"","overlay-color":"","overlay-opacity":"","overlay-gradient":""},"tablet":{"background-color":"","background-image":"","background-repeat":"repeat","background-position":"center center","background-size":"auto","background-attachment":"scroll","background-type":"","background-media":"","overlay-type":"","overlay-color":"","overlay-opacity":"","overlay-gradient":""},"mobile":{"background-color":"","background-image":"","background-repeat":"repeat","background-position":"center center","background-size":"auto","background-attachment":"scroll","background-type":"","background-media":"","overlay-type":"","overlay-color":"","overlay-opacity":"","overlay-gradient":""}},"ast-content-background-meta":{"desktop":{"background-color":"var(--ast-global-color-4)","background-image":"","background-repeat":"repeat","background-position":"center center","background-size":"auto","background-attachment":"scroll","background-type":"","background-media":"","overlay-type":"","overlay-color":"","overlay-opacity":"","overlay-gradient":""},"tablet":{"background-color":"var(--ast-global-color-4)","background-image":"","background-repeat":"repeat","background-position":"center center","background-size":"auto","background-attachment":"scroll","background-type":"","background-media":"","overlay-type":"","overlay-color":"","overlay-opacity":"","overlay-gradient":""},"mobile":{"background-color":"var(--ast-global-color-4)","background-image":"","background-repeat":"repeat","background-position":"center center","background-size":"auto","background-attachment":"scroll","background-type":"","background-media":"","overlay-type":"","overlay-color":"","overlay-opacity":"","overlay-gradient":""}},"footnotes":""},"class_list":["post-9887","page","type-page","status-publish","hentry"],"_links":{"self":[{"href":"https:\/\/kurse.praenatal-zuerich.ch\/index.php?rest_route=\/wp\/v2\/pages\/9887","targetHints":{"allow":["GET"]}}],"collection":[{"href":"https:\/\/kurse.praenatal-zuerich.ch\/index.php?rest_route=\/wp\/v2\/pages"}],"about":[{"href":"https:\/\/kurse.praenatal-zuerich.ch\/index.php?rest_route=\/wp\/v2\/types\/page"}],"author":[{"embeddable":true,"href":"https:\/\/kurse.praenatal-zuerich.ch\/index.php?rest_route=\/wp\/v2\/users\/1"}],"replies":[{"embeddable":true,"href":"https:\/\/kurse.praenatal-zuerich.ch\/index.php?rest_route=%2Fwp%2Fv2%2Fcomments&post=9887"}],"version-history":[{"count":3,"href":"https:\/\/kurse.praenatal-zuerich.ch\/index.php?rest_route=\/wp\/v2\/pages\/9887\/revisions"}],"predecessor-version":[{"id":9903,"href":"https:\/\/kurse.praenatal-zuerich.ch\/index.php?rest_route=\/wp\/v2\/pages\/9887\/revisions\/9903"}],"wp:attachment":[{"href":"https:\/\/kurse.praenatal-zuerich.ch\/index.php?rest_route=%2Fwp%2Fv2%2Fmedia&parent=9887"}],"curies":[{"name":"wp","href":"https:\/\/api.w.org\/{rel}","templated":true}]}}