{"id":9892,"date":"2024-03-21T09:01:51","date_gmt":"2024-03-21T08:01:51","guid":{"rendered":"https:\/\/kurse.praenatal-zuerich.ch\/?page_id=9892"},"modified":"2024-03-21T09:53:18","modified_gmt":"2024-03-21T08:53:18","slug":"beispiel-ultraschall-zur-beurteilung-des-geburtsfortschritts-tuerkisch","status":"publish","type":"page","link":"https:\/\/kurse.praenatal-zuerich.ch\/?page_id=9892","title":{"rendered":"Beispiel: Ultraschall zur Beurteilung des Geburtsfortschritts T\u00dcRKISCH"},"content":{"rendered":"\n<p>Bitte lesen Sie zuerst <a href=\"https:\/\/kurse.praenatal-zuerich.ch\/?page_id=9900\" data-type=\"page\" data-id=\"9900\">hier<\/a>.<\/p>\n\n\n\n<figure class=\"wp-block-embed is-type-video is-provider-vimeo wp-block-embed-vimeo wp-embed-aspect-16-9 wp-has-aspect-ratio\"><div class=\"wp-block-embed__wrapper\">\n<iframe loading=\"lazy\" src=\"https:\/\/player.vimeo.com\/video\/925741800?h=616ea9c054&amp;dnt=1&amp;app_id=122963\" width=\"500\" height=\"281\" frameborder=\"0\" allow=\"autoplay; fullscreen; picture-in-picture; clipboard-write; encrypted-media; web-share\" referrerpolicy=\"strict-origin-when-cross-origin\"><\/iframe>\n<\/div><\/figure>\n\n\n\n<p>Evet, sevgili Franz, sevgili Irene, sevgili Wolfgang, sevgili Larry, sevgili herkes, bu m\u00fckemmel derslerin bir par\u00e7as\u0131 olarak k\u00fc\u00e7\u00fck bir katk\u0131da bulunabildi\u011fim i\u00e7in \u00e7ok mutluyum. Dikkatinizi bir kez daha bu dersin bir versiyonunu online olarak okuyabilece\u011finiz kurs materyallerine \u00e7ekmek istiyorum. Video olarak izleyebilece\u011finiz iki ders daha var. Bunlardan biri, \u00f6n\u00fcm\u00fczdeki on be\u015f dakika i\u00e7inde bahsetmek istedi\u011fim, do\u011fumun ilerleyi\u015fini de\u011ferlendirmek i\u00e7in ultrasonla ilgili.<\/p>\n\n\n\n<p>On dokuzuncu y\u00fczy\u0131ldan kalma bu kad\u0131n do\u011fum uzman\u0131 \u00e7aresiz durumda. Kendisi i\u00e7in rahats\u0131z edici ve kad\u0131n i\u00e7in de en az\u0131ndan ho\u015f olmayan bir muayene ger\u00e7ekle\u015ftiriyor. Ancak yanl\u0131\u015f verilere dayanarak bir karar vermek zorunda ve y\u00fcz ifadesi hala nispeten rahat.<\/p>\n\n\n\n<p>Ahtapotun konumu ve kapal\u0131 y\u0131ldaki rak\u0131mla ilgili olarak kar\u015f\u0131la\u015ft\u0131\u011f\u0131m\u0131z durum buydu. Bu, \u00e7al\u0131\u015fmadan elde edildi<\/p>\n\n\n\n<h2 class=\"wp-block-heading\">Originalaufnahme<\/h2>\n\n\n\n<figure class=\"wp-block-embed is-type-video is-provider-vimeo wp-block-embed-vimeo wp-embed-aspect-16-9 wp-has-aspect-ratio\"><div class=\"wp-block-embed__wrapper\">\n<iframe loading=\"lazy\" src=\"https:\/\/player.vimeo.com\/video\/758447709?dnt=1&amp;app_id=122963\" width=\"500\" height=\"281\" frameborder=\"0\" allow=\"autoplay; fullscreen; picture-in-picture; clipboard-write; encrypted-media; web-share\" referrerpolicy=\"strict-origin-when-cross-origin\"><\/iframe>\n<\/div><\/figure>\n\n\n\n<p>Ja, lieber Franz, liebe Irene, lieber Wolfgang, Larry, liebe alle, ich freue mich sehr, dass ich im Rahmen dieser exzellenten Vortr\u00e4ge auch ein kleines Sch\u00e4rflein beitragen kann. Ich will Sie noch mal auf die Kursmaterialien hinweisen, da ist auch eine Version dieses Vortrags jetzt schon online zu lesen. Es sind noch zwei weitere Vortr\u00e4ge, auch anzusehen als Videos. Es geht um den Ultraschall zur Beurteilung des Geburtsfortschrittes, \u00fcber den ich jetzt in den n\u00e4chsten f\u00fcnfzehn Minuten referieren m\u00f6chte.<\/p>\n\n\n\n<p>Dieser Geburtshelfer aus dem neunzehnten Jahrhundert ist verzweifelt. Er f\u00fchrt eine Untersuchung durch, die f\u00fcr ihn unbequem und f\u00fcr die Frau mindestens unangenehm ist. Er muss aber eine Entscheidung herbeif\u00fchren, basierend auf ungenauen Daten und daf\u00fcr ist sein Gesichtsausdruck noch relativ entspannt.<\/p>\n\n\n\n<p>Das war die Situation, die wir in Bezug auf die Position des Okziputs und des H\u00f6henstands im Jahr 2004&#8230; <\/p>\n","protected":false},"excerpt":{"rendered":"<p>Bitte lesen Sie zuerst hier. Evet, sevgili Franz, sevgili Irene, sevgili Wolfgang, sevgili Larry, sevgili herkes, bu m\u00fckemmel derslerin bir [&hellip;]<\/p>\n","protected":false},"author":1,"featured_media":0,"parent":0,"menu_order":0,"comment_status":"closed","ping_status":"closed","template":"page-templates\/full-width.php","meta":{"site-sidebar-layout":"default","site-content-layout":"","ast-site-content-layout":"default","site-content-style":"default","site-sidebar-style":"default","ast-global-header-display":"","ast-banner-title-visibility":"","ast-main-header-display":"","ast-hfb-above-header-display":"","ast-hfb-below-header-display":"","ast-hfb-mobile-header-display":"","site-post-title":"","ast-breadcrumbs-content":"","ast-featured-img":"","footer-sml-layout":"","ast-disable-related-posts":"","theme-transparent-header-meta":"","adv-header-id-meta":"","stick-header-meta":"","header-above-stick-meta":"","header-main-stick-meta":"","header-below-stick-meta":"","astra-migrate-meta-layouts":"default","ast-page-background-enabled":"default","ast-page-background-meta":{"desktop":{"background-color":"var(--ast-global-color-5)","background-image":"","background-repeat":"repeat","background-position":"center center","background-size":"auto","background-attachment":"scroll","background-type":"","background-media":"","overlay-type":"","overlay-color":"","overlay-opacity":"","overlay-gradient":""},"tablet":{"background-color":"","background-image":"","background-repeat":"repeat","background-position":"center center","background-size":"auto","background-attachment":"scroll","background-type":"","background-media":"","overlay-type":"","overlay-color":"","overlay-opacity":"","overlay-gradient":""},"mobile":{"background-color":"","background-image":"","background-repeat":"repeat","background-position":"center center","background-size":"auto","background-attachment":"scroll","background-type":"","background-media":"","overlay-type":"","overlay-color":"","overlay-opacity":"","overlay-gradient":""}},"ast-content-background-meta":{"desktop":{"background-color":"var(--ast-global-color-4)","background-image":"","background-repeat":"repeat","background-position":"center center","background-size":"auto","background-attachment":"scroll","background-type":"","background-media":"","overlay-type":"","overlay-color":"","overlay-opacity":"","overlay-gradient":""},"tablet":{"background-color":"var(--ast-global-color-4)","background-image":"","background-repeat":"repeat","background-position":"center center","background-size":"auto","background-attachment":"scroll","background-type":"","background-media":"","overlay-type":"","overlay-color":"","overlay-opacity":"","overlay-gradient":""},"mobile":{"background-color":"var(--ast-global-color-4)","background-image":"","background-repeat":"repeat","background-position":"center center","background-size":"auto","background-attachment":"scroll","background-type":"","background-media":"","overlay-type":"","overlay-color":"","overlay-opacity":"","overlay-gradient":""}},"footnotes":""},"class_list":["post-9892","page","type-page","status-publish","hentry"],"_links":{"self":[{"href":"https:\/\/kurse.praenatal-zuerich.ch\/index.php?rest_route=\/wp\/v2\/pages\/9892","targetHints":{"allow":["GET"]}}],"collection":[{"href":"https:\/\/kurse.praenatal-zuerich.ch\/index.php?rest_route=\/wp\/v2\/pages"}],"about":[{"href":"https:\/\/kurse.praenatal-zuerich.ch\/index.php?rest_route=\/wp\/v2\/types\/page"}],"author":[{"embeddable":true,"href":"https:\/\/kurse.praenatal-zuerich.ch\/index.php?rest_route=\/wp\/v2\/users\/1"}],"replies":[{"embeddable":true,"href":"https:\/\/kurse.praenatal-zuerich.ch\/index.php?rest_route=%2Fwp%2Fv2%2Fcomments&post=9892"}],"version-history":[{"count":3,"href":"https:\/\/kurse.praenatal-zuerich.ch\/index.php?rest_route=\/wp\/v2\/pages\/9892\/revisions"}],"predecessor-version":[{"id":9902,"href":"https:\/\/kurse.praenatal-zuerich.ch\/index.php?rest_route=\/wp\/v2\/pages\/9892\/revisions\/9902"}],"wp:attachment":[{"href":"https:\/\/kurse.praenatal-zuerich.ch\/index.php?rest_route=%2Fwp%2Fv2%2Fmedia&parent=9892"}],"curies":[{"name":"wp","href":"https:\/\/api.w.org\/{rel}","templated":true}]}}